{"id":7861,"date":[],"date_gmt":"2021-08-05T10:19:17","guid":{"rendered":"https:\/\/www.associazioneletteraltura.com\/?post_type=product&#038;p=7861"},"modified":"2021-09-24T12:29:04","modified_gmt":"2021-09-24T12:29:04","slug":"alessandro-donati","status":"publish","type":"product","link":"https:\/\/www.associazioneletteraltura.com\/en\/product\/alessandro-donati\/","title":{"rendered":"Alessandro Donati"},"content":{"rendered":"","protected":false},"excerpt":{"rendered":"<h4>Venerd\u00ec 24 settembre alle ore 15.45 <b>Alessandro Donati<\/b>, simbolo mondiale della lotta contro il doping e allenatore di atletica leggera, intratterr\u00e0 il pubblico di LetterAltura partendo dal suo <em>I signori del doping. Il sistema sportivo corrotto contro Alex Schwazer<\/em>.<\/h4>\n<blockquote><p>Il pi\u00f9 clamoroso scandalo sportivo degli ultimi anni raccontato con rigore e passione. Un documento unico per capire il nostro tempo e le sue pericolose e spietate storture.<\/p><\/blockquote>\n<p>\u00abBuonasera professore, oggi con i giornalisti si \u00e8 parlato di un mio ritorno alle gare. Vorrei fare una cosa mai vista prima a livello di antidoping. E la prima persona che mi viene in mente \u00e8 lei.\u00bb A scrivere questo messaggio, nel novembre 2014, \u00e8 Alex Schwazer, gi\u00e0 Oro olimpico nella 50km di marcia a Pechino 2008 e poi squalificato per doping poco prima di Londra 2012. Il destinatario \u00e8 Alessandro Donati, uno dei migliori allenatori di atletica al mondo ma, ancor di pi\u00f9, simbolo internazionale (scomodo) della battaglia contro l\u2019uso del doping. Lo stesso Donati che, nel 2012, aveva fatto partire la segnalazione in seguito alla quale Schwazer era stato squalificato.<br \/>\nInizia cos\u00ec quella che dovrebbe essere una storia positiva: un atleta che \u201csi redime\u201d e torna a praticare sport pulito, e un allenatore integerrimo. Ma non siamo in un mondo ideale. Al contrario, profondamente corrotto, dominato da istituzioni \u2013 federazioni sportive e organizzazioni nominalmente preposte all\u2019antidoping \u2013 marce in tutti i loro gangli. Sono coloro che Donati definisce \u201ci Signori del doping\u201d perch\u00e9, operando in condizioni di strapotere e immunit\u00e0, da anni hanno instaurato un sistema di ricatti e corruttela, anzich\u00e9 svolgere il ruolo a cui sarebbero preposti: garantire lo sport pulito.<br \/>\nCos\u00ec, fin dal principio, il percorso di Schwazer e Donati si trasforma nell\u2019incubo e nella persecuzione che vengono ricostruiti con ricchissima documentazione in questo libro che ha un ritmo serrato da spy-story. \u00c8 la realt\u00e0 che supera la fantasia: un vile e sporco agguato che fa saltare ad Alex l\u2019Olimpiade di Rio 2016, e poi falsificazione di provette, menzogne su menzogne e un intrigo internazionale che porta fino in Russia per un \u201cgiro d\u2019affari\u201d stellare. E, alla fine, l\u2019innocenza di Alex viene riconosciuta dalla giustizia ordinaria \u2013 la Procura di Bolzano \u2013 ma non dalla<br \/>\n\u201cgiustizia sportiva\u201d! Ma qual \u00e8 il senso di tutto ci\u00f2? Perch\u00e9 distruggere uno degli atleti pi\u00f9 promettenti che l\u2019Italia abbia avuto negli ultimi anni e il suo eccellente allenatore? Lo si scopre leggendo questo libro importantissimo che affonda il colpo nel sistema sportivo internazionale e, come scrive Attilio Bolzoni nella Prefazione, \u00ab\u00e8 saggio, \u00e8 narrazione, \u00e8 atto di accusa ma soprattutto \u00e8 l\u2019eredit\u00e0 preziosa che ci lascia uno dei grandi personaggi dello Sport contemporaneo.<br \/>\nLa spaventosa storia di Alex Schwazer, il testamento di Sandro Donati\u00bb.<\/p>\n<p><strong>ALESSANDRO DONATI<\/strong> (Monte Porzio Catone, RM, 1947), Maestro dello Sport specializzato nell\u2019atletica, \u00e8 il simbolo mondiale della lotta contro il doping. Nella sua vita interamente dedicata a seguire e far crescere gli atleti ai massimi livelli, si \u00e8 spesso trovato a pagare lo scotto delle proprie denunce scomode, come quando, dopo 10 anni da allenatore della Nazionale italiana di atletica leggera, nel 1987 fu sollevato dall\u2019incarico perch\u00e9, ai Campionati del Mondo a Roma, smascher\u00f2 la frode in Mondovisione del salto in lungo truccato per far vincere l\u2019oro a Giovanni Evangelisti, totalmente all\u2019oscuro della combine.<br \/>\nNegli anni la sua attivit\u00e0 in nome di uno sport pulito \u2013 condotta sempre con profonda passione e spirito etico \u2013 \u00e8 stata intensa. \u00c8 autore di diversi libri di denuncia sul fenomeno del doping e sul malaffare che lo circonda, fra cui ricordiamo in particolare il bestseller <em>Lo sport del doping<\/em> (Gruppo Abele, 2012). Nel 2015 inizi\u00f2 ad allenare<br \/>\nAlex Schwazer con cui sta tuttora vivendo la scandalosa vicenda di persecuzione e ingiustizia che racconta in questo libro.<\/p>","protected":false},"featured_media":7923,"template":"","meta":{"_acf_changed":false,"pgc_meta":"","iawp_total_views":36},"class_list":["post-7861","product","type-product","status-publish","has-post-thumbnail","hentry","product_cat-evento-festival"],"acf":[],"yoast_head":"<!-- This site is optimized with the Yoast SEO plugin v27.2 - https:\/\/yoast.com\/product\/yoast-seo-wordpress\/ -->\n<title>Alessandro Donati - Lago Maggiore LetterAltura<\/title>\n<meta name=\"description\" content=\"Dal 24 settembre al via il Festival Lago Maggiore 2025 dal tema Mutamenti.\" \/>\n<meta name=\"robots\" content=\"index, follow, max-snippet:-1, max-image-preview:large, max-video-preview:-1\" \/>\n<link rel=\"canonical\" href=\"https:\/\/www.associazioneletteraltura.com\/en\/product\/alessandro-donati\/\" \/>\n<meta property=\"og:locale\" content=\"en_GB\" \/>\n<meta property=\"og:type\" content=\"article\" \/>\n<meta property=\"og:title\" content=\"Alessandro Donati - Lago Maggiore LetterAltura\" \/>\n<meta property=\"og:description\" content=\"Dal 24 settembre al via il Festival Lago Maggiore 2025 dal tema Mutamenti.\" \/>\n<meta property=\"og:url\" content=\"https:\/\/www.associazioneletteraltura.com\/en\/product\/alessandro-donati\/\" \/>\n<meta property=\"og:site_name\" content=\"Lago Maggiore LetterAltura\" \/>\n<meta property=\"article:publisher\" content=\"https:\/\/www.facebook.com\/letteraltura\" \/>\n<meta property=\"article:modified_time\" content=\"2021-09-24T12:29:04+00:00\" \/>\n<meta property=\"og:image\" content=\"https:\/\/www.associazioneletteraltura.com\/wp-content\/uploads\/2021\/08\/Alessandro-Donati.jpg\" \/>\n\t<meta property=\"og:image:width\" content=\"1920\" \/>\n\t<meta property=\"og:image:height\" content=\"896\" \/>\n\t<meta property=\"og:image:type\" content=\"image\/jpeg\" \/>\n<meta name=\"twitter:card\" content=\"summary_large_image\" \/>\n<script type=\"application\/ld+json\" class=\"yoast-schema-graph\">{\"@context\":\"https:\/\/schema.org\",\"@graph\":[{\"@type\":\"WebPage\",\"@id\":\"https:\/\/www.associazioneletteraltura.com\/prodotto\/alessandro-donati\/\",\"url\":\"https:\/\/www.associazioneletteraltura.com\/prodotto\/alessandro-donati\/\",\"name\":\"Alessandro Donati - Lago Maggiore LetterAltura\",\"isPartOf\":{\"@id\":\"https:\/\/www.associazioneletteraltura.com\/#website\"},\"primaryImageOfPage\":{\"@id\":\"https:\/\/www.associazioneletteraltura.com\/prodotto\/alessandro-donati\/#primaryimage\"},\"image\":{\"@id\":\"https:\/\/www.associazioneletteraltura.com\/prodotto\/alessandro-donati\/#primaryimage\"},\"thumbnailUrl\":\"https:\/\/www.associazioneletteraltura.com\/wp-content\/uploads\/2021\/08\/Alessandro-Donati.jpg\",\"datePublished\":\"2021-08-05T10:19:17+00:00\",\"dateModified\":\"2021-09-24T12:29:04+00:00\",\"description\":\"Dal 24 settembre al via il Festival Lago Maggiore 2025 dal tema Mutamenti.\",\"breadcrumb\":{\"@id\":\"https:\/\/www.associazioneletteraltura.com\/prodotto\/alessandro-donati\/#breadcrumb\"},\"inLanguage\":\"en-GB\",\"potentialAction\":[{\"@type\":\"ReadAction\",\"target\":[\"https:\/\/www.associazioneletteraltura.com\/prodotto\/alessandro-donati\/\"]}]},{\"@type\":\"ImageObject\",\"inLanguage\":\"en-GB\",\"@id\":\"https:\/\/www.associazioneletteraltura.com\/prodotto\/alessandro-donati\/#primaryimage\",\"url\":\"https:\/\/www.associazioneletteraltura.com\/wp-content\/uploads\/2021\/08\/Alessandro-Donati.jpg\",\"contentUrl\":\"https:\/\/www.associazioneletteraltura.com\/wp-content\/uploads\/2021\/08\/Alessandro-Donati.jpg\",\"width\":1600,\"height\":747},{\"@type\":\"BreadcrumbList\",\"@id\":\"https:\/\/www.associazioneletteraltura.com\/prodotto\/alessandro-donati\/#breadcrumb\",\"itemListElement\":[{\"@type\":\"ListItem\",\"position\":1,\"name\":\"Home\",\"item\":\"https:\/\/www.associazioneletteraltura.com\/\"},{\"@type\":\"ListItem\",\"position\":2,\"name\":\"Shop\",\"item\":\"https:\/\/www.associazioneletteraltura.com\/negozio\/\"},{\"@type\":\"ListItem\",\"position\":3,\"name\":\"Alessandro Donati\"}]},{\"@type\":\"WebSite\",\"@id\":\"https:\/\/www.associazioneletteraltura.com\/#website\",\"url\":\"https:\/\/www.associazioneletteraltura.com\/\",\"name\":\"Lago Maggiore LetterAltura\",\"description\":\"Festival di letteratura di montagna, viaggio, avventura\",\"publisher\":{\"@id\":\"https:\/\/www.associazioneletteraltura.com\/#organization\"},\"potentialAction\":[{\"@type\":\"SearchAction\",\"target\":{\"@type\":\"EntryPoint\",\"urlTemplate\":\"https:\/\/www.associazioneletteraltura.com\/?s={search_term_string}\"},\"query-input\":{\"@type\":\"PropertyValueSpecification\",\"valueRequired\":true,\"valueName\":\"search_term_string\"}}],\"inLanguage\":\"en-GB\"},{\"@type\":\"Organization\",\"@id\":\"https:\/\/www.associazioneletteraltura.com\/#organization\",\"name\":\"Associazione Letteraltura\",\"url\":\"https:\/\/www.associazioneletteraltura.com\/\",\"logo\":{\"@type\":\"ImageObject\",\"inLanguage\":\"en-GB\",\"@id\":\"https:\/\/www.associazioneletteraltura.com\/#\/schema\/logo\/image\/\",\"url\":\"https:\/\/www.associazioneletteraltura.com\/wp-content\/uploads\/2021\/07\/Logo-Letteraltura.png\",\"contentUrl\":\"https:\/\/www.associazioneletteraltura.com\/wp-content\/uploads\/2021\/07\/Logo-Letteraltura.png\",\"width\":574,\"height\":638,\"caption\":\"Associazione Letteraltura\"},\"image\":{\"@id\":\"https:\/\/www.associazioneletteraltura.com\/#\/schema\/logo\/image\/\"},\"sameAs\":[\"https:\/\/www.facebook.com\/letteraltura\",\"https:\/\/www.instagram.com\/letteraltura\/\",\"https:\/\/www.youtube.com\/channel\/UC5lvGPMQnpDPQ5stsVk2x6w\"]}]}<\/script>\n<!-- \/ Yoast SEO plugin. -->","yoast_head_json":{"title":"Alessandro Donati - Lago Maggiore LetterAltura","description":"Dal 24 settembre al via il Festival Lago Maggiore 2025 dal tema Mutamenti.","robots":{"index":"index","follow":"follow","max-snippet":"max-snippet:-1","max-image-preview":"max-image-preview:large","max-video-preview":"max-video-preview:-1"},"canonical":"https:\/\/www.associazioneletteraltura.com\/en\/product\/alessandro-donati\/","og_locale":"en_GB","og_type":"article","og_title":"Alessandro Donati - Lago Maggiore LetterAltura","og_description":"Dal 24 settembre al via il Festival Lago Maggiore 2025 dal tema Mutamenti.","og_url":"https:\/\/www.associazioneletteraltura.com\/en\/product\/alessandro-donati\/","og_site_name":"Lago Maggiore LetterAltura","article_publisher":"https:\/\/www.facebook.com\/letteraltura","article_modified_time":"2021-09-24T12:29:04+00:00","og_image":[{"width":1920,"height":896,"url":"https:\/\/www.associazioneletteraltura.com\/wp-content\/uploads\/2021\/08\/Alessandro-Donati.jpg","type":"image\/jpeg"}],"twitter_card":"summary_large_image","schema":{"@context":"https:\/\/schema.org","@graph":[{"@type":"WebPage","@id":"https:\/\/www.associazioneletteraltura.com\/prodotto\/alessandro-donati\/","url":"https:\/\/www.associazioneletteraltura.com\/prodotto\/alessandro-donati\/","name":"Alessandro Donati - Lago Maggiore LetterAltura","isPartOf":{"@id":"https:\/\/www.associazioneletteraltura.com\/#website"},"primaryImageOfPage":{"@id":"https:\/\/www.associazioneletteraltura.com\/prodotto\/alessandro-donati\/#primaryimage"},"image":{"@id":"https:\/\/www.associazioneletteraltura.com\/prodotto\/alessandro-donati\/#primaryimage"},"thumbnailUrl":"https:\/\/www.associazioneletteraltura.com\/wp-content\/uploads\/2021\/08\/Alessandro-Donati.jpg","datePublished":"2021-08-05T10:19:17+00:00","dateModified":"2021-09-24T12:29:04+00:00","description":"Dal 24 settembre al via il Festival Lago Maggiore 2025 dal tema Mutamenti.","breadcrumb":{"@id":"https:\/\/www.associazioneletteraltura.com\/prodotto\/alessandro-donati\/#breadcrumb"},"inLanguage":"en-GB","potentialAction":[{"@type":"ReadAction","target":["https:\/\/www.associazioneletteraltura.com\/prodotto\/alessandro-donati\/"]}]},{"@type":"ImageObject","inLanguage":"en-GB","@id":"https:\/\/www.associazioneletteraltura.com\/prodotto\/alessandro-donati\/#primaryimage","url":"https:\/\/www.associazioneletteraltura.com\/wp-content\/uploads\/2021\/08\/Alessandro-Donati.jpg","contentUrl":"https:\/\/www.associazioneletteraltura.com\/wp-content\/uploads\/2021\/08\/Alessandro-Donati.jpg","width":1600,"height":747},{"@type":"BreadcrumbList","@id":"https:\/\/www.associazioneletteraltura.com\/prodotto\/alessandro-donati\/#breadcrumb","itemListElement":[{"@type":"ListItem","position":1,"name":"Home","item":"https:\/\/www.associazioneletteraltura.com\/"},{"@type":"ListItem","position":2,"name":"Shop","item":"https:\/\/www.associazioneletteraltura.com\/negozio\/"},{"@type":"ListItem","position":3,"name":"Alessandro Donati"}]},{"@type":"WebSite","@id":"https:\/\/www.associazioneletteraltura.com\/#website","url":"https:\/\/www.associazioneletteraltura.com\/","name":"Lago Maggiore LetterAltura","description":"Festival di letteratura di montagna, viaggio, avventura","publisher":{"@id":"https:\/\/www.associazioneletteraltura.com\/#organization"},"potentialAction":[{"@type":"SearchAction","target":{"@type":"EntryPoint","urlTemplate":"https:\/\/www.associazioneletteraltura.com\/?s={search_term_string}"},"query-input":{"@type":"PropertyValueSpecification","valueRequired":true,"valueName":"search_term_string"}}],"inLanguage":"en-GB"},{"@type":"Organization","@id":"https:\/\/www.associazioneletteraltura.com\/#organization","name":"Associazione Letteraltura","url":"https:\/\/www.associazioneletteraltura.com\/","logo":{"@type":"ImageObject","inLanguage":"en-GB","@id":"https:\/\/www.associazioneletteraltura.com\/#\/schema\/logo\/image\/","url":"https:\/\/www.associazioneletteraltura.com\/wp-content\/uploads\/2021\/07\/Logo-Letteraltura.png","contentUrl":"https:\/\/www.associazioneletteraltura.com\/wp-content\/uploads\/2021\/07\/Logo-Letteraltura.png","width":574,"height":638,"caption":"Associazione Letteraltura"},"image":{"@id":"https:\/\/www.associazioneletteraltura.com\/#\/schema\/logo\/image\/"},"sameAs":["https:\/\/www.facebook.com\/letteraltura","https:\/\/www.instagram.com\/letteraltura\/","https:\/\/www.youtube.com\/channel\/UC5lvGPMQnpDPQ5stsVk2x6w"]}]}},"jetpack_sharing_enabled":true,"_links":{"self":[{"href":"https:\/\/www.associazioneletteraltura.com\/en\/wp-json\/wp\/v2\/product\/7861","targetHints":{"allow":["GET"]}}],"collection":[{"href":"https:\/\/www.associazioneletteraltura.com\/en\/wp-json\/wp\/v2\/product"}],"about":[{"href":"https:\/\/www.associazioneletteraltura.com\/en\/wp-json\/wp\/v2\/types\/product"}],"wp:featuredmedia":[{"embeddable":true,"href":"https:\/\/www.associazioneletteraltura.com\/en\/wp-json\/wp\/v2\/media\/7923"}],"wp:attachment":[{"href":"https:\/\/www.associazioneletteraltura.com\/en\/wp-json\/wp\/v2\/media?parent=7861"}],"wp:term":[{"taxonomy":"date","embeddable":true,"href":"https:\/\/www.associazioneletteraltura.com\/en\/wp-json\/wp\/v2\/date?post=7861"}],"curies":[{"name":"wp","href":"https:\/\/api.w.org\/{rel}","templated":true}]}}