{"id":7383,"date":[],"date_gmt":"2021-07-25T12:19:05","guid":{"rendered":"https:\/\/www.associazioneletteraltura.com\/?post_type=product&#038;p=7383"},"modified":"2023-09-07T14:47:31","modified_gmt":"2023-09-07T14:47:31","slug":"aspettando-il-festival-la-bicicletta-verde","status":"publish","type":"product","link":"https:\/\/www.associazioneletteraltura.com\/en\/product\/aspettando-il-festival-la-bicicletta-verde\/","title":{"rendered":"Aspettando il Festival &#8211; La bicicletta verde"},"content":{"rendered":"","protected":false},"excerpt":{"rendered":"<h4>Per l&#8217;anteprima cinematografica di <em><strong>Aspettando il Festival<\/strong><\/em>, mercoled\u00ec 25 agosto alle ore 21 proiezione del film <strong><em>La bicicletta verde<\/em><\/strong>.<\/h4>\n<p><strong>La bicicletta verde<\/strong><br \/>\ndi Haifaa Al-Mansour<br \/>\ncon Reem Abdullah, Waad Mohammed<br \/>\ntitolo originale: <em>Wadjda<\/em><br \/>\nArabia Saudita \/ Germania, 2012; colori; durata: 100 minuti<\/p>\n<p>Wadjda \u00e8 una bambina di dieci anni che vive alla periferia di Riyadh, la capitale dell\u2019Arabia Saudita. Nonostante viva in un mondo tradizionalista e frequenti una scuola rigorosamente solo femminile, Wadjda \u00e8 una bambina affettuosa, simpatica, intraprendente, che lotta per non soffocare i propri desideri di libert\u00e0. In particolare vorrebbe comprare una bicicletta verde, con la quale potr\u00e0 essere alla pari dell\u2019amico Abdullah con cui gioca dopo la scuola. Ma la sua famiglia non pu\u00f2 permettersela e di certo non vorrebbe che si faccia vedere su un oggetto tradizionalmente riservato agli uomini, e quindi Wadjda comincia a cercare i soldi per conto proprio, rendendosi ben presto conto che quasi tutti i modi per farlo le sono proibiti.<br \/>\nHaifaa Al-Mansour \u00e8 la prima vera regista donna di un paese che non ha sale cinematografiche e in cui il cinema si fruisce solo privatamente; dunque rappresenta gi\u00e0 in s\u00e9 una figura rivoluzionaria che si oppone ai ruoli cui le donne sono relegate e tale posizione \u00e8 evidente nella maniera in cui scrive e filma i suoi personaggi. Non solo la protagonista Wadjda (interpretata da Waad Mohammed), ma anche sua madre (Reem Abdullah) e le compagne adolescenti e irrequiete sono accarezzate con tono lieve dalla macchina da presa, scrutate nei loro gesti che spesso portano a condanne spropositate. La bicicletta verde \u00e8 un film che si presenta in modo semplice, come la sua protagonista; la sua struttura elementare \u00e8 tipica di un\u2019opera prima che vuole esprimere, con cautela e usando soprattutto i simboli e le metafore, una speranza di futuro per le generazioni che verranno.<br \/>\nPer i temi trattati e il modo di parlare della condizione della donna, il film \u00e8 stato patrocinato dalla Sezione italiana di Amnesty International.<\/p>\n<h4>Prima della proiezione del film \u00e8 possibile consumare un <strong>aperitivo\/spuntino<\/strong>, preparato da Casa Ceretti Caffetteria di Quartiere con <strong>menu a \u20ac 10 su prenotazione<\/strong> (telefonando allo 0323 581233 o al 333 6519885 oppure all\u2019inizio dell\u2019incontro delle ore 18.00).<\/h4>","protected":false},"featured_media":7385,"template":"","meta":{"_acf_changed":false,"pgc_meta":"","iawp_total_views":4},"class_list":["post-7383","product","type-product","status-publish","has-post-thumbnail","hentry","product_cat-evento-durante-lanno"],"acf":[],"yoast_head":"<!-- This site is optimized with the Yoast SEO plugin v27.2 - https:\/\/yoast.com\/product\/yoast-seo-wordpress\/ -->\n<title>Aspettando il Festival - La bicicletta verde - Lago Maggiore LetterAltura<\/title>\n<meta name=\"description\" content=\"Dal 24 settembre al via il Festival Lago Maggiore 2025 dal tema Mutamenti.\" \/>\n<meta name=\"robots\" content=\"index, follow, max-snippet:-1, max-image-preview:large, max-video-preview:-1\" \/>\n<link rel=\"canonical\" href=\"https:\/\/www.associazioneletteraltura.com\/en\/product\/aspettando-il-festival-la-bicicletta-verde\/\" \/>\n<meta property=\"og:locale\" content=\"en_GB\" \/>\n<meta property=\"og:type\" content=\"article\" \/>\n<meta property=\"og:title\" content=\"Aspettando il Festival - La bicicletta verde - Lago Maggiore LetterAltura\" \/>\n<meta property=\"og:description\" content=\"Dal 24 settembre al via il Festival Lago Maggiore 2025 dal tema Mutamenti.\" \/>\n<meta property=\"og:url\" content=\"https:\/\/www.associazioneletteraltura.com\/en\/product\/aspettando-il-festival-la-bicicletta-verde\/\" \/>\n<meta property=\"og:site_name\" content=\"Lago Maggiore LetterAltura\" \/>\n<meta property=\"article:publisher\" content=\"https:\/\/www.facebook.com\/letteraltura\" \/>\n<meta property=\"article:modified_time\" content=\"2023-09-07T14:47:31+00:00\" \/>\n<meta property=\"og:image\" content=\"https:\/\/www.associazioneletteraltura.com\/wp-content\/uploads\/2021\/07\/la-bicicleta-verde.jpg\" \/>\n\t<meta property=\"og:image:width\" content=\"2000\" \/>\n\t<meta property=\"og:image:height\" content=\"1171\" \/>\n\t<meta property=\"og:image:type\" content=\"image\/jpeg\" \/>\n<meta name=\"twitter:card\" content=\"summary_large_image\" \/>\n<script type=\"application\/ld+json\" class=\"yoast-schema-graph\">{\"@context\":\"https:\/\/schema.org\",\"@graph\":[{\"@type\":\"WebPage\",\"@id\":\"https:\/\/www.associazioneletteraltura.com\/prodotto\/aspettando-il-festival-la-bicicletta-verde\/\",\"url\":\"https:\/\/www.associazioneletteraltura.com\/prodotto\/aspettando-il-festival-la-bicicletta-verde\/\",\"name\":\"Aspettando il Festival - La bicicletta verde - Lago Maggiore LetterAltura\",\"isPartOf\":{\"@id\":\"https:\/\/www.associazioneletteraltura.com\/#website\"},\"primaryImageOfPage\":{\"@id\":\"https:\/\/www.associazioneletteraltura.com\/prodotto\/aspettando-il-festival-la-bicicletta-verde\/#primaryimage\"},\"image\":{\"@id\":\"https:\/\/www.associazioneletteraltura.com\/prodotto\/aspettando-il-festival-la-bicicletta-verde\/#primaryimage\"},\"thumbnailUrl\":\"https:\/\/www.associazioneletteraltura.com\/wp-content\/uploads\/2021\/07\/la-bicicleta-verde.jpg\",\"datePublished\":\"2021-07-25T12:19:05+00:00\",\"dateModified\":\"2023-09-07T14:47:31+00:00\",\"description\":\"Dal 24 settembre al via il Festival Lago Maggiore 2025 dal tema Mutamenti.\",\"breadcrumb\":{\"@id\":\"https:\/\/www.associazioneletteraltura.com\/prodotto\/aspettando-il-festival-la-bicicletta-verde\/#breadcrumb\"},\"inLanguage\":\"en-GB\",\"potentialAction\":[{\"@type\":\"ReadAction\",\"target\":[\"https:\/\/www.associazioneletteraltura.com\/prodotto\/aspettando-il-festival-la-bicicletta-verde\/\"]}]},{\"@type\":\"ImageObject\",\"inLanguage\":\"en-GB\",\"@id\":\"https:\/\/www.associazioneletteraltura.com\/prodotto\/aspettando-il-festival-la-bicicletta-verde\/#primaryimage\",\"url\":\"https:\/\/www.associazioneletteraltura.com\/wp-content\/uploads\/2021\/07\/la-bicicleta-verde.jpg\",\"contentUrl\":\"https:\/\/www.associazioneletteraltura.com\/wp-content\/uploads\/2021\/07\/la-bicicleta-verde.jpg\",\"width\":1600,\"height\":937},{\"@type\":\"BreadcrumbList\",\"@id\":\"https:\/\/www.associazioneletteraltura.com\/prodotto\/aspettando-il-festival-la-bicicletta-verde\/#breadcrumb\",\"itemListElement\":[{\"@type\":\"ListItem\",\"position\":1,\"name\":\"Home\",\"item\":\"https:\/\/www.associazioneletteraltura.com\/\"},{\"@type\":\"ListItem\",\"position\":2,\"name\":\"Shop\",\"item\":\"https:\/\/www.associazioneletteraltura.com\/negozio\/\"},{\"@type\":\"ListItem\",\"position\":3,\"name\":\"Aspettando il Festival &#8211; La bicicletta verde\"}]},{\"@type\":\"WebSite\",\"@id\":\"https:\/\/www.associazioneletteraltura.com\/#website\",\"url\":\"https:\/\/www.associazioneletteraltura.com\/\",\"name\":\"Lago Maggiore LetterAltura\",\"description\":\"Festival di letteratura di montagna, viaggio, avventura\",\"publisher\":{\"@id\":\"https:\/\/www.associazioneletteraltura.com\/#organization\"},\"potentialAction\":[{\"@type\":\"SearchAction\",\"target\":{\"@type\":\"EntryPoint\",\"urlTemplate\":\"https:\/\/www.associazioneletteraltura.com\/?s={search_term_string}\"},\"query-input\":{\"@type\":\"PropertyValueSpecification\",\"valueRequired\":true,\"valueName\":\"search_term_string\"}}],\"inLanguage\":\"en-GB\"},{\"@type\":\"Organization\",\"@id\":\"https:\/\/www.associazioneletteraltura.com\/#organization\",\"name\":\"Associazione Letteraltura\",\"url\":\"https:\/\/www.associazioneletteraltura.com\/\",\"logo\":{\"@type\":\"ImageObject\",\"inLanguage\":\"en-GB\",\"@id\":\"https:\/\/www.associazioneletteraltura.com\/#\/schema\/logo\/image\/\",\"url\":\"https:\/\/www.associazioneletteraltura.com\/wp-content\/uploads\/2021\/07\/Logo-Letteraltura.png\",\"contentUrl\":\"https:\/\/www.associazioneletteraltura.com\/wp-content\/uploads\/2021\/07\/Logo-Letteraltura.png\",\"width\":574,\"height\":638,\"caption\":\"Associazione Letteraltura\"},\"image\":{\"@id\":\"https:\/\/www.associazioneletteraltura.com\/#\/schema\/logo\/image\/\"},\"sameAs\":[\"https:\/\/www.facebook.com\/letteraltura\",\"https:\/\/www.instagram.com\/letteraltura\/\",\"https:\/\/www.youtube.com\/channel\/UC5lvGPMQnpDPQ5stsVk2x6w\"]}]}<\/script>\n<!-- \/ Yoast SEO plugin. -->","yoast_head_json":{"title":"Aspettando il Festival - La bicicletta verde - Lago Maggiore LetterAltura","description":"Dal 24 settembre al via il Festival Lago Maggiore 2025 dal tema Mutamenti.","robots":{"index":"index","follow":"follow","max-snippet":"max-snippet:-1","max-image-preview":"max-image-preview:large","max-video-preview":"max-video-preview:-1"},"canonical":"https:\/\/www.associazioneletteraltura.com\/en\/product\/aspettando-il-festival-la-bicicletta-verde\/","og_locale":"en_GB","og_type":"article","og_title":"Aspettando il Festival - La bicicletta verde - Lago Maggiore LetterAltura","og_description":"Dal 24 settembre al via il Festival Lago Maggiore 2025 dal tema Mutamenti.","og_url":"https:\/\/www.associazioneletteraltura.com\/en\/product\/aspettando-il-festival-la-bicicletta-verde\/","og_site_name":"Lago Maggiore LetterAltura","article_publisher":"https:\/\/www.facebook.com\/letteraltura","article_modified_time":"2023-09-07T14:47:31+00:00","og_image":[{"width":2000,"height":1171,"url":"https:\/\/www.associazioneletteraltura.com\/wp-content\/uploads\/2021\/07\/la-bicicleta-verde.jpg","type":"image\/jpeg"}],"twitter_card":"summary_large_image","schema":{"@context":"https:\/\/schema.org","@graph":[{"@type":"WebPage","@id":"https:\/\/www.associazioneletteraltura.com\/prodotto\/aspettando-il-festival-la-bicicletta-verde\/","url":"https:\/\/www.associazioneletteraltura.com\/prodotto\/aspettando-il-festival-la-bicicletta-verde\/","name":"Aspettando il Festival - La bicicletta verde - Lago Maggiore LetterAltura","isPartOf":{"@id":"https:\/\/www.associazioneletteraltura.com\/#website"},"primaryImageOfPage":{"@id":"https:\/\/www.associazioneletteraltura.com\/prodotto\/aspettando-il-festival-la-bicicletta-verde\/#primaryimage"},"image":{"@id":"https:\/\/www.associazioneletteraltura.com\/prodotto\/aspettando-il-festival-la-bicicletta-verde\/#primaryimage"},"thumbnailUrl":"https:\/\/www.associazioneletteraltura.com\/wp-content\/uploads\/2021\/07\/la-bicicleta-verde.jpg","datePublished":"2021-07-25T12:19:05+00:00","dateModified":"2023-09-07T14:47:31+00:00","description":"Dal 24 settembre al via il Festival Lago Maggiore 2025 dal tema Mutamenti.","breadcrumb":{"@id":"https:\/\/www.associazioneletteraltura.com\/prodotto\/aspettando-il-festival-la-bicicletta-verde\/#breadcrumb"},"inLanguage":"en-GB","potentialAction":[{"@type":"ReadAction","target":["https:\/\/www.associazioneletteraltura.com\/prodotto\/aspettando-il-festival-la-bicicletta-verde\/"]}]},{"@type":"ImageObject","inLanguage":"en-GB","@id":"https:\/\/www.associazioneletteraltura.com\/prodotto\/aspettando-il-festival-la-bicicletta-verde\/#primaryimage","url":"https:\/\/www.associazioneletteraltura.com\/wp-content\/uploads\/2021\/07\/la-bicicleta-verde.jpg","contentUrl":"https:\/\/www.associazioneletteraltura.com\/wp-content\/uploads\/2021\/07\/la-bicicleta-verde.jpg","width":1600,"height":937},{"@type":"BreadcrumbList","@id":"https:\/\/www.associazioneletteraltura.com\/prodotto\/aspettando-il-festival-la-bicicletta-verde\/#breadcrumb","itemListElement":[{"@type":"ListItem","position":1,"name":"Home","item":"https:\/\/www.associazioneletteraltura.com\/"},{"@type":"ListItem","position":2,"name":"Shop","item":"https:\/\/www.associazioneletteraltura.com\/negozio\/"},{"@type":"ListItem","position":3,"name":"Aspettando il Festival &#8211; La bicicletta verde"}]},{"@type":"WebSite","@id":"https:\/\/www.associazioneletteraltura.com\/#website","url":"https:\/\/www.associazioneletteraltura.com\/","name":"Lago Maggiore LetterAltura","description":"Festival di letteratura di montagna, viaggio, avventura","publisher":{"@id":"https:\/\/www.associazioneletteraltura.com\/#organization"},"potentialAction":[{"@type":"SearchAction","target":{"@type":"EntryPoint","urlTemplate":"https:\/\/www.associazioneletteraltura.com\/?s={search_term_string}"},"query-input":{"@type":"PropertyValueSpecification","valueRequired":true,"valueName":"search_term_string"}}],"inLanguage":"en-GB"},{"@type":"Organization","@id":"https:\/\/www.associazioneletteraltura.com\/#organization","name":"Associazione Letteraltura","url":"https:\/\/www.associazioneletteraltura.com\/","logo":{"@type":"ImageObject","inLanguage":"en-GB","@id":"https:\/\/www.associazioneletteraltura.com\/#\/schema\/logo\/image\/","url":"https:\/\/www.associazioneletteraltura.com\/wp-content\/uploads\/2021\/07\/Logo-Letteraltura.png","contentUrl":"https:\/\/www.associazioneletteraltura.com\/wp-content\/uploads\/2021\/07\/Logo-Letteraltura.png","width":574,"height":638,"caption":"Associazione Letteraltura"},"image":{"@id":"https:\/\/www.associazioneletteraltura.com\/#\/schema\/logo\/image\/"},"sameAs":["https:\/\/www.facebook.com\/letteraltura","https:\/\/www.instagram.com\/letteraltura\/","https:\/\/www.youtube.com\/channel\/UC5lvGPMQnpDPQ5stsVk2x6w"]}]}},"jetpack_sharing_enabled":true,"_links":{"self":[{"href":"https:\/\/www.associazioneletteraltura.com\/en\/wp-json\/wp\/v2\/product\/7383","targetHints":{"allow":["GET"]}}],"collection":[{"href":"https:\/\/www.associazioneletteraltura.com\/en\/wp-json\/wp\/v2\/product"}],"about":[{"href":"https:\/\/www.associazioneletteraltura.com\/en\/wp-json\/wp\/v2\/types\/product"}],"wp:featuredmedia":[{"embeddable":true,"href":"https:\/\/www.associazioneletteraltura.com\/en\/wp-json\/wp\/v2\/media\/7385"}],"wp:attachment":[{"href":"https:\/\/www.associazioneletteraltura.com\/en\/wp-json\/wp\/v2\/media?parent=7383"}],"wp:term":[{"taxonomy":"date","embeddable":true,"href":"https:\/\/www.associazioneletteraltura.com\/en\/wp-json\/wp\/v2\/date?post=7383"}],"curies":[{"name":"wp","href":"https:\/\/api.w.org\/{rel}","templated":true}]}}