{"id":6999,"date":"2021-07-13T10:33:38","date_gmt":"2021-07-13T10:33:38","guid":{"rendered":"http:\/\/www.associazioneletteraltura.com\/?page_id=6999"},"modified":"2024-02-15T15:09:34","modified_gmt":"2024-02-15T15:09:34","slug":"festival-letteraltura-2007","status":"publish","type":"page","link":"https:\/\/www.associazioneletteraltura.com\/en\/festival-letteraltura-2007\/","title":{"rendered":"Festival LetterAltura 2007"},"content":{"rendered":"<div data-elementor-type=\"wp-page\" data-elementor-id=\"6999\" class=\"elementor elementor-6999\" data-elementor-settings=\"[]\">\n\t\t\t\t\t\t\t<div class=\"elementor-section-wrap\">\n\t\t\t\t\t\t\t<section class=\"elementor-section elementor-top-section elementor-element elementor-element-8e9ffb1 elementor-section-height-full elementor-section-full_width elementor-section-height-default elementor-section-items-middle\" data-id=\"8e9ffb1\" data-element_type=\"section\" data-settings=\"{&quot;background_background&quot;:&quot;classic&quot;}\">\n\t\t\t\t\t\t\t<div class=\"elementor-background-overlay\"><\/div>\n\t\t\t\t\t\t\t<div class=\"elementor-container elementor-column-gap-default\">\n\t\t\t\t\t<div class=\"elementor-column elementor-col-33 elementor-top-column elementor-element elementor-element-e53b844\" data-id=\"e53b844\" data-element_type=\"column\">\n\t\t\t<div class=\"elementor-widget-wrap\">\n\t\t\t\t\t\t\t\t\t<\/div>\n\t\t<\/div>\n\t\t\t\t<div class=\"elementor-column elementor-col-33 elementor-top-column elementor-element elementor-element-4f2bf64\" data-id=\"4f2bf64\" data-element_type=\"column\">\n\t\t\t<div class=\"elementor-widget-wrap elementor-element-populated\">\n\t\t\t\t\t\t\t\t<div class=\"elementor-element elementor-element-a9212c0 elementor-widget elementor-widget-heading\" data-id=\"a9212c0\" data-element_type=\"widget\" data-widget_type=\"heading.default\">\n\t\t\t\t<div class=\"elementor-widget-container\">\n\t\t\t<h2 class=\"elementor-heading-title elementor-size-default\">FESTIVAL LETTERALTURA<\/h2>\t\t<\/div>\n\t\t\t\t<\/div>\n\t\t\t\t<div class=\"elementor-element elementor-element-aac136e elementor-widget elementor-widget-heading\" data-id=\"aac136e\" data-element_type=\"widget\" data-widget_type=\"heading.default\">\n\t\t\t\t<div class=\"elementor-widget-container\">\n\t\t\t<h2 class=\"elementor-heading-title elementor-size-default\">2007<\/h2>\t\t<\/div>\n\t\t\t\t<\/div>\n\t\t\t\t\t<\/div>\n\t\t<\/div>\n\t\t\t\t<div class=\"elementor-column elementor-col-33 elementor-top-column elementor-element elementor-element-6eb2231\" data-id=\"6eb2231\" data-element_type=\"column\">\n\t\t\t<div class=\"elementor-widget-wrap elementor-element-populated\">\n\t\t\t\t\t\t\t\t<section class=\"elementor-section elementor-inner-section elementor-element elementor-element-8257d88 elementor-section-boxed elementor-section-height-default elementor-section-height-default\" data-id=\"8257d88\" data-element_type=\"section\">\n\t\t\t\t\t\t<div class=\"elementor-container elementor-column-gap-default\">\n\t\t\t\t\t<div class=\"elementor-column elementor-col-50 elementor-inner-column elementor-element elementor-element-8aad7ac\" data-id=\"8aad7ac\" data-element_type=\"column\">\n\t\t\t<div class=\"elementor-widget-wrap\">\n\t\t\t\t\t\t\t\t\t<\/div>\n\t\t<\/div>\n\t\t\t\t<div class=\"elementor-column elementor-col-50 elementor-inner-column elementor-element elementor-element-11044c3\" data-id=\"11044c3\" data-element_type=\"column\">\n\t\t\t<div class=\"elementor-widget-wrap\">\n\t\t\t\t\t\t\t\t\t<\/div>\n\t\t<\/div>\n\t\t\t\t\t\t\t<\/div>\n\t\t<\/section>\n\t\t\t\t\t<\/div>\n\t\t<\/div>\n\t\t\t\t\t\t\t<\/div>\n\t\t<\/section>\n\t\t\t\t<section class=\"elementor-section elementor-top-section elementor-element elementor-element-93344ff elementor-section-boxed elementor-section-height-default elementor-section-height-default\" data-id=\"93344ff\" data-element_type=\"section\">\n\t\t\t\t\t\t<div class=\"elementor-container elementor-column-gap-default\">\n\t\t\t\t\t<div class=\"elementor-column elementor-col-100 elementor-top-column elementor-element elementor-element-30dcc0e\" data-id=\"30dcc0e\" data-element_type=\"column\">\n\t\t\t<div class=\"elementor-widget-wrap elementor-element-populated\">\n\t\t\t\t\t\t\t\t<div class=\"elementor-element elementor-element-2770987 elementor-widget elementor-widget-spacer\" data-id=\"2770987\" data-element_type=\"widget\" data-widget_type=\"spacer.default\">\n\t\t\t\t<div class=\"elementor-widget-container\">\n\t\t\t\t\t<div class=\"elementor-spacer\">\n\t\t\t<div class=\"elementor-spacer-inner\"><\/div>\n\t\t<\/div>\n\t\t\t\t<\/div>\n\t\t\t\t<\/div>\n\t\t\t\t\t<\/div>\n\t\t<\/div>\n\t\t\t\t\t\t\t<\/div>\n\t\t<\/section>\n\t\t\t\t<section class=\"elementor-section elementor-top-section elementor-element elementor-element-2843586 elementor-section-boxed elementor-section-height-default elementor-section-height-default\" data-id=\"2843586\" data-element_type=\"section\">\n\t\t\t\t\t\t<div class=\"elementor-container elementor-column-gap-default\">\n\t\t\t\t\t<div class=\"elementor-column elementor-col-100 elementor-top-column elementor-element elementor-element-8fef426\" data-id=\"8fef426\" data-element_type=\"column\">\n\t\t\t<div class=\"elementor-widget-wrap elementor-element-populated\">\n\t\t\t\t\t\t\t\t<div class=\"elementor-element elementor-element-213486f elementor-widget elementor-widget-text-editor\" data-id=\"213486f\" data-element_type=\"widget\" data-widget_type=\"text-editor.default\">\n\t\t\t\t<div class=\"elementor-widget-container\">\n\t\t\t\t\t\t\t\t<h4>LETTERALTURA 2007: I NUMERI<\/h4><p>La prima edizione di LetterAltura ha animato le piazze di Verbania dal 27 giugno al 1 luglio 2007 per trasferirsi poi nelle valli dell\u2019Ossola nei successivi weekend di luglio. LetterAltura 2007 ha richiesto\u00a0<strong>pi\u00f9 di un anno<\/strong>\u00a0di lavoro organizzativo, il coinvolgimento di moltissimi volontari ed ha ricevuto il sostegno di\u00a0<strong>Regione Piemonte<\/strong>,\u00a0<strong>Provincia e Comune di Verbania<\/strong>,\u00a0<strong>Camera di Commercio<\/strong>,\u00a0<strong>Fondazione Comunitaria<\/strong>,\u00a0<strong>Banca Popolare di Intra<\/strong>,\u00a0<strong>Fondazione Cariplo<\/strong>,\u00a0<strong>Rappresentanza a Milano della Commissione europea<\/strong>,\u00a0<strong>Fiera Internazionale del Libro di Torino<\/strong>. Una prima edizione che ha inoltre dato il via al programma di\u00a0<strong>Alpi365<\/strong>, il progetto triennale promosso dalla Regione Piemonte per valorizzare la montagna, la sua identit\u00e0, il suo futuro. Ecco un breve riepilogo delle presenze e dei volontari coinvolti.<\/p><h4>37 EVENTI LETTERARI<\/h4><p>Il Premio Nobel\u00a0<strong>Gao Xingjian<\/strong>,\u00a0<strong>Reinhold Messner<\/strong>,\u00a0<strong>Alain Elkann<\/strong>,\u00a0<strong>Kurt Diemberger<\/strong>,\u00a0\u00a0<strong>Erri De Luca<\/strong>,\u00a0<strong>Luca Mercalli<\/strong>,\u00a0<strong>Ario Sciolari<\/strong>,\u00a0<strong>Davide Sapienza<\/strong>,\u00a0<strong>Marco Cuaz<\/strong>,\u00a0<strong>Iso Camartin<\/strong>,\u00a0<strong>Corinne Desarzens<\/strong>\u00a0sono solo alcuni dei grandi personaggi che il pubblico di LetterAltura 2007 ha potuto incontrare personalmente. Dalla colazione con l\u2019autore alle performance della tarda sera gli eventi che avevano come protagonisti scrittori e giornalisti sono stati il fulcro del Festival.<\/p><p><strong>37 incontri<\/strong>, \u00a0dei quali quattro dibattiti e tavole rotonde, per un totale di circa\u00a0<strong>4740 presenze<\/strong>\u00a0di pubblico.<\/p><h4>22 EVENTI DI SPETTACOLO<\/h4><p>LetterAltura 2007 \u00e8 stato un evento unico, anche dal punto di vista delle performance. Sono significativi i criteri che la direzione artistica ha seguito per selezionare le proposte di spettacolo, tra i quali: dare voce al maggior numero possibile di forme artistiche privilegiando quelle nelle quali il legame con la letteratura o con la tradizione orale fosse fortemente presente, rivolgersi ad un pubblico eterogeneo per gusti ed et\u00e0 e, fondamentale, inserire elementi di originalit\u00e0 attraverso produzioni studiate appositamente per il Festival. Ed \u00e8 cos\u00ec che\u00a0<strong>Gianluigi Trovesi<\/strong>\u00a0ha suonato per la prima volta nella sua ricca carriera artistica con i corni delle alpi (una produzione LetterAltura 2007),\u00a0\u00a0<strong>Giuseppe Cederna<\/strong>\u00a0ha raccontato le \u201cterre alte\u201d\u00a0 accompagnato dal pianoforte di Umberto Petrin, il gruppo rock\u00a0<strong>Miradavaga<\/strong>\u00a0ha descritto con la musica le emozioni da arrampicata di\u00a0<strong>Fabio Palma<\/strong>\u00a0e dei suoi Ragni di Lecco.<\/p><p><strong>22 eventi<\/strong>\u00a0di spettacolo che hanno coinvolto\u00a0<strong>3227 spettatori<\/strong>.<\/p><h4>11 EVENTI PER BAMBINI E RAGAZZI<\/h4><p>Letteraltura \u00e8 un festival che vuole coinvolgere proprio tutti. Quindi un\u2019attenzione particolare \u00e8 stata dedicata anche ai bambini ed ai ragazzi, che si sono divertiti, oltre che con letture ed incontri specifici, anche grazie a particolari iniziative pensate per loro all\u2019interno di uno spazio verde, fresco e protetto di una villa ottocentesca: come i\u00a0<strong>laboratori artistici<\/strong>\u00a0sul tema del riciclo ed una\u00a0<strong>parete artificiale d\u2019arrampicata<\/strong>\u00a0dove i giovanissimi, aiutati dalle Guide Alpine, hanno potuto simulare le gesta dei grandi scalatori.<\/p><p><strong>11 momenti<\/strong>\u00a0dedicati ai ragazzi\u00a0 che hanno coinvolto circa\u00a0<strong>1000 giovanissimi<\/strong>.<\/p><h4>5 ESCURSIONI<\/h4><p>Anche il contatto con la natura ha avuto la sua parte: nel corso del Festival sono state organizzate 5 escursioni guidate a cura del corpo Guide Alpine Valle Ossola, del Cai di Villadossola e delle Guide del Parco Valgrande.<\/p><p><strong>5 escursioni<\/strong>\u00a0alle quali hanno partecipato\u00a0<strong>121 persone<\/strong>, tra escursionisti esperti e curiosi alle prime armi.<\/p><h4>2 MOSTRE FOTOGRAFICHE<\/h4><p>Due le mostre organizzate presso il Museo del Paesaggio di Verbania: \u201cGli eredi della Solitudine \u2013 un ritorno\u201d del fotografo\u00a0<strong>Flavio Faganello<\/strong>, che racconta con le immagini il passaggio all\u2019era della globalizzazione dei contadini di montagna delle valli pi\u00f9 isolate ed impervie del Sudtirolo. Una mostra che portava il copyright della Citt\u00e0 di Bolzano, realizzata a cura di\u00a0<strong>Augusto Golin<\/strong>.\u00a0 E \u201cLe Pietre Dimenticate\u201d, ritratto fotografico delle architetture tradizionali della Valle dell\u2019Ossola che il fotografo verbanese\u00a0<strong>Roberto Toia<\/strong>\u00a0ha documentato nel rigore assoluto del bianco e nero. Le mostre hanno avuto inizio in concomitanza con l\u2019inaugurazione del Festival e sono rimaste aperte fino al 29 luglio, registrando\u00a0<strong>445 visitatori<\/strong>.<\/p><h4>LA LIBRERIA DEL FESTIVAL E MONTAGNALIBRI<\/h4><p>La libreria del festival \u00e8 stata organizzata e gestita dagli editori, dai librai e dagli autori della Provincia che da dieci anni organizzano la rassegna di editoria locale \u201cLa fabbrica di carta\u201d di Villadossola. La libreria \u00e8 stata allestita sotto un tendone nella piazza centrale di Verbania ed \u00e8 stata aperta dal 28 giugno al 1 luglio con orario continuato dalle 10 alle 24. Ha rilasciato circa\u00a0<strong>900 scontrini<\/strong>\u00a0e registrato circa\u00a0<strong>3600 passaggi<\/strong>.<br \/>Visitatori che, oltre a trovare a disposizione tutti i libri degli autori presenti al festival, hanno potuto sfogliare i meravigliosi libri di montagna della mostra Montagnalibri, di propriet\u00e0 del Trento Film Festival, allestita sotto una tenda adiacente a quella della libreria.<\/p><h4>180 VOLONTARI<\/h4><p>I volontari sono stati uno degli elementi di pi\u00f9 forte caratterizzazione del festival. Si \u00e8 trattato di persone di tutte le et\u00e0, la cui\u00a0<strong>vitalit\u00e0 ed energia<\/strong>\u00a0sono state uno dei fattori principali di successo del festival.<br \/>I volontari impegnati sono stati complessivamente\u00a0<strong>180<\/strong>\u00a0nel corso della preparazione e della realizzazione del Festival. Il 25% aveva pi\u00f9 di 50 anni e il 40% aveva meno di 25 anni.<\/p><p>Dal punto di vista delle mansioni la ripartizione \u00e8 stata la seguente:<\/p><p>65 alla gestione eventi e ai punti informativi<br \/>9 alla biglietteria<br \/>21 alle installazioni<br \/>10 all\u2019accoglienza<br \/>15 alla libreria del festival e alla mostra Montagna Libri<br \/>17 alla gestione degli eventi dei bambini<br \/>8 alla documentazione foto e video del festival<br \/>4 all\u2019ufficio stampa<br \/>4 all\u2019accompagnamento<br \/>4 alla segreteria generale<\/p><p>A questi si devono aggiungere gli studenti dell\u2019<strong>Istituto Europeo di Design<\/strong>\u00a0che hanno partecipato alla definizione dell\u2019immagine, gli studenti dell\u2019<strong>Istituto Professionale Franzosini<\/strong>, che hanno sviluppato alcuni esecutivi grafici, alcune persone impegnate nella distribuzione del materiale sul territorio ed i numerosi volontari della\u00a0<strong>Biblioteca Civica Pietro Ceretti<\/strong>.<\/p>\t\t\t\t\t\t<\/div>\n\t\t\t\t<\/div>\n\t\t\t\t\t<\/div>\n\t\t<\/div>\n\t\t\t\t\t\t\t<\/div>\n\t\t<\/section>\n\t\t\t\t\t\t<\/div>\n\t\t\t\t\t<\/div>","protected":false},"excerpt":{"rendered":"<p>FESTIVAL LETTERALTURA 2007 LETTERALTURA 2007: I NUMERI La prima edizione di LetterAltura ha animato le piazze di Verbania dal 27 giugno al 1 luglio 2007 per trasferirsi poi nelle valli dell\u2019Ossola nei successivi weekend di luglio. LetterAltura 2007 ha richiesto\u00a0pi\u00f9 di un anno\u00a0di lavoro organizzativo, il coinvolgimento di moltissimi volontari ed ha ricevuto il sostegno [&hellip;]<\/p>","protected":false},"author":8,"featured_media":0,"parent":0,"menu_order":0,"comment_status":"closed","ping_status":"closed","template":"elementor_header_footer","meta":{"_acf_changed":false,"pgc_meta":"","iawp_total_views":46,"footnotes":""},"class_list":["post-6999","page","type-page","status-publish","hentry"],"acf":[],"pgc_meta":"","yoast_head":"<!-- This site is optimized with the Yoast SEO plugin v27.2 - https:\/\/yoast.com\/product\/yoast-seo-wordpress\/ -->\n<title>Festival LetterAltura 2007 - Lago Maggiore LetterAltura<\/title>\n<meta name=\"description\" content=\"Dal 20 settembre al via il Festival Lago Maggiore LetterAltura 2023: tema della diciassettesima edizione \u201cGli alberi guardano i treni che passano\u201d\" \/>\n<meta name=\"robots\" content=\"index, follow, max-snippet:-1, max-image-preview:large, max-video-preview:-1\" \/>\n<link rel=\"canonical\" href=\"https:\/\/www.associazioneletteraltura.com\/en\/festival-letteraltura-2007\/\" \/>\n<meta property=\"og:locale\" content=\"en_GB\" \/>\n<meta property=\"og:type\" content=\"article\" \/>\n<meta property=\"og:title\" content=\"Festival LetterAltura 2007 - Lago Maggiore LetterAltura\" \/>\n<meta property=\"og:description\" content=\"Dal 20 settembre al via il Festival Lago Maggiore LetterAltura 2023: tema della diciassettesima edizione \u201cGli alberi guardano i treni che passano\u201d\" \/>\n<meta property=\"og:url\" content=\"https:\/\/www.associazioneletteraltura.com\/en\/festival-letteraltura-2007\/\" \/>\n<meta property=\"og:site_name\" content=\"Lago Maggiore LetterAltura\" \/>\n<meta property=\"article:publisher\" content=\"https:\/\/www.facebook.com\/letteraltura\" \/>\n<meta property=\"article:modified_time\" content=\"2024-02-15T15:09:34+00:00\" \/>\n<meta name=\"twitter:card\" content=\"summary_large_image\" \/>\n<meta name=\"twitter:label1\" content=\"Estimated reading time\" \/>\n\t<meta name=\"twitter:data1\" content=\"5 minutes\" \/>\n<script type=\"application\/ld+json\" class=\"yoast-schema-graph\">{\"@context\":\"https:\/\/schema.org\",\"@graph\":[{\"@type\":\"WebPage\",\"@id\":\"https:\/\/www.associazioneletteraltura.com\/festival-letteraltura-2007\/\",\"url\":\"https:\/\/www.associazioneletteraltura.com\/festival-letteraltura-2007\/\",\"name\":\"Festival LetterAltura 2007 - Lago Maggiore LetterAltura\",\"isPartOf\":{\"@id\":\"https:\/\/www.associazioneletteraltura.com\/#website\"},\"datePublished\":\"2021-07-13T10:33:38+00:00\",\"dateModified\":\"2024-02-15T15:09:34+00:00\",\"description\":\"Dal 20 settembre al via il Festival Lago Maggiore LetterAltura 2023: tema della diciassettesima edizione \u201cGli alberi guardano i treni che passano\u201d\",\"breadcrumb\":{\"@id\":\"https:\/\/www.associazioneletteraltura.com\/festival-letteraltura-2007\/#breadcrumb\"},\"inLanguage\":\"en-GB\",\"potentialAction\":[{\"@type\":\"ReadAction\",\"target\":[\"https:\/\/www.associazioneletteraltura.com\/festival-letteraltura-2007\/\"]}]},{\"@type\":\"BreadcrumbList\",\"@id\":\"https:\/\/www.associazioneletteraltura.com\/festival-letteraltura-2007\/#breadcrumb\",\"itemListElement\":[{\"@type\":\"ListItem\",\"position\":1,\"name\":\"Home\",\"item\":\"https:\/\/www.associazioneletteraltura.com\/\"},{\"@type\":\"ListItem\",\"position\":2,\"name\":\"Festival LetterAltura 2007\"}]},{\"@type\":\"WebSite\",\"@id\":\"https:\/\/www.associazioneletteraltura.com\/#website\",\"url\":\"https:\/\/www.associazioneletteraltura.com\/\",\"name\":\"Lago Maggiore LetterAltura\",\"description\":\"Festival di letteratura di montagna, viaggio, avventura\",\"publisher\":{\"@id\":\"https:\/\/www.associazioneletteraltura.com\/#organization\"},\"potentialAction\":[{\"@type\":\"SearchAction\",\"target\":{\"@type\":\"EntryPoint\",\"urlTemplate\":\"https:\/\/www.associazioneletteraltura.com\/?s={search_term_string}\"},\"query-input\":{\"@type\":\"PropertyValueSpecification\",\"valueRequired\":true,\"valueName\":\"search_term_string\"}}],\"inLanguage\":\"en-GB\"},{\"@type\":\"Organization\",\"@id\":\"https:\/\/www.associazioneletteraltura.com\/#organization\",\"name\":\"Associazione Letteraltura\",\"url\":\"https:\/\/www.associazioneletteraltura.com\/\",\"logo\":{\"@type\":\"ImageObject\",\"inLanguage\":\"en-GB\",\"@id\":\"https:\/\/www.associazioneletteraltura.com\/#\/schema\/logo\/image\/\",\"url\":\"https:\/\/www.associazioneletteraltura.com\/wp-content\/uploads\/2021\/07\/Logo-Letteraltura.png\",\"contentUrl\":\"https:\/\/www.associazioneletteraltura.com\/wp-content\/uploads\/2021\/07\/Logo-Letteraltura.png\",\"width\":574,\"height\":638,\"caption\":\"Associazione Letteraltura\"},\"image\":{\"@id\":\"https:\/\/www.associazioneletteraltura.com\/#\/schema\/logo\/image\/\"},\"sameAs\":[\"https:\/\/www.facebook.com\/letteraltura\",\"https:\/\/www.instagram.com\/letteraltura\/\",\"https:\/\/www.youtube.com\/channel\/UC5lvGPMQnpDPQ5stsVk2x6w\"]}]}<\/script>\n<!-- \/ Yoast SEO plugin. -->","yoast_head_json":{"title":"Festival LetterAltura 2007 - Lago Maggiore LetterAltura","description":"Dal 20 settembre al via il Festival Lago Maggiore LetterAltura 2023: tema della diciassettesima edizione \u201cGli alberi guardano i treni che passano\u201d","robots":{"index":"index","follow":"follow","max-snippet":"max-snippet:-1","max-image-preview":"max-image-preview:large","max-video-preview":"max-video-preview:-1"},"canonical":"https:\/\/www.associazioneletteraltura.com\/en\/festival-letteraltura-2007\/","og_locale":"en_GB","og_type":"article","og_title":"Festival LetterAltura 2007 - Lago Maggiore LetterAltura","og_description":"Dal 20 settembre al via il Festival Lago Maggiore LetterAltura 2023: tema della diciassettesima edizione \u201cGli alberi guardano i treni che passano\u201d","og_url":"https:\/\/www.associazioneletteraltura.com\/en\/festival-letteraltura-2007\/","og_site_name":"Lago Maggiore LetterAltura","article_publisher":"https:\/\/www.facebook.com\/letteraltura","article_modified_time":"2024-02-15T15:09:34+00:00","twitter_card":"summary_large_image","twitter_misc":{"Estimated reading time":"5 minutes"},"schema":{"@context":"https:\/\/schema.org","@graph":[{"@type":"WebPage","@id":"https:\/\/www.associazioneletteraltura.com\/festival-letteraltura-2007\/","url":"https:\/\/www.associazioneletteraltura.com\/festival-letteraltura-2007\/","name":"Festival LetterAltura 2007 - Lago Maggiore LetterAltura","isPartOf":{"@id":"https:\/\/www.associazioneletteraltura.com\/#website"},"datePublished":"2021-07-13T10:33:38+00:00","dateModified":"2024-02-15T15:09:34+00:00","description":"Dal 20 settembre al via il Festival Lago Maggiore LetterAltura 2023: tema della diciassettesima edizione \u201cGli alberi guardano i treni che passano\u201d","breadcrumb":{"@id":"https:\/\/www.associazioneletteraltura.com\/festival-letteraltura-2007\/#breadcrumb"},"inLanguage":"en-GB","potentialAction":[{"@type":"ReadAction","target":["https:\/\/www.associazioneletteraltura.com\/festival-letteraltura-2007\/"]}]},{"@type":"BreadcrumbList","@id":"https:\/\/www.associazioneletteraltura.com\/festival-letteraltura-2007\/#breadcrumb","itemListElement":[{"@type":"ListItem","position":1,"name":"Home","item":"https:\/\/www.associazioneletteraltura.com\/"},{"@type":"ListItem","position":2,"name":"Festival LetterAltura 2007"}]},{"@type":"WebSite","@id":"https:\/\/www.associazioneletteraltura.com\/#website","url":"https:\/\/www.associazioneletteraltura.com\/","name":"Lago Maggiore LetterAltura","description":"Festival di letteratura di montagna, viaggio, avventura","publisher":{"@id":"https:\/\/www.associazioneletteraltura.com\/#organization"},"potentialAction":[{"@type":"SearchAction","target":{"@type":"EntryPoint","urlTemplate":"https:\/\/www.associazioneletteraltura.com\/?s={search_term_string}"},"query-input":{"@type":"PropertyValueSpecification","valueRequired":true,"valueName":"search_term_string"}}],"inLanguage":"en-GB"},{"@type":"Organization","@id":"https:\/\/www.associazioneletteraltura.com\/#organization","name":"Associazione Letteraltura","url":"https:\/\/www.associazioneletteraltura.com\/","logo":{"@type":"ImageObject","inLanguage":"en-GB","@id":"https:\/\/www.associazioneletteraltura.com\/#\/schema\/logo\/image\/","url":"https:\/\/www.associazioneletteraltura.com\/wp-content\/uploads\/2021\/07\/Logo-Letteraltura.png","contentUrl":"https:\/\/www.associazioneletteraltura.com\/wp-content\/uploads\/2021\/07\/Logo-Letteraltura.png","width":574,"height":638,"caption":"Associazione Letteraltura"},"image":{"@id":"https:\/\/www.associazioneletteraltura.com\/#\/schema\/logo\/image\/"},"sameAs":["https:\/\/www.facebook.com\/letteraltura","https:\/\/www.instagram.com\/letteraltura\/","https:\/\/www.youtube.com\/channel\/UC5lvGPMQnpDPQ5stsVk2x6w"]}]}},"jetpack_sharing_enabled":true,"_links":{"self":[{"href":"https:\/\/www.associazioneletteraltura.com\/en\/wp-json\/wp\/v2\/pages\/6999","targetHints":{"allow":["GET"]}}],"collection":[{"href":"https:\/\/www.associazioneletteraltura.com\/en\/wp-json\/wp\/v2\/pages"}],"about":[{"href":"https:\/\/www.associazioneletteraltura.com\/en\/wp-json\/wp\/v2\/types\/page"}],"author":[{"embeddable":true,"href":"https:\/\/www.associazioneletteraltura.com\/en\/wp-json\/wp\/v2\/users\/8"}],"replies":[{"embeddable":true,"href":"https:\/\/www.associazioneletteraltura.com\/en\/wp-json\/wp\/v2\/comments?post=6999"}],"version-history":[{"count":7,"href":"https:\/\/www.associazioneletteraltura.com\/en\/wp-json\/wp\/v2\/pages\/6999\/revisions"}],"predecessor-version":[{"id":15017,"href":"https:\/\/www.associazioneletteraltura.com\/en\/wp-json\/wp\/v2\/pages\/6999\/revisions\/15017"}],"wp:attachment":[{"href":"https:\/\/www.associazioneletteraltura.com\/en\/wp-json\/wp\/v2\/media?parent=6999"}],"curies":[{"name":"wp","href":"https:\/\/api.w.org\/{rel}","templated":true}]}}