{"id":6159,"date":"2021-07-03T08:58:09","date_gmt":"2021-07-03T08:58:09","guid":{"rendered":"http:\/\/www.associazioneletteraltura.com\/?page_id=6159"},"modified":"2021-07-05T13:35:51","modified_gmt":"2021-07-05T13:35:51","slug":"2017-leggere-storie-e-parole-sul-treno","status":"publish","type":"page","link":"https:\/\/www.associazioneletteraltura.com\/en\/2017-leggere-storie-e-parole-sul-treno\/","title":{"rendered":"L\u00e9gg\u00e9re Storie e Parole sul Treno"},"content":{"rendered":"<div data-elementor-type=\"wp-page\" data-elementor-id=\"6159\" class=\"elementor elementor-6159\" data-elementor-settings=\"[]\">\n\t\t\t\t\t\t\t<div class=\"elementor-section-wrap\">\n\t\t\t\t\t\t\t<section class=\"elementor-section elementor-top-section elementor-element elementor-element-8e9ffb1 elementor-section-height-full elementor-section-full_width elementor-section-height-default elementor-section-items-middle\" data-id=\"8e9ffb1\" data-element_type=\"section\" data-settings=\"{&quot;background_background&quot;:&quot;classic&quot;}\">\n\t\t\t\t\t\t\t<div class=\"elementor-background-overlay\"><\/div>\n\t\t\t\t\t\t\t<div class=\"elementor-container elementor-column-gap-default\">\n\t\t\t\t\t<div class=\"elementor-column elementor-col-33 elementor-top-column elementor-element elementor-element-e53b844\" data-id=\"e53b844\" data-element_type=\"column\">\n\t\t\t<div class=\"elementor-widget-wrap\">\n\t\t\t\t\t\t\t\t\t<\/div>\n\t\t<\/div>\n\t\t\t\t<div class=\"elementor-column elementor-col-33 elementor-top-column elementor-element elementor-element-4f2bf64\" data-id=\"4f2bf64\" data-element_type=\"column\">\n\t\t\t<div class=\"elementor-widget-wrap elementor-element-populated\">\n\t\t\t\t\t\t\t\t<div class=\"elementor-element elementor-element-a9212c0 elementor-widget elementor-widget-heading\" data-id=\"a9212c0\" data-element_type=\"widget\" data-widget_type=\"heading.default\">\n\t\t\t\t<div class=\"elementor-widget-container\">\n\t\t\t<h2 class=\"elementor-heading-title elementor-size-default\">L\u00e8gg\u00e8re St\u00f2rie e Par\u00f2le sul Tr\u00e8no <\/h2>\t\t<\/div>\n\t\t\t\t<\/div>\n\t\t\t\t<div class=\"elementor-element elementor-element-aac136e elementor-widget elementor-widget-heading\" data-id=\"aac136e\" data-element_type=\"widget\" data-widget_type=\"heading.default\">\n\t\t\t\t<div class=\"elementor-widget-container\">\n\t\t\t<h2 class=\"elementor-heading-title elementor-size-default\">2017<\/h2>\t\t<\/div>\n\t\t\t\t<\/div>\n\t\t\t\t\t<\/div>\n\t\t<\/div>\n\t\t\t\t<div class=\"elementor-column elementor-col-33 elementor-top-column elementor-element elementor-element-6eb2231\" data-id=\"6eb2231\" data-element_type=\"column\">\n\t\t\t<div class=\"elementor-widget-wrap elementor-element-populated\">\n\t\t\t\t\t\t\t\t<section class=\"elementor-section elementor-inner-section elementor-element elementor-element-8257d88 elementor-section-boxed elementor-section-height-default elementor-section-height-default\" data-id=\"8257d88\" data-element_type=\"section\">\n\t\t\t\t\t\t<div class=\"elementor-container elementor-column-gap-default\">\n\t\t\t\t\t<div class=\"elementor-column elementor-col-50 elementor-inner-column elementor-element elementor-element-8aad7ac\" data-id=\"8aad7ac\" data-element_type=\"column\">\n\t\t\t<div class=\"elementor-widget-wrap\">\n\t\t\t\t\t\t\t\t\t<\/div>\n\t\t<\/div>\n\t\t\t\t<div class=\"elementor-column elementor-col-50 elementor-inner-column elementor-element elementor-element-11044c3\" data-id=\"11044c3\" data-element_type=\"column\">\n\t\t\t<div class=\"elementor-widget-wrap\">\n\t\t\t\t\t\t\t\t\t<\/div>\n\t\t<\/div>\n\t\t\t\t\t\t\t<\/div>\n\t\t<\/section>\n\t\t\t\t\t<\/div>\n\t\t<\/div>\n\t\t\t\t\t\t\t<\/div>\n\t\t<\/section>\n\t\t\t\t<section class=\"elementor-section elementor-top-section elementor-element elementor-element-93344ff elementor-section-boxed elementor-section-height-default elementor-section-height-default\" data-id=\"93344ff\" data-element_type=\"section\">\n\t\t\t\t\t\t<div class=\"elementor-container elementor-column-gap-default\">\n\t\t\t\t\t<div class=\"elementor-column elementor-col-100 elementor-top-column elementor-element elementor-element-30dcc0e\" data-id=\"30dcc0e\" data-element_type=\"column\">\n\t\t\t<div class=\"elementor-widget-wrap elementor-element-populated\">\n\t\t\t\t\t\t\t\t<div class=\"elementor-element elementor-element-2770987 elementor-widget elementor-widget-spacer\" data-id=\"2770987\" data-element_type=\"widget\" data-widget_type=\"spacer.default\">\n\t\t\t\t<div class=\"elementor-widget-container\">\n\t\t\t\t\t<div class=\"elementor-spacer\">\n\t\t\t<div class=\"elementor-spacer-inner\"><\/div>\n\t\t<\/div>\n\t\t\t\t<\/div>\n\t\t\t\t<\/div>\n\t\t\t\t\t<\/div>\n\t\t<\/div>\n\t\t\t\t\t\t\t<\/div>\n\t\t<\/section>\n\t\t\t\t<section class=\"elementor-section elementor-top-section elementor-element elementor-element-2843586 elementor-section-boxed elementor-section-height-default elementor-section-height-default\" data-id=\"2843586\" data-element_type=\"section\">\n\t\t\t\t\t\t<div class=\"elementor-container elementor-column-gap-default\">\n\t\t\t\t\t<div class=\"elementor-column elementor-col-100 elementor-top-column elementor-element elementor-element-8fef426\" data-id=\"8fef426\" data-element_type=\"column\">\n\t\t\t<div class=\"elementor-widget-wrap elementor-element-populated\">\n\t\t\t\t\t\t\t\t<div class=\"elementor-element elementor-element-213486f elementor-widget elementor-widget-text-editor\" data-id=\"213486f\" data-element_type=\"widget\" data-widget_type=\"text-editor.default\">\n\t\t\t\t<div class=\"elementor-widget-container\">\n\t\t\t\t\t\t\t\t<p>Riparte anche quest\u2019anno il Festival Lago Maggiore LetterAltura, appuntamento atteso e imperdibile per la citt\u00e0 di Verbania, giunto alla sua undicesima edizione. Numerose le novit\u00e0 di quest\u2019anno, a partire dallo spostamento del Festival da giugno a settembre e la nuova collocazione alla Biblioteca Civica e al Centro Eventi \u201cIl Maggiore\u201d, dove si svolger\u00e0 la maggior parte degli eventi. Quattro giornate, da gioved\u00ec 14 a domenica 17 settembre, in cui, come da tradizione si parler\u00e0 di montagna, viaggio e avventura, ma attraverso un principale grande tema-motore: il treno. Incontri con autori, letture a voce alta, spettacoli, mostre, passeggiate e giochi per adulti e bambini saranno l\u2019occasione per raccontare il treno come veicolo di storie, racconti, parole, immagini, emozioni e ricordi.<\/p><p><strong>l\u00e8gg\u00e8re st\u00f2rie e par\u00f2le sul tr\u00e8no<\/strong> \u00e8 il titolo che LetterAltura ha scelto per l&#8217;edizione 2017 del Festival.<\/p><h3>l\u00e8ggere<\/h3><p>\u200bI libri innanzitutto, come elemento essenziale e punto di partenza e di riferimento per un festival di letteratura. Il Festival 2017 di LetterAltura propone l\u2019incontro con autori di libri interessanti e diversi tra loro: romanzi, reportages e testimonianze giornalistiche, saggi filosofici e scientifici, guide di viaggio\u2026 C\u2019\u00e8 quindi la possibilit\u00e0, dialogando con chi scrive, di conoscere la variet\u00e0 della scrittura, da quella narrativa a quella riflessiva, dalla descrizione della realt\u00e0 alla libert\u00e0 della fantasia, dalla tradizione dei classici letterari alle nuove forme del blog e dei social network. Ma il libro non \u00e8 solo scrittura e testo: pu\u00f2 essere illustrato e completato da fotografie o acquarelli, oppure pu\u00f2 diventare esso stesso un oggetto di sperimentazione artistica. E la lettura pu\u00f2 avere dimensioni diverse da quella individuale: il Festival in particolare propone l\u2019esperienza della lettura ad alta voce, nei momenti di animazione per i bambini, presentando un progetto per gli studenti delle medie e delle superiori, ospitando un corso avanzato di lettura espressiva.<\/p><h3>st\u00f2rie<\/h3><p>Molti degli ospiti vengono al Festival a raccontare delle storie. Possono essere le loro storie personali di alpinisti, viaggiatori, esploratori di un mondo da percorrere con lentezza e attenzione, apprezzando la bellezza della natura, di un giardino, della montagna. Ma possono essere le realt\u00e0 tragiche della storia, ripercorse in un viaggio con gli studenti, o quelle drammatiche e attuali, raccontate da giornalisti che non hanno timore di denunciare le situazioni di sofferenza e di violazione dei diritti umani, in Messico, in Turchia, nei Balcani. Ci sono poi le storie collettive, come quelle legate alla stazione di Bellinzona, alla ferrovia che attraversa la Val Vigezzo o a quella che un tempo saliva da Intra fino a Premeno. La narrazione diventa anche cinema che sa raccontare le persone e i luoghi, come dimostra il film girato in Val Grande.<\/p><h3>e par\u00f2le<\/h3><p>La parola stessa pu\u00f2 diventare oggetto di attenzione, con la lettura e l\u2019ascolto, ma pu\u00f2 essere anche occasione di divertimento. Sono le parole del racconto teatrale, nella forma intensa del monologo, o delle canzoni che parlano di treni e viaggi in ferrovia. Sono il ritmo delle filastrocche o gli elementi dei giochi enigmistici. E assieme alla parola, il silenzio. Il Festival propone l\u2019incontro con chi ha fondato l\u2019Accademia del Silenzio, con l\u2019intento di far riscoprire un valore prezioso, da vivere ritrovando se stessi, da soli o in una passeggiata condivisa tra i fiori o nel buio della notte.<\/p><h3>sul tr\u00e8no<\/h3><p>Il tema centrale del Festival 2017 di LetterAltura \u00e8 il treno. \u00c8 stato scelto come specifica dimensione del viaggio e si \u00e8 rivelato un \u201cveicolo\u201d di idee, collegamenti e direzioni ricche di spunti, tra passato presente e futuro e nel rapporto tra la realt\u00e0 del territorio verbanese, estesa a tutto il Verbano, il Cusio, l\u2019Ossola e il Ticino, e quella del mondo intero, anche nelle regioni pi\u00f9 lontane e per questo affascinanti. Il treno come tema letterario e artistico in generale, come sviluppo storico e tecnologico, nel suo rapporto, positivo o negativo, con la natura e il paesaggio. Il treno come elemento appunto di narrazione o di riflessione sul viaggiare, ma occasione per ragionare anche sugli aspetti ambientali in rapporto con i cambiamenti climatici, come modalit\u00e0 sostenibile di viaggio e di trasporto. Nelle citt\u00e0 le reti ferroviarie e le stazioni sono componenti urbanistiche da ripensare, magari con un progetto di grande architettura, come quello presentato nel Festival da un incontro e una mostra fotografica. Il fascino del treno si traduce nell&#8217;ammirazione di modellini e plastici, ma i laboratori permettono ai bambini, nei giorni del festival, di costruire locomotive e vagoni con materiali semplici e tanta fantasia. E non manca un treno \u201cvero\u201d: il TGG di LetterAltura, il Trenino da Giardino a Giardino che per tre giorni unisce Intra a Pallanza, passando accanto ai pi\u00f9 bei giardini che si affacciano lungo il lago.<\/p><h3>legg\u00e8re<\/h3><p>Se poi si ricomincia e si sposta un accento si scopre che nella parola \u201cfestival\u201d ci sta il senso della festa, dell\u2019incontro sincero e piacevole tra le persone; che \u00e8 sempre valido quello che ha scritto Italo Calvino:\u201cla letteratura come funzione esistenziale, la ricerca della leggerezza come reazione al peso di vivere\u201d; che L\u00c8GG\u00c8RE STORIE E PAR\u00d2LE SUL TR\u00c8NO \u00e8 un titolo ma anche un endecasillabo.<\/p><p>Se qualcuno si \u00e8 chiesto il motivo degli accenti nel titolo del Festival 2017 di LetterAltura, ecco spiegata l&#8217;origine di questo &#8220;gioco&#8221;.<\/p><blockquote><p><em>La mattina del 25 agosto dello scorso anno (1870) \u00e8ro alla stazione di Milano, ed entravo in un conv\u00f2glio della ferrovia. Che b\u00e8lla mattina! Un\u2019aurora di fuoco imporporava le vette che fanno corona alla pianura lombarda. Portato dal vapore, col capo allo sport\u00e8llo, rinfrescato dalla brezza che mi arruffava i capelli, tenevo lo sguardo fisso a settentrione sulle nostre Prealpi, e vedevo passarm\u00e8le davanti in rassegna,quasi un es\u00e8rcito di giganti. [\u2026] Attrav\u00e8rso, come di volo, le rid\u00e8nti colline di Gallarate: sono al Ticino, e passatolo sul punto che cupo son\u00f2 eccomi, dopo brevi istanti, ad Arona. [\u2026] Com\u2019\u00e8 vago in ogni canto questo giardino d\u2019Italia! Con che ebbrezza salimmo sul pir\u00f2scafo che ci doveva portare sulle onde di quell\u2019incantevole bacino! E quando udimmo il tonfo misurato delle ru\u00f2te e vedemmo allontanarsi la sponda, quasi per ispieg\u00e0r m\u00e8glio ai nostri sguardi i suoi incanti, fu un momento delizioso. [\u2026] Ho veduto pi\u00f9 volte questo lago Maggiore, e s\u00e8mpre mi \u00e8 apparso nu\u00f2vo, s\u00e8mpre pi\u00f9 b\u00e8llo. Uno vorrebbe passarci la vita\u2026 Ma via, molti di voi l\u2019hanno visto, l\u2019hanno gustato, ed io arrischio di guastarne loro l\u2019imm\u00e0gine, non isperando al c\u00e8rto di abbellirla. Mi affretto dunque alla m\u00e8ta; la Val-Formazza e la grande cascata.<\/em><\/p><\/blockquote><p>Sono alcuni passi del libro Il Bel Paese. Conversazioni sulle bellezze naturali, la geologia e la geografia fisica d\u2019Italia, scritto da Antonio Stoppani e pubblicato per la prima volta nel 1876. Un libro del quale, per varie ragioni, si ricorda il titolo ma che di per s\u00e9 \u00e8 stato piuttosto dimenticato: eppure \u00e8 una bella testimonianza di un uomo avanti nei tempi, appassionato ed esperto di scienza e affascinato dalle montagne. Stoppani, religioso rosminiano, ne Il Bel Paese descrive alcune escursioni sulle Alpi, partendo da Milano con i mezzi di allora. Nella \u201cSerata VII\u201d racconta ai suoi vivaci nipotini, con precisione ma anche con stile letterario (compresi gli accenti\u2026) il suo viaggio di scoperta \u201cDa Milano al Salto della Toce\u201d. LetterAltura vuole dare l\u2019occasione di rileggere questo capitolo, offrendone una copia agli ospiti e ai visitatori del Festival 2017. Ma questo testo, antico quasi di un secolo e mezzo, \u00e8 anche un incoraggiamento per altre attivit\u00e0 che LetterAltura vuole sviluppare dopo e oltre il Festival, per valorizzare la lettura, la letteratura, la ricerca scientifica, l\u2019attenzione al paesaggio, in particolare a quello cos\u00ec bello del nostro lago e delle nostre montagne.<\/p>\t\t\t\t\t\t<\/div>\n\t\t\t\t<\/div>\n\t\t\t\t\t<\/div>\n\t\t<\/div>\n\t\t\t\t\t\t\t<\/div>\n\t\t<\/section>\n\t\t\t\t\t\t<\/div>\n\t\t\t\t\t<\/div>","protected":false},"excerpt":{"rendered":"<p>L\u00e8gg\u00e8re St\u00f2rie e Par\u00f2le sul Tr\u00e8no 2017 Riparte anche quest\u2019anno il Festival Lago Maggiore LetterAltura, appuntamento atteso e imperdibile per la citt\u00e0 di Verbania, giunto alla sua undicesima edizione. Numerose le novit\u00e0 di quest\u2019anno, a partire dallo spostamento del Festival da giugno a settembre e la nuova collocazione alla Biblioteca Civica e al Centro Eventi [&hellip;]<\/p>","protected":false},"author":1,"featured_media":0,"parent":0,"menu_order":0,"comment_status":"closed","ping_status":"closed","template":"elementor_header_footer","meta":{"_acf_changed":false,"pgc_meta":"","iawp_total_views":13,"footnotes":""},"class_list":["post-6159","page","type-page","status-publish","hentry"],"acf":[],"pgc_meta":"","yoast_head":"<!-- This site is optimized with the Yoast SEO plugin v27.2 - https:\/\/yoast.com\/product\/yoast-seo-wordpress\/ -->\n<title>L\u00e9gg\u00e9re Storie e Parole sul Treno - Lago Maggiore LetterAltura<\/title>\n<meta name=\"description\" content=\"Dal 20 settembre al via il Festival Lago Maggiore LetterAltura 2023: tema della diciassettesima edizione \u201cGli alberi guardano i treni che passano\u201d\" \/>\n<meta name=\"robots\" content=\"index, follow, max-snippet:-1, max-image-preview:large, max-video-preview:-1\" \/>\n<link rel=\"canonical\" href=\"https:\/\/www.associazioneletteraltura.com\/en\/2017-leggere-storie-e-parole-sul-treno\/\" \/>\n<meta property=\"og:locale\" content=\"en_GB\" \/>\n<meta property=\"og:type\" content=\"article\" \/>\n<meta property=\"og:title\" content=\"L\u00e9gg\u00e9re Storie e Parole sul Treno - Lago Maggiore LetterAltura\" \/>\n<meta property=\"og:description\" content=\"Dal 20 settembre al via il Festival Lago Maggiore LetterAltura 2023: tema della diciassettesima edizione \u201cGli alberi guardano i treni che passano\u201d\" \/>\n<meta property=\"og:url\" content=\"https:\/\/www.associazioneletteraltura.com\/en\/2017-leggere-storie-e-parole-sul-treno\/\" \/>\n<meta property=\"og:site_name\" content=\"Lago Maggiore LetterAltura\" \/>\n<meta property=\"article:publisher\" content=\"https:\/\/www.facebook.com\/letteraltura\" \/>\n<meta property=\"article:modified_time\" content=\"2021-07-05T13:35:51+00:00\" \/>\n<meta name=\"twitter:card\" content=\"summary_large_image\" \/>\n<meta name=\"twitter:label1\" content=\"Estimated reading time\" \/>\n\t<meta name=\"twitter:data1\" content=\"6 minutes\" \/>\n<script type=\"application\/ld+json\" class=\"yoast-schema-graph\">{\"@context\":\"https:\/\/schema.org\",\"@graph\":[{\"@type\":\"WebPage\",\"@id\":\"https:\/\/www.associazioneletteraltura.com\/2017-leggere-storie-e-parole-sul-treno\/\",\"url\":\"https:\/\/www.associazioneletteraltura.com\/2017-leggere-storie-e-parole-sul-treno\/\",\"name\":\"L\u00e9gg\u00e9re Storie e Parole sul Treno - Lago Maggiore LetterAltura\",\"isPartOf\":{\"@id\":\"https:\/\/www.associazioneletteraltura.com\/#website\"},\"datePublished\":\"2021-07-03T08:58:09+00:00\",\"dateModified\":\"2021-07-05T13:35:51+00:00\",\"description\":\"Dal 20 settembre al via il Festival Lago Maggiore LetterAltura 2023: tema della diciassettesima edizione \u201cGli alberi guardano i treni che passano\u201d\",\"breadcrumb\":{\"@id\":\"https:\/\/www.associazioneletteraltura.com\/2017-leggere-storie-e-parole-sul-treno\/#breadcrumb\"},\"inLanguage\":\"en-GB\",\"potentialAction\":[{\"@type\":\"ReadAction\",\"target\":[\"https:\/\/www.associazioneletteraltura.com\/2017-leggere-storie-e-parole-sul-treno\/\"]}]},{\"@type\":\"BreadcrumbList\",\"@id\":\"https:\/\/www.associazioneletteraltura.com\/2017-leggere-storie-e-parole-sul-treno\/#breadcrumb\",\"itemListElement\":[{\"@type\":\"ListItem\",\"position\":1,\"name\":\"Home\",\"item\":\"https:\/\/www.associazioneletteraltura.com\/\"},{\"@type\":\"ListItem\",\"position\":2,\"name\":\"L\u00e9gg\u00e9re Storie e Parole sul Treno\"}]},{\"@type\":\"WebSite\",\"@id\":\"https:\/\/www.associazioneletteraltura.com\/#website\",\"url\":\"https:\/\/www.associazioneletteraltura.com\/\",\"name\":\"Lago Maggiore LetterAltura\",\"description\":\"Festival di letteratura di montagna, viaggio, avventura\",\"publisher\":{\"@id\":\"https:\/\/www.associazioneletteraltura.com\/#organization\"},\"potentialAction\":[{\"@type\":\"SearchAction\",\"target\":{\"@type\":\"EntryPoint\",\"urlTemplate\":\"https:\/\/www.associazioneletteraltura.com\/?s={search_term_string}\"},\"query-input\":{\"@type\":\"PropertyValueSpecification\",\"valueRequired\":true,\"valueName\":\"search_term_string\"}}],\"inLanguage\":\"en-GB\"},{\"@type\":\"Organization\",\"@id\":\"https:\/\/www.associazioneletteraltura.com\/#organization\",\"name\":\"Associazione Letteraltura\",\"url\":\"https:\/\/www.associazioneletteraltura.com\/\",\"logo\":{\"@type\":\"ImageObject\",\"inLanguage\":\"en-GB\",\"@id\":\"https:\/\/www.associazioneletteraltura.com\/#\/schema\/logo\/image\/\",\"url\":\"https:\/\/www.associazioneletteraltura.com\/wp-content\/uploads\/2021\/07\/Logo-Letteraltura.png\",\"contentUrl\":\"https:\/\/www.associazioneletteraltura.com\/wp-content\/uploads\/2021\/07\/Logo-Letteraltura.png\",\"width\":574,\"height\":638,\"caption\":\"Associazione Letteraltura\"},\"image\":{\"@id\":\"https:\/\/www.associazioneletteraltura.com\/#\/schema\/logo\/image\/\"},\"sameAs\":[\"https:\/\/www.facebook.com\/letteraltura\",\"https:\/\/www.instagram.com\/letteraltura\/\",\"https:\/\/www.youtube.com\/channel\/UC5lvGPMQnpDPQ5stsVk2x6w\"]}]}<\/script>\n<!-- \/ Yoast SEO plugin. -->","yoast_head_json":{"title":"L\u00e9gg\u00e9re Storie e Parole sul Treno - Lago Maggiore LetterAltura","description":"Dal 20 settembre al via il Festival Lago Maggiore LetterAltura 2023: tema della diciassettesima edizione \u201cGli alberi guardano i treni che passano\u201d","robots":{"index":"index","follow":"follow","max-snippet":"max-snippet:-1","max-image-preview":"max-image-preview:large","max-video-preview":"max-video-preview:-1"},"canonical":"https:\/\/www.associazioneletteraltura.com\/en\/2017-leggere-storie-e-parole-sul-treno\/","og_locale":"en_GB","og_type":"article","og_title":"L\u00e9gg\u00e9re Storie e Parole sul Treno - Lago Maggiore LetterAltura","og_description":"Dal 20 settembre al via il Festival Lago Maggiore LetterAltura 2023: tema della diciassettesima edizione \u201cGli alberi guardano i treni che passano\u201d","og_url":"https:\/\/www.associazioneletteraltura.com\/en\/2017-leggere-storie-e-parole-sul-treno\/","og_site_name":"Lago Maggiore LetterAltura","article_publisher":"https:\/\/www.facebook.com\/letteraltura","article_modified_time":"2021-07-05T13:35:51+00:00","twitter_card":"summary_large_image","twitter_misc":{"Estimated reading time":"6 minutes"},"schema":{"@context":"https:\/\/schema.org","@graph":[{"@type":"WebPage","@id":"https:\/\/www.associazioneletteraltura.com\/2017-leggere-storie-e-parole-sul-treno\/","url":"https:\/\/www.associazioneletteraltura.com\/2017-leggere-storie-e-parole-sul-treno\/","name":"L\u00e9gg\u00e9re Storie e Parole sul Treno - Lago Maggiore LetterAltura","isPartOf":{"@id":"https:\/\/www.associazioneletteraltura.com\/#website"},"datePublished":"2021-07-03T08:58:09+00:00","dateModified":"2021-07-05T13:35:51+00:00","description":"Dal 20 settembre al via il Festival Lago Maggiore LetterAltura 2023: tema della diciassettesima edizione \u201cGli alberi guardano i treni che passano\u201d","breadcrumb":{"@id":"https:\/\/www.associazioneletteraltura.com\/2017-leggere-storie-e-parole-sul-treno\/#breadcrumb"},"inLanguage":"en-GB","potentialAction":[{"@type":"ReadAction","target":["https:\/\/www.associazioneletteraltura.com\/2017-leggere-storie-e-parole-sul-treno\/"]}]},{"@type":"BreadcrumbList","@id":"https:\/\/www.associazioneletteraltura.com\/2017-leggere-storie-e-parole-sul-treno\/#breadcrumb","itemListElement":[{"@type":"ListItem","position":1,"name":"Home","item":"https:\/\/www.associazioneletteraltura.com\/"},{"@type":"ListItem","position":2,"name":"L\u00e9gg\u00e9re Storie e Parole sul Treno"}]},{"@type":"WebSite","@id":"https:\/\/www.associazioneletteraltura.com\/#website","url":"https:\/\/www.associazioneletteraltura.com\/","name":"Lago Maggiore LetterAltura","description":"Festival di letteratura di montagna, viaggio, avventura","publisher":{"@id":"https:\/\/www.associazioneletteraltura.com\/#organization"},"potentialAction":[{"@type":"SearchAction","target":{"@type":"EntryPoint","urlTemplate":"https:\/\/www.associazioneletteraltura.com\/?s={search_term_string}"},"query-input":{"@type":"PropertyValueSpecification","valueRequired":true,"valueName":"search_term_string"}}],"inLanguage":"en-GB"},{"@type":"Organization","@id":"https:\/\/www.associazioneletteraltura.com\/#organization","name":"Associazione Letteraltura","url":"https:\/\/www.associazioneletteraltura.com\/","logo":{"@type":"ImageObject","inLanguage":"en-GB","@id":"https:\/\/www.associazioneletteraltura.com\/#\/schema\/logo\/image\/","url":"https:\/\/www.associazioneletteraltura.com\/wp-content\/uploads\/2021\/07\/Logo-Letteraltura.png","contentUrl":"https:\/\/www.associazioneletteraltura.com\/wp-content\/uploads\/2021\/07\/Logo-Letteraltura.png","width":574,"height":638,"caption":"Associazione Letteraltura"},"image":{"@id":"https:\/\/www.associazioneletteraltura.com\/#\/schema\/logo\/image\/"},"sameAs":["https:\/\/www.facebook.com\/letteraltura","https:\/\/www.instagram.com\/letteraltura\/","https:\/\/www.youtube.com\/channel\/UC5lvGPMQnpDPQ5stsVk2x6w"]}]}},"jetpack_sharing_enabled":true,"_links":{"self":[{"href":"https:\/\/www.associazioneletteraltura.com\/en\/wp-json\/wp\/v2\/pages\/6159","targetHints":{"allow":["GET"]}}],"collection":[{"href":"https:\/\/www.associazioneletteraltura.com\/en\/wp-json\/wp\/v2\/pages"}],"about":[{"href":"https:\/\/www.associazioneletteraltura.com\/en\/wp-json\/wp\/v2\/types\/page"}],"author":[{"embeddable":true,"href":"https:\/\/www.associazioneletteraltura.com\/en\/wp-json\/wp\/v2\/users\/1"}],"replies":[{"embeddable":true,"href":"https:\/\/www.associazioneletteraltura.com\/en\/wp-json\/wp\/v2\/comments?post=6159"}],"version-history":[{"count":16,"href":"https:\/\/www.associazioneletteraltura.com\/en\/wp-json\/wp\/v2\/pages\/6159\/revisions"}],"predecessor-version":[{"id":6309,"href":"https:\/\/www.associazioneletteraltura.com\/en\/wp-json\/wp\/v2\/pages\/6159\/revisions\/6309"}],"wp:attachment":[{"href":"https:\/\/www.associazioneletteraltura.com\/en\/wp-json\/wp\/v2\/media?parent=6159"}],"curies":[{"name":"wp","href":"https:\/\/api.w.org\/{rel}","templated":true}]}}