{"id":20109,"date":"2026-04-08T13:38:31","date_gmt":"2026-04-08T13:38:31","guid":{"rendered":"https:\/\/www.associazioneletteraltura.com\/?page_id=20109"},"modified":"2026-04-08T13:40:50","modified_gmt":"2026-04-08T13:40:50","slug":"premio-volver-antonio-dal-masetto-2025","status":"publish","type":"page","link":"https:\/\/www.associazioneletteraltura.com\/en\/premio-volver-antonio-dal-masetto-2025\/","title":{"rendered":"Premio &#8220;Volver &#8211; Antonio Dal Masetto&#8221; 2025"},"content":{"rendered":"<div data-elementor-type=\"wp-page\" data-elementor-id=\"20109\" class=\"elementor elementor-20109\" data-elementor-settings=\"[]\">\n\t\t\t\t\t\t\t<div class=\"elementor-section-wrap\">\n\t\t\t\t\t\t\t<section class=\"elementor-section elementor-top-section elementor-element elementor-element-11806da elementor-section-height-full elementor-section-full_width elementor-section-height-default elementor-section-items-middle\" data-id=\"11806da\" data-element_type=\"section\" data-settings=\"{&quot;background_background&quot;:&quot;classic&quot;}\">\n\t\t\t\t\t\t\t<div class=\"elementor-background-overlay\"><\/div>\n\t\t\t\t\t\t\t<div class=\"elementor-container elementor-column-gap-default\">\n\t\t\t\t\t<div class=\"elementor-column elementor-col-33 elementor-top-column elementor-element elementor-element-18da413\" data-id=\"18da413\" data-element_type=\"column\">\n\t\t\t<div class=\"elementor-widget-wrap\">\n\t\t\t\t\t\t\t\t\t<\/div>\n\t\t<\/div>\n\t\t\t\t<div class=\"elementor-column elementor-col-33 elementor-top-column elementor-element elementor-element-f58857f\" data-id=\"f58857f\" data-element_type=\"column\">\n\t\t\t<div class=\"elementor-widget-wrap elementor-element-populated\">\n\t\t\t\t\t\t\t\t<div class=\"elementor-element elementor-element-3fc3595 elementor-widget elementor-widget-heading\" data-id=\"3fc3595\" data-element_type=\"widget\" data-widget_type=\"heading.default\">\n\t\t\t\t<div class=\"elementor-widget-container\">\n\t\t\t<h2 class=\"elementor-heading-title elementor-size-default\">PREMIO <br>\"VOLVER - ANTONIO DAL MASETTO\" <br>\n2025<\/h2>\t\t<\/div>\n\t\t\t\t<\/div>\n\t\t\t\t\t<\/div>\n\t\t<\/div>\n\t\t\t\t<div class=\"elementor-column elementor-col-33 elementor-top-column elementor-element elementor-element-411d7b4\" data-id=\"411d7b4\" data-element_type=\"column\">\n\t\t\t<div class=\"elementor-widget-wrap\">\n\t\t\t\t\t\t\t\t\t<\/div>\n\t\t<\/div>\n\t\t\t\t\t\t\t<\/div>\n\t\t<\/section>\n\t\t\t\t<section class=\"elementor-section elementor-top-section elementor-element elementor-element-74b22c0 elementor-section-boxed elementor-section-height-default elementor-section-height-default\" data-id=\"74b22c0\" data-element_type=\"section\">\n\t\t\t\t\t\t<div class=\"elementor-container elementor-column-gap-default\">\n\t\t\t\t\t<div class=\"elementor-column elementor-col-100 elementor-top-column elementor-element elementor-element-99e574c\" data-id=\"99e574c\" data-element_type=\"column\">\n\t\t\t<div class=\"elementor-widget-wrap elementor-element-populated\">\n\t\t\t\t\t\t\t\t<section class=\"elementor-section elementor-inner-section elementor-element elementor-element-e1f4782 elementor-section-boxed elementor-section-height-default elementor-section-height-default\" data-id=\"e1f4782\" data-element_type=\"section\">\n\t\t\t\t\t\t<div class=\"elementor-container elementor-column-gap-default\">\n\t\t\t\t\t<div class=\"elementor-column elementor-col-100 elementor-inner-column elementor-element elementor-element-a3eeb55\" data-id=\"a3eeb55\" data-element_type=\"column\">\n\t\t\t<div class=\"elementor-widget-wrap elementor-element-populated\">\n\t\t\t\t\t\t\t\t<div class=\"elementor-element elementor-element-0aa5c48 elementor-widget elementor-widget-text-editor\" data-id=\"0aa5c48\" data-element_type=\"widget\" data-widget_type=\"text-editor.default\">\n\t\t\t\t<div class=\"elementor-widget-container\">\n\t\t\t\t\t\t\t\t<h2 style=\"text-align: center;\"><strong>Premio Volver &#8211; Antonio Dal Masetto:<\/strong><br \/><strong>Adri\u00e1n N. Bravi e Andreea Simionel<\/strong><\/h2><h2 style=\"text-align: center;\"><strong> vincitori ex-aequo della prima edizione<\/strong><\/h2><p>\u00a0<\/p><p>La giuria del &#8220;<strong>Premio Volver &#8211; Antonio Dal Masetto&#8221;<\/strong> ha proclamato i vincitori della prima edizione del riconoscimento letterario destinato ad autori di madrelingua non italiana che hanno adottato l&#8217;italiano come lingua di creazione artistica. Il premio, promosso dall&#8217;associazione culturale <strong>LetterAltura<\/strong> con il patrocinio del <strong>Comune di Verbania<\/strong>, va ex-aequo ad <strong>Adri\u00e1n N. Bravi<\/strong> e <strong>Andreea Simionel<\/strong>.<\/p><p><br \/><strong>Bravi<\/strong>, nato a Buenos Aires nel 1963 e residente a Macerata, riceve il riconoscimento per la capacit\u00e0 di trasformare l&#8217;esperienza del passaggio di lingua e di paese in una poetica riconoscibile. Dall&#8217;esordio in spagnolo alla scelta dell&#8217;italiano come lingua narrativa, Bravi fa dialogare Argentina e Italia con un&#8217;ironia vigile e una misura stilistica che restituiscono la complessit\u00e0 dell&#8217;identit\u00e0 in movimento. Nel romanzo Adelaida (Nutrimenti, 2024), candidato al Premio Strega e vincitore del Premio Comisso, ricuce i due continenti attraverso la vita dell&#8217;artista Adelaida Gigli, intrecciando biografia, romanzo e testimonianza civile.<\/p><p><br \/><strong>Simionel<\/strong>, nata in Romania nel 1996 e trasferitasi in Italia nel 2008, viene premiata per Male a est (Italo Svevo, 2022), in cui racconta lo sradicamento senza retorica: una famiglia mutilata dall&#8217;emigrazione, una Romania che insegue l&#8217;Europa, l&#8217;arrivo a Torino come urto con la scuola, i corpi e le parole. La sua scrittura, scarna e precisa, mette in scena il &#8220;grado zero&#8221; della lingua: l&#8217;italiano come terreno di conquista, manipolato e reinventato da una voce non madrelingua che rende visibile il trauma e la possibilit\u00e0 di rinominare il mondo.<\/p><p><br \/>La cerimonia di premiazione si \u00e8 tenuta sabato 14 febbraio 2026 nella sede storica della SOMS di Intra (Via De Bonis 36, Verbania). La data ha coinciso con l&#8217;anniversario della nascita di Antonio Dal Masetto (Intra, 1938 &#8211; Buenos Aires, 2015), lo scrittore italo-argentino cui il premio \u00e8 intitolato.<\/p><p><br \/>Il riconoscimento ha previsto un premio in denaro di 1.000 euro che i vincitori hanno potuto devolvere a un&#8217;associazione no profit argentina, riflettendo la sensibilit\u00e0 sociale che caratterizz\u00f2 l&#8217;opera di Dal Masetto. In tal senso, Adr\u00ecan N. Bravi ha devoluto la suo quota alla Biblioteca <strong>Biblioteca Trist\u00e1n Lobos di Salto<\/strong>, mentre\u00a0 Andreea Simionel ha scelto la <strong>Fondazione Casa San<\/strong>.<\/p><p><br \/>La <strong>giuria<\/strong> era composta dalla professoressa <strong>Ilaria Magnani<\/strong> dell&#8217;Universit\u00e0 di Cassino, studiosa dell&#8217;opera di Dal Masetto, dalla scrittrice <strong>Laura Pariani<\/strong> e dal critico letterario ed editore <strong>Roberto Cicala<\/strong>.<\/p><p>\u00a0<\/p><p>\u00abIl Premio Volver si ispira e soprattutto vuole ricordare un illustre concittadino, Antonio Dal Masetto\u00bb ha dichiarato Luciano Paretti, Assessore alla Cultura del Comune di Verbania \u00abche attraverso i suoi libri seppe costruire un ponte culturale tra i due mondi. Possiamo dire cos\u00ec che \u201cel Tano\u201d \u00e8 tornato a casa\u00bb.<\/p><p><br \/>\u00abAntonio Dal Masetto ha costruito ponti tra culture diverse\u00bb, ha spiegato Amadio Taddei, presidente di LetterAltura. \u00abIl nostro premio celebra chi oggi fa il percorso inverso, scegliendo l&#8217;italiano come lingua di creazione letteraria. In questo modo continuiamo a omaggiare la memoria di Dal Masetto e a divulgare la sua opera. Il primo evento fu nell\u2019ottobre 2020 la giornata di studio dedicata alla sua riscoperta: \u201c\u00c8 sempre difficile tornare a casa\u2026\u201d. Il premio vuole dare continuit\u00e0 al suo ricordo e attualizzarne il messaggio\u00bb.<\/p><p><br \/><strong>Antonio Dal Masetto: una vita tra due continenti<\/strong><br \/>Nato a Intra il 14 febbraio 1938, Antonio Dal Masetto emigr\u00f2 in Argentina nel giugno 1950 con la famiglia, stabilendosi a Salto, nella provincia di Buenos Aires. Lo sradicamento fu traumatico: \u00abSufr\u00ed mucho con el traslado. Me sent\u00eda un marciano en el mundo\u00bb, avrebbe ricordato anni dopo. Impar\u00f2 lo spagnolo da autodidatta frequentando la biblioteca comunale e scelse deliberatamente di affermarsi in quella lingua, che divenne il suo strumento espressivo. A Buenos Aires si mantenne con mestieri diversi \u2013 muratore, imbianchino, gelataio, venditore ambulante \u2013 prima di intraprendere la carriera giornalistica, collaborando dal 1985 al 2010 con il quotidiano P\u00e1gina\/12.<br \/>La sua produzione letteraria conta oltre venti opere tra romanzi, racconti e cronache. La trilogia migratoria \u2013 Oscuramente fuerte es la vida (1990), La tierra incomparable (1994) e Cita en el Lago Maggiore (2011) \u2013 racconta attraverso la protagonista Agata l&#8217;epopea degli italiani emigrati in Argentina, il processo di integrazione e l&#8217;impossibilit\u00e0 di un ritorno definitivo. La sua prosa, sobria e diretta, rifugge gli orpelli retorici e privilegia dialoghi serrati e descrizioni precise. In Argentina \u00e8 considerato un classico della letteratura contemporanea; in Italia la sua opera attende ancora pieno riconoscimento. \u00c8 morto a Buenos Aires il 2 novembre 2015.<\/p>\t\t\t\t\t\t<\/div>\n\t\t\t\t<\/div>\n\t\t\t\t<div class=\"elementor-element elementor-element-9a7e1c0 elementor-widget elementor-widget-spacer\" data-id=\"9a7e1c0\" data-element_type=\"widget\" data-widget_type=\"spacer.default\">\n\t\t\t\t<div class=\"elementor-widget-container\">\n\t\t\t\t\t<div class=\"elementor-spacer\">\n\t\t\t<div class=\"elementor-spacer-inner\"><\/div>\n\t\t<\/div>\n\t\t\t\t<\/div>\n\t\t\t\t<\/div>\n\t\t\t\t<div class=\"elementor-element elementor-element-c638238 elementor-align-center elementor-widget elementor-widget-button\" data-id=\"c638238\" data-element_type=\"widget\" data-widget_type=\"button.default\">\n\t\t\t\t<div class=\"elementor-widget-container\">\n\t\t\t\t\t<div class=\"elementor-button-wrapper\">\n\t\t\t<a href=\"https:\/\/www.associazioneletteraltura.com\/en\/fotogallery-premio-volver-a-dal-masetto-2026\/\" class=\"elementor-button-link elementor-button elementor-size-lg\" role=\"button\">\n\t\t\t\t\t\t<span class=\"elementor-button-content-wrapper\">\n\t\t\t\t\t\t<span class=\"elementor-button-text\">Clicca qui per guardare la fotogallery della premiazione<\/span>\n\t\t<\/span>\n\t\t\t\t\t<\/a>\n\t\t<\/div>\n\t\t\t\t<\/div>\n\t\t\t\t<\/div>\n\t\t\t\t\t<\/div>\n\t\t<\/div>\n\t\t\t\t\t\t\t<\/div>\n\t\t<\/section>\n\t\t\t\t\t<\/div>\n\t\t<\/div>\n\t\t\t\t\t\t\t<\/div>\n\t\t<\/section>\n\t\t\t\t\t\t<\/div>\n\t\t\t\t\t<\/div>","protected":false},"excerpt":{"rendered":"<p>PREMIO &#8220;VOLVER &#8211; ANTONIO DAL MASETTO&#8221; 2025 Premio Volver &#8211; Antonio Dal Masetto:Adri\u00e1n N. Bravi e Andreea Simionel vincitori ex-aequo della prima edizione \u00a0 La giuria del &#8220;Premio Volver &#8211; Antonio Dal Masetto&#8221; ha proclamato i vincitori della prima edizione del riconoscimento letterario destinato ad autori di madrelingua non italiana che hanno adottato l&#8217;italiano come [&hellip;]<\/p>","protected":false},"author":4,"featured_media":19418,"parent":0,"menu_order":0,"comment_status":"closed","ping_status":"closed","template":"elementor_header_footer","meta":{"_acf_changed":false,"pgc_meta":"","iawp_total_views":187,"footnotes":""},"class_list":["post-20109","page","type-page","status-publish","has-post-thumbnail","hentry"],"acf":[],"pgc_meta":"","yoast_head":"<!-- This site is optimized with the Yoast SEO plugin v27.2 - https:\/\/yoast.com\/product\/yoast-seo-wordpress\/ -->\n<title>Premio &quot;Volver - Antonio Dal Masetto&quot; 2025 - Lago Maggiore LetterAltura<\/title>\n<meta name=\"description\" content=\"Premio \u201cVolver \u2013 Antonio Dal Masetto\u201d - A dieci anni dalla scomparsa dello scrittore, Verbania onora la sua memoria con un\u2019iniziativa culturale di respiro internazionale.\" \/>\n<meta name=\"robots\" content=\"index, follow, max-snippet:-1, max-image-preview:large, max-video-preview:-1\" \/>\n<link rel=\"canonical\" href=\"https:\/\/www.associazioneletteraltura.com\/en\/premio-volver-antonio-dal-masetto-2025\/\" \/>\n<meta property=\"og:locale\" content=\"en_GB\" \/>\n<meta property=\"og:type\" content=\"article\" \/>\n<meta property=\"og:title\" content=\"Premio \u201cVolver \u2013 Antonio Dal Masetto\u201d\" \/>\n<meta property=\"og:description\" content=\"Premio \u201cVolver \u2013 Antonio Dal Masetto\u201d - A dieci anni dalla scomparsa dello scrittore, Verbania onora la sua memoria con un\u2019iniziativa culturale di respiro internazionale.\" \/>\n<meta property=\"og:url\" content=\"https:\/\/www.associazioneletteraltura.com\/en\/premio-volver-antonio-dal-masetto-2025\/\" \/>\n<meta property=\"og:site_name\" content=\"Lago Maggiore LetterAltura\" \/>\n<meta property=\"article:publisher\" content=\"https:\/\/www.facebook.com\/letteraltura\" \/>\n<meta property=\"article:modified_time\" content=\"2026-04-08T13:40:50+00:00\" \/>\n<meta property=\"og:image\" content=\"https:\/\/www.associazioneletteraltura.com\/wp-content\/uploads\/2025\/10\/Antonio-Dal-Masetto.webp\" \/>\n\t<meta property=\"og:image:width\" content=\"751\" \/>\n\t<meta property=\"og:image:height\" content=\"501\" \/>\n\t<meta property=\"og:image:type\" content=\"image\/jpeg\" \/>\n<meta name=\"twitter:card\" content=\"summary_large_image\" \/>\n<meta name=\"twitter:label1\" content=\"Estimated reading time\" \/>\n\t<meta name=\"twitter:data1\" content=\"3 minutes\" \/>\n<script type=\"application\/ld+json\" class=\"yoast-schema-graph\">{\"@context\":\"https:\/\/schema.org\",\"@graph\":[{\"@type\":\"WebPage\",\"@id\":\"https:\/\/www.associazioneletteraltura.com\/premio-volver-antonio-dal-masetto-2025\/\",\"url\":\"https:\/\/www.associazioneletteraltura.com\/premio-volver-antonio-dal-masetto-2025\/\",\"name\":\"Premio \\\"Volver - Antonio Dal Masetto\\\" 2025 - Lago Maggiore LetterAltura\",\"isPartOf\":{\"@id\":\"https:\/\/www.associazioneletteraltura.com\/#website\"},\"primaryImageOfPage\":{\"@id\":\"https:\/\/www.associazioneletteraltura.com\/premio-volver-antonio-dal-masetto-2025\/#primaryimage\"},\"image\":{\"@id\":\"https:\/\/www.associazioneletteraltura.com\/premio-volver-antonio-dal-masetto-2025\/#primaryimage\"},\"thumbnailUrl\":\"https:\/\/www.associazioneletteraltura.com\/wp-content\/uploads\/2025\/10\/Antonio-Dal-Masetto.webp\",\"datePublished\":\"2026-04-08T13:38:31+00:00\",\"dateModified\":\"2026-04-08T13:40:50+00:00\",\"description\":\"Premio \u201cVolver \u2013 Antonio Dal Masetto\u201d - A dieci anni dalla scomparsa dello scrittore, Verbania onora la sua memoria con un\u2019iniziativa culturale di respiro internazionale.\",\"breadcrumb\":{\"@id\":\"https:\/\/www.associazioneletteraltura.com\/premio-volver-antonio-dal-masetto-2025\/#breadcrumb\"},\"inLanguage\":\"en-GB\",\"potentialAction\":[{\"@type\":\"ReadAction\",\"target\":[\"https:\/\/www.associazioneletteraltura.com\/premio-volver-antonio-dal-masetto-2025\/\"]}]},{\"@type\":\"ImageObject\",\"inLanguage\":\"en-GB\",\"@id\":\"https:\/\/www.associazioneletteraltura.com\/premio-volver-antonio-dal-masetto-2025\/#primaryimage\",\"url\":\"https:\/\/www.associazioneletteraltura.com\/wp-content\/uploads\/2025\/10\/Antonio-Dal-Masetto.webp\",\"contentUrl\":\"https:\/\/www.associazioneletteraltura.com\/wp-content\/uploads\/2025\/10\/Antonio-Dal-Masetto.webp\",\"width\":751,\"height\":501},{\"@type\":\"BreadcrumbList\",\"@id\":\"https:\/\/www.associazioneletteraltura.com\/premio-volver-antonio-dal-masetto-2025\/#breadcrumb\",\"itemListElement\":[{\"@type\":\"ListItem\",\"position\":1,\"name\":\"Home\",\"item\":\"https:\/\/www.associazioneletteraltura.com\/\"},{\"@type\":\"ListItem\",\"position\":2,\"name\":\"Premio &#8220;Volver &#8211; Antonio Dal Masetto&#8221; 2025\"}]},{\"@type\":\"WebSite\",\"@id\":\"https:\/\/www.associazioneletteraltura.com\/#website\",\"url\":\"https:\/\/www.associazioneletteraltura.com\/\",\"name\":\"Lago Maggiore LetterAltura\",\"description\":\"Festival di letteratura di montagna, viaggio, avventura\",\"publisher\":{\"@id\":\"https:\/\/www.associazioneletteraltura.com\/#organization\"},\"potentialAction\":[{\"@type\":\"SearchAction\",\"target\":{\"@type\":\"EntryPoint\",\"urlTemplate\":\"https:\/\/www.associazioneletteraltura.com\/?s={search_term_string}\"},\"query-input\":{\"@type\":\"PropertyValueSpecification\",\"valueRequired\":true,\"valueName\":\"search_term_string\"}}],\"inLanguage\":\"en-GB\"},{\"@type\":\"Organization\",\"@id\":\"https:\/\/www.associazioneletteraltura.com\/#organization\",\"name\":\"Associazione Letteraltura\",\"url\":\"https:\/\/www.associazioneletteraltura.com\/\",\"logo\":{\"@type\":\"ImageObject\",\"inLanguage\":\"en-GB\",\"@id\":\"https:\/\/www.associazioneletteraltura.com\/#\/schema\/logo\/image\/\",\"url\":\"https:\/\/www.associazioneletteraltura.com\/wp-content\/uploads\/2021\/07\/Logo-Letteraltura.png\",\"contentUrl\":\"https:\/\/www.associazioneletteraltura.com\/wp-content\/uploads\/2021\/07\/Logo-Letteraltura.png\",\"width\":574,\"height\":638,\"caption\":\"Associazione Letteraltura\"},\"image\":{\"@id\":\"https:\/\/www.associazioneletteraltura.com\/#\/schema\/logo\/image\/\"},\"sameAs\":[\"https:\/\/www.facebook.com\/letteraltura\",\"https:\/\/www.instagram.com\/letteraltura\/\",\"https:\/\/www.youtube.com\/channel\/UC5lvGPMQnpDPQ5stsVk2x6w\"]}]}<\/script>\n<!-- \/ Yoast SEO plugin. -->","yoast_head_json":{"title":"Premio \"Volver - Antonio Dal Masetto\" 2025 - Lago Maggiore LetterAltura","description":"Premio \u201cVolver \u2013 Antonio Dal Masetto\u201d - A dieci anni dalla scomparsa dello scrittore, Verbania onora la sua memoria con un\u2019iniziativa culturale di respiro internazionale.","robots":{"index":"index","follow":"follow","max-snippet":"max-snippet:-1","max-image-preview":"max-image-preview:large","max-video-preview":"max-video-preview:-1"},"canonical":"https:\/\/www.associazioneletteraltura.com\/en\/premio-volver-antonio-dal-masetto-2025\/","og_locale":"en_GB","og_type":"article","og_title":"Premio \u201cVolver \u2013 Antonio Dal Masetto\u201d","og_description":"Premio \u201cVolver \u2013 Antonio Dal Masetto\u201d - A dieci anni dalla scomparsa dello scrittore, Verbania onora la sua memoria con un\u2019iniziativa culturale di respiro internazionale.","og_url":"https:\/\/www.associazioneletteraltura.com\/en\/premio-volver-antonio-dal-masetto-2025\/","og_site_name":"Lago Maggiore LetterAltura","article_publisher":"https:\/\/www.facebook.com\/letteraltura","article_modified_time":"2026-04-08T13:40:50+00:00","og_image":[{"width":751,"height":501,"url":"https:\/\/www.associazioneletteraltura.com\/wp-content\/uploads\/2025\/10\/Antonio-Dal-Masetto.webp","type":"image\/jpeg"}],"twitter_card":"summary_large_image","twitter_misc":{"Estimated reading time":"3 minutes"},"schema":{"@context":"https:\/\/schema.org","@graph":[{"@type":"WebPage","@id":"https:\/\/www.associazioneletteraltura.com\/premio-volver-antonio-dal-masetto-2025\/","url":"https:\/\/www.associazioneletteraltura.com\/premio-volver-antonio-dal-masetto-2025\/","name":"Premio \"Volver - Antonio Dal Masetto\" 2025 - Lago Maggiore LetterAltura","isPartOf":{"@id":"https:\/\/www.associazioneletteraltura.com\/#website"},"primaryImageOfPage":{"@id":"https:\/\/www.associazioneletteraltura.com\/premio-volver-antonio-dal-masetto-2025\/#primaryimage"},"image":{"@id":"https:\/\/www.associazioneletteraltura.com\/premio-volver-antonio-dal-masetto-2025\/#primaryimage"},"thumbnailUrl":"https:\/\/www.associazioneletteraltura.com\/wp-content\/uploads\/2025\/10\/Antonio-Dal-Masetto.webp","datePublished":"2026-04-08T13:38:31+00:00","dateModified":"2026-04-08T13:40:50+00:00","description":"Premio \u201cVolver \u2013 Antonio Dal Masetto\u201d - A dieci anni dalla scomparsa dello scrittore, Verbania onora la sua memoria con un\u2019iniziativa culturale di respiro internazionale.","breadcrumb":{"@id":"https:\/\/www.associazioneletteraltura.com\/premio-volver-antonio-dal-masetto-2025\/#breadcrumb"},"inLanguage":"en-GB","potentialAction":[{"@type":"ReadAction","target":["https:\/\/www.associazioneletteraltura.com\/premio-volver-antonio-dal-masetto-2025\/"]}]},{"@type":"ImageObject","inLanguage":"en-GB","@id":"https:\/\/www.associazioneletteraltura.com\/premio-volver-antonio-dal-masetto-2025\/#primaryimage","url":"https:\/\/www.associazioneletteraltura.com\/wp-content\/uploads\/2025\/10\/Antonio-Dal-Masetto.webp","contentUrl":"https:\/\/www.associazioneletteraltura.com\/wp-content\/uploads\/2025\/10\/Antonio-Dal-Masetto.webp","width":751,"height":501},{"@type":"BreadcrumbList","@id":"https:\/\/www.associazioneletteraltura.com\/premio-volver-antonio-dal-masetto-2025\/#breadcrumb","itemListElement":[{"@type":"ListItem","position":1,"name":"Home","item":"https:\/\/www.associazioneletteraltura.com\/"},{"@type":"ListItem","position":2,"name":"Premio &#8220;Volver &#8211; Antonio Dal Masetto&#8221; 2025"}]},{"@type":"WebSite","@id":"https:\/\/www.associazioneletteraltura.com\/#website","url":"https:\/\/www.associazioneletteraltura.com\/","name":"Lago Maggiore LetterAltura","description":"Festival di letteratura di montagna, viaggio, avventura","publisher":{"@id":"https:\/\/www.associazioneletteraltura.com\/#organization"},"potentialAction":[{"@type":"SearchAction","target":{"@type":"EntryPoint","urlTemplate":"https:\/\/www.associazioneletteraltura.com\/?s={search_term_string}"},"query-input":{"@type":"PropertyValueSpecification","valueRequired":true,"valueName":"search_term_string"}}],"inLanguage":"en-GB"},{"@type":"Organization","@id":"https:\/\/www.associazioneletteraltura.com\/#organization","name":"Associazione Letteraltura","url":"https:\/\/www.associazioneletteraltura.com\/","logo":{"@type":"ImageObject","inLanguage":"en-GB","@id":"https:\/\/www.associazioneletteraltura.com\/#\/schema\/logo\/image\/","url":"https:\/\/www.associazioneletteraltura.com\/wp-content\/uploads\/2021\/07\/Logo-Letteraltura.png","contentUrl":"https:\/\/www.associazioneletteraltura.com\/wp-content\/uploads\/2021\/07\/Logo-Letteraltura.png","width":574,"height":638,"caption":"Associazione Letteraltura"},"image":{"@id":"https:\/\/www.associazioneletteraltura.com\/#\/schema\/logo\/image\/"},"sameAs":["https:\/\/www.facebook.com\/letteraltura","https:\/\/www.instagram.com\/letteraltura\/","https:\/\/www.youtube.com\/channel\/UC5lvGPMQnpDPQ5stsVk2x6w"]}]}},"jetpack_sharing_enabled":true,"_links":{"self":[{"href":"https:\/\/www.associazioneletteraltura.com\/en\/wp-json\/wp\/v2\/pages\/20109","targetHints":{"allow":["GET"]}}],"collection":[{"href":"https:\/\/www.associazioneletteraltura.com\/en\/wp-json\/wp\/v2\/pages"}],"about":[{"href":"https:\/\/www.associazioneletteraltura.com\/en\/wp-json\/wp\/v2\/types\/page"}],"author":[{"embeddable":true,"href":"https:\/\/www.associazioneletteraltura.com\/en\/wp-json\/wp\/v2\/users\/4"}],"replies":[{"embeddable":true,"href":"https:\/\/www.associazioneletteraltura.com\/en\/wp-json\/wp\/v2\/comments?post=20109"}],"version-history":[{"count":16,"href":"https:\/\/www.associazioneletteraltura.com\/en\/wp-json\/wp\/v2\/pages\/20109\/revisions"}],"predecessor-version":[{"id":20126,"href":"https:\/\/www.associazioneletteraltura.com\/en\/wp-json\/wp\/v2\/pages\/20109\/revisions\/20126"}],"wp:featuredmedia":[{"embeddable":true,"href":"https:\/\/www.associazioneletteraltura.com\/en\/wp-json\/wp\/v2\/media\/19418"}],"wp:attachment":[{"href":"https:\/\/www.associazioneletteraltura.com\/en\/wp-json\/wp\/v2\/media?parent=20109"}],"curies":[{"name":"wp","href":"https:\/\/api.w.org\/{rel}","templated":true}]}}