{"id":20070,"date":"2026-03-30T14:30:19","date_gmt":"2026-03-30T14:30:19","guid":{"rendered":"https:\/\/www.associazioneletteraltura.com\/?page_id=20070"},"modified":"2026-04-14T14:14:02","modified_gmt":"2026-04-14T14:14:02","slug":"i-vincitori-del-piccolo-concorso-di-scrittura-creativa-2025","status":"publish","type":"page","link":"https:\/\/www.associazioneletteraltura.com\/en\/i-vincitori-del-piccolo-concorso-di-scrittura-creativa-2025\/","title":{"rendered":"I vincitori del Piccolo Concorso di Scrittura Creativa 2025"},"content":{"rendered":"<div data-elementor-type=\"wp-page\" data-elementor-id=\"20070\" class=\"elementor elementor-20070\" data-elementor-settings=\"[]\">\n\t\t\t\t\t\t\t<div class=\"elementor-section-wrap\">\n\t\t\t\t\t\t\t<section class=\"elementor-section elementor-top-section elementor-element elementor-element-2b94d4e elementor-section-height-full elementor-section-full_width elementor-section-height-default elementor-section-items-middle\" data-id=\"2b94d4e\" data-element_type=\"section\" data-settings=\"{&quot;background_background&quot;:&quot;classic&quot;}\">\n\t\t\t\t\t\t\t<div class=\"elementor-background-overlay\"><\/div>\n\t\t\t\t\t\t\t<div class=\"elementor-container elementor-column-gap-default\">\n\t\t\t\t\t<div class=\"elementor-column elementor-col-33 elementor-top-column elementor-element elementor-element-580e1a5\" data-id=\"580e1a5\" data-element_type=\"column\">\n\t\t\t<div class=\"elementor-widget-wrap\">\n\t\t\t\t\t\t\t\t\t<\/div>\n\t\t<\/div>\n\t\t\t\t<div class=\"elementor-column elementor-col-33 elementor-top-column elementor-element elementor-element-dad0915\" data-id=\"dad0915\" data-element_type=\"column\">\n\t\t\t<div class=\"elementor-widget-wrap elementor-element-populated\">\n\t\t\t\t\t\t\t\t<div class=\"elementor-element elementor-element-6e22c90 elementor-hidden-phone elementor-widget elementor-widget-image\" data-id=\"6e22c90\" data-element_type=\"widget\" data-widget_type=\"image.default\">\n\t\t\t\t<div class=\"elementor-widget-container\">\n\t\t\t\t\t\t\t\t\t\t\t\t\t\t\t<img loading=\"lazy\" decoding=\"async\" width=\"122\" height=\"100\" src=\"https:\/\/www.associazioneletteraltura.com\/wp-content\/uploads\/2019\/02\/logo-1.png\" class=\"attachment-large size-large\" alt=\"\" \/>\t\t\t\t\t\t\t\t\t\t\t\t\t\t\t<\/div>\n\t\t\t\t<\/div>\n\t\t\t\t<div class=\"elementor-element elementor-element-3fc3595 elementor-widget elementor-widget-heading\" data-id=\"3fc3595\" data-element_type=\"widget\" data-widget_type=\"heading.default\">\n\t\t\t\t<div class=\"elementor-widget-container\">\n\t\t\t<h2 class=\"elementor-heading-title elementor-size-default\">I VINCITORI DEL PICCOLO CONCORSO DI SCRITTURA CREATIVA 2025<\/h2>\t\t<\/div>\n\t\t\t\t<\/div>\n\t\t\t\t\t<\/div>\n\t\t<\/div>\n\t\t\t\t<div class=\"elementor-column elementor-col-33 elementor-top-column elementor-element elementor-element-c472adb\" data-id=\"c472adb\" data-element_type=\"column\">\n\t\t\t<div class=\"elementor-widget-wrap\">\n\t\t\t\t\t\t\t\t\t<\/div>\n\t\t<\/div>\n\t\t\t\t\t\t\t<\/div>\n\t\t<\/section>\n\t\t\t\t<section class=\"elementor-section elementor-top-section elementor-element elementor-element-53fea2c elementor-section-height-min-height elementor-section-boxed elementor-section-height-default elementor-section-items-middle\" data-id=\"53fea2c\" data-element_type=\"section\">\n\t\t\t\t\t\t<div class=\"elementor-container elementor-column-gap-default\">\n\t\t\t\t\t<div class=\"elementor-column elementor-col-100 elementor-top-column elementor-element elementor-element-30265a5\" data-id=\"30265a5\" data-element_type=\"column\">\n\t\t\t<div class=\"elementor-widget-wrap elementor-element-populated\">\n\t\t\t\t\t\t\t\t<div class=\"elementor-element elementor-element-4527993 elementor-widget elementor-widget-text-editor\" data-id=\"4527993\" data-element_type=\"widget\" data-widget_type=\"text-editor.default\">\n\t\t\t\t<div class=\"elementor-widget-container\">\n\t\t\t\t\t\t\t\t<p>Anche quest&#8217;anno l&#8217;<strong>Associazione\u00a0LetterAltura<\/strong>\u00a0sta lavorando, intensamente e con passione, per preparare l&#8217;<strong>edizione numero 15 del Festival<\/strong>. \u00c8 ormai chiaro che la situazione di pandemia non sar\u00e0 alle spalle a settembre, per cui organizzeremo la rassegna, come gi\u00e0 fatto lo scorso anno, secondo procedure che ci permettano di viverla in condizioni di sicurezza.<\/p>\t\t\t\t\t\t<\/div>\n\t\t\t\t<\/div>\n\t\t\t\t<div class=\"elementor-element elementor-element-8cfca9f elementor-widget elementor-widget-spacer\" data-id=\"8cfca9f\" data-element_type=\"widget\" data-widget_type=\"spacer.default\">\n\t\t\t\t<div class=\"elementor-widget-container\">\n\t\t\t\t\t<div class=\"elementor-spacer\">\n\t\t\t<div class=\"elementor-spacer-inner\"><\/div>\n\t\t<\/div>\n\t\t\t\t<\/div>\n\t\t\t\t<\/div>\n\t\t\t\t\t<\/div>\n\t\t<\/div>\n\t\t\t\t\t\t\t<\/div>\n\t\t<\/section>\n\t\t\t\t<section class=\"elementor-section elementor-top-section elementor-element elementor-element-14205a6 elementor-section-boxed elementor-section-height-default elementor-section-height-default\" data-id=\"14205a6\" data-element_type=\"section\">\n\t\t\t\t\t\t<div class=\"elementor-container elementor-column-gap-default\">\n\t\t\t\t\t<div class=\"elementor-column elementor-col-100 elementor-top-column elementor-element elementor-element-b987966\" data-id=\"b987966\" data-element_type=\"column\">\n\t\t\t<div class=\"elementor-widget-wrap elementor-element-populated\">\n\t\t\t\t\t\t\t\t<div class=\"elementor-element elementor-element-b91f6b1 elementor-widget elementor-widget-text-editor\" data-id=\"b91f6b1\" data-element_type=\"widget\" data-widget_type=\"text-editor.default\">\n\t\t\t\t<div class=\"elementor-widget-container\">\n\t\t\t\t\t\t\t\t<h4 style=\"text-align: center;\"><strong>Sabato 18 marzo 2026<\/strong> sono stati proclamati i vincitori del Piccolo Concorso di Scrittura Creativa 2025.<\/h4>\t\t\t\t\t\t<\/div>\n\t\t\t\t<\/div>\n\t\t\t\t<div class=\"elementor-element elementor-element-a6a8d98 elementor-widget elementor-widget-spacer\" data-id=\"a6a8d98\" data-element_type=\"widget\" data-widget_type=\"spacer.default\">\n\t\t\t\t<div class=\"elementor-widget-container\">\n\t\t\t\t\t<div class=\"elementor-spacer\">\n\t\t\t<div class=\"elementor-spacer-inner\"><\/div>\n\t\t<\/div>\n\t\t\t\t<\/div>\n\t\t\t\t<\/div>\n\t\t\t\t<div class=\"elementor-element elementor-element-feb5d17 elementor-widget elementor-widget-text-editor\" data-id=\"feb5d17\" data-element_type=\"widget\" data-widget_type=\"text-editor.default\">\n\t\t\t\t<div class=\"elementor-widget-container\">\n\t\t\t\t\t\t\t\t<p>Dopo un&#8217;attenta valutazione, la <strong>giuria<\/strong> della nona edizione del Piccolo Concorso, collegata al Festival Lago Maggiore LetterAltura 2025 e caratterizzata dal tema \u201c<span style=\"font-size: large;\"><b>Mutamenti. Le sfide del cambiamento\u201d<\/b><\/span>, ha proclamato <strong>i vincitori del Piccolo Concorso di Scrittura Creativa.\u00a0<br \/><\/strong><\/p><p>\u00a0<\/p><p><strong>Eccoli:\u00a0<\/strong><\/p><ul><li>1\u00b0 posto <strong>Sergio Maria Mazzaferro<\/strong> (Nationalpark Ges\u00e4use, Admont \u2013 Austria) con il testo &#8220;<em>Ardesia<\/em>&#8220;;<\/li><li>2\u00b0 posto <strong>Roberto Giacomini<\/strong> (Omegna \u2013 Verbania) con il testo &#8220;<em>Lettera al Creatore<\/em>&#8220;;<\/li><li>3\u00b0 posto <strong>Donatella Buratti<\/strong> (Baveno \u2013 Verbania) con il testo &#8220;<em>Trenta centimetri al giorno<\/em>&#8220;;<\/li><li>4\u00b0 posto <strong>Alessandro Gaetani<\/strong> (Verbania) con il testo &#8220;<em>Milano, la svolta del \u201899<\/em>&#8220;;<\/li><li>5\u00b0 posto <strong>Mara Bernardelli<\/strong> (Premeno \u2013 Verbania) con il testo &#8220;<em>Solo i pi\u00f9 saggi o i pi\u00f9 stupidi degli uomini non cambiano mai<\/em>&#8220;;<\/li><li>6\u00b0 posto <strong>Anna Barili<\/strong> (Crevoladossola &#8211; Verbania) con il testo &#8220;<em>Evanescere<\/em>&#8220;;<\/li><li>7\u00b0 posto <strong>Valter Guglielmetti<\/strong> (Bogogno &#8211; Novara) con il testo &#8220;<em>Abbandono<\/em>&#8220;;<\/li><li>8\u00b0 posto <strong>Carlotta Sorbaro<\/strong> (Baceno \u2013 Verbania) con il testo &#8220;<em>Leone Addio<\/em>&#8220;;<\/li><li>9\u00b0 posto <strong>Lavinia Bertone<\/strong> (Verbania) con il testo &#8220;<em>Io sono una lagh\u00e8<\/em>&#8220;;<\/li><li>10\u00b0 posto <strong>Maria Grazia Cereda<\/strong> (Armeno &#8211; Novara) con il testo &#8220;<em>Come il torrente<\/em>&#8220;.<\/li><\/ul><p>\u00a0<\/p><p>Gli autori dei 10 racconti valutati come migliori dalla giuria sono stati premiati con buoni libro offerti dalla libreria <strong>Libraccio<\/strong> di Verbania.<\/p><p>\u00a0<\/p><p>Gli autori dei 5 racconti valutati come migliori in assoluto hanno ricevuto premi (attrezzature sportive) da parte del <strong>Lions Club Verbania<\/strong> e i loro testi saranno pubblicati sulle pagine del settimanale <strong>Eco Risveglio<\/strong>.<\/p><p>\u00a0<\/p><p>I dieci testi sono stati inoltre stampati in un apposito libretto curato da Letteraltura.<\/p><p>\u00a0<\/p><p>La giuria era composta da:<\/p><ul><li><strong>Elena Mastretta<\/strong> (presidente), componente Consiglio Direttivo dell\u2019Associazione LetterAltura<\/li><li><strong>Andrea Dallapina<\/strong>, giornalista<\/li><li><strong>Danila Tassinari<\/strong>, insegnante<\/li><li><strong>Rino Romano<\/strong>, gi\u00e0 insegnante<\/li><li><strong>Chiara Alladio<\/strong>, avvocata, in rappresentanza del Lions Club Verbania<\/li><\/ul>\t\t\t\t\t\t<\/div>\n\t\t\t\t<\/div>\n\t\t\t\t<div class=\"elementor-element elementor-element-341626a elementor-widget elementor-widget-spacer\" data-id=\"341626a\" data-element_type=\"widget\" data-widget_type=\"spacer.default\">\n\t\t\t\t<div class=\"elementor-widget-container\">\n\t\t\t\t\t<div class=\"elementor-spacer\">\n\t\t\t<div class=\"elementor-spacer-inner\"><\/div>\n\t\t<\/div>\n\t\t\t\t<\/div>\n\t\t\t\t<\/div>\n\t\t\t\t<div class=\"elementor-element elementor-element-4111c4b elementor-widget elementor-widget-spacer\" data-id=\"4111c4b\" data-element_type=\"widget\" data-widget_type=\"spacer.default\">\n\t\t\t\t<div class=\"elementor-widget-container\">\n\t\t\t\t\t<div class=\"elementor-spacer\">\n\t\t\t<div class=\"elementor-spacer-inner\"><\/div>\n\t\t<\/div>\n\t\t\t\t<\/div>\n\t\t\t\t<\/div>\n\t\t\t\t<div class=\"elementor-element elementor-element-7dfbecb elementor-align-center elementor-widget elementor-widget-button\" data-id=\"7dfbecb\" data-element_type=\"widget\" data-widget_type=\"button.default\">\n\t\t\t\t<div class=\"elementor-widget-container\">\n\t\t\t\t\t<div class=\"elementor-button-wrapper\">\n\t\t\t<a href=\"https:\/\/www.associazioneletteraltura.com\/wp-content\/uploads\/2026\/03\/LIBRETTO-RACCONTI-2025.pdf\" class=\"elementor-button-link elementor-button elementor-size-lg\" role=\"button\">\n\t\t\t\t\t\t<span class=\"elementor-button-content-wrapper\">\n\t\t\t\t\t\t<span class=\"elementor-button-text\">Clicca qui per scaricare il libretto dei racconti 2025<\/span>\n\t\t<\/span>\n\t\t\t\t\t<\/a>\n\t\t<\/div>\n\t\t\t\t<\/div>\n\t\t\t\t<\/div>\n\t\t\t\t<div class=\"elementor-element elementor-element-d15732e elementor-widget elementor-widget-spacer\" data-id=\"d15732e\" data-element_type=\"widget\" data-widget_type=\"spacer.default\">\n\t\t\t\t<div class=\"elementor-widget-container\">\n\t\t\t\t\t<div class=\"elementor-spacer\">\n\t\t\t<div class=\"elementor-spacer-inner\"><\/div>\n\t\t<\/div>\n\t\t\t\t<\/div>\n\t\t\t\t<\/div>\n\t\t\t\t<div class=\"elementor-element elementor-element-e08edcd elementor-widget elementor-widget-spacer\" data-id=\"e08edcd\" data-element_type=\"widget\" data-widget_type=\"spacer.default\">\n\t\t\t\t<div class=\"elementor-widget-container\">\n\t\t\t\t\t<div class=\"elementor-spacer\">\n\t\t\t<div class=\"elementor-spacer-inner\"><\/div>\n\t\t<\/div>\n\t\t\t\t<\/div>\n\t\t\t\t<\/div>\n\t\t\t\t<div class=\"elementor-element elementor-element-6a5578b elementor-aspect-ratio-169 elementor-widget elementor-widget-video\" data-id=\"6a5578b\" data-element_type=\"widget\" data-settings=\"{&quot;youtube_url&quot;:&quot;https:\\\/\\\/youtu.be\\\/MgUpC2eerq0?si=Dy8Yz6fDVO9lXCuj&quot;,&quot;video_type&quot;:&quot;youtube&quot;,&quot;controls&quot;:&quot;yes&quot;,&quot;aspect_ratio&quot;:&quot;169&quot;}\" data-widget_type=\"video.default\">\n\t\t\t\t<div class=\"elementor-widget-container\">\n\t\t\t\t\t<div class=\"elementor-wrapper elementor-fit-aspect-ratio elementor-open-inline\">\n\t\t\t<div class=\"elementor-video\"><\/div>\t\t<\/div>\n\t\t\t\t<\/div>\n\t\t\t\t<\/div>\n\t\t\t\t\t<\/div>\n\t\t<\/div>\n\t\t\t\t\t\t\t<\/div>\n\t\t<\/section>\n\t\t\t\t\t\t<\/div>\n\t\t\t\t\t<\/div>","protected":false},"excerpt":{"rendered":"<p>I VINCITORI DEL PICCOLO CONCORSO DI SCRITTURA CREATIVA 2025 Anche quest&#8217;anno l&#8217;Associazione\u00a0LetterAltura\u00a0sta lavorando, intensamente e con passione, per preparare l&#8217;edizione numero 15 del Festival. \u00c8 ormai chiaro che la situazione di pandemia non sar\u00e0 alle spalle a settembre, per cui organizzeremo la rassegna, come gi\u00e0 fatto lo scorso anno, secondo procedure che ci permettano di [&hellip;]<\/p>","protected":false},"author":4,"featured_media":20075,"parent":0,"menu_order":0,"comment_status":"closed","ping_status":"closed","template":"elementor_header_footer","meta":{"_acf_changed":false,"pgc_meta":"","iawp_total_views":56,"footnotes":""},"class_list":["post-20070","page","type-page","status-publish","has-post-thumbnail","hentry"],"acf":[],"pgc_meta":"","yoast_head":"<!-- This site is optimized with the Yoast SEO plugin v27.2 - https:\/\/yoast.com\/product\/yoast-seo-wordpress\/ -->\n<title>I vincitori del Piccolo Concorso di Scrittura Creativa 2025 - Lago Maggiore LetterAltura<\/title>\n<meta name=\"description\" content=\"Sono stati proclamati i vincitori del Piccolo Concorso di Scrittura Creativa, collegato al Festival Lago Maggiore LetterAltura 2025 e caratterizzata dal tema \u201cMutamenti. Le sfide del cambiamento\u201d\" \/>\n<meta name=\"robots\" content=\"index, follow, max-snippet:-1, max-image-preview:large, max-video-preview:-1\" \/>\n<link rel=\"canonical\" href=\"https:\/\/www.associazioneletteraltura.com\/en\/i-vincitori-del-piccolo-concorso-di-scrittura-creativa-2025\/\" \/>\n<meta property=\"og:locale\" content=\"en_GB\" \/>\n<meta property=\"og:type\" content=\"article\" \/>\n<meta property=\"og:title\" content=\"I vincitori del Piccolo Concorso di Scrittura Creativa 2025\" \/>\n<meta property=\"og:description\" content=\"Sono stati proclamati i vincitori del Piccolo Concorso di Scrittura Creativa, collegato al Festival Lago Maggiore LetterAltura 2025 e caratterizzata dal tema \u201cMutamenti. Le sfide del cambiamento\u201d\" \/>\n<meta property=\"og:url\" content=\"https:\/\/www.associazioneletteraltura.com\/en\/i-vincitori-del-piccolo-concorso-di-scrittura-creativa-2025\/\" \/>\n<meta property=\"og:site_name\" content=\"Lago Maggiore LetterAltura\" \/>\n<meta property=\"article:publisher\" content=\"https:\/\/www.facebook.com\/letteraltura\" \/>\n<meta property=\"article:modified_time\" content=\"2026-04-14T14:14:02+00:00\" \/>\n<meta property=\"og:image\" content=\"https:\/\/www.associazioneletteraltura.com\/wp-content\/uploads\/2026\/03\/IMG_20260328_175632.webp\" \/>\n\t<meta property=\"og:image:width\" content=\"1191\" \/>\n\t<meta property=\"og:image:height\" content=\"893\" \/>\n\t<meta property=\"og:image:type\" content=\"image\/jpeg\" \/>\n<meta name=\"twitter:card\" content=\"summary_large_image\" \/>\n<meta name=\"twitter:label1\" content=\"Estimated reading time\" \/>\n\t<meta name=\"twitter:data1\" content=\"2 minutes\" \/>\n<script type=\"application\/ld+json\" class=\"yoast-schema-graph\">{\"@context\":\"https:\/\/schema.org\",\"@graph\":[{\"@type\":\"WebPage\",\"@id\":\"https:\/\/www.associazioneletteraltura.com\/i-vincitori-del-piccolo-concorso-di-scrittura-creativa-2025\/\",\"url\":\"https:\/\/www.associazioneletteraltura.com\/i-vincitori-del-piccolo-concorso-di-scrittura-creativa-2025\/\",\"name\":\"I vincitori del Piccolo Concorso di Scrittura Creativa 2025 - Lago Maggiore LetterAltura\",\"isPartOf\":{\"@id\":\"https:\/\/www.associazioneletteraltura.com\/#website\"},\"primaryImageOfPage\":{\"@id\":\"https:\/\/www.associazioneletteraltura.com\/i-vincitori-del-piccolo-concorso-di-scrittura-creativa-2025\/#primaryimage\"},\"image\":{\"@id\":\"https:\/\/www.associazioneletteraltura.com\/i-vincitori-del-piccolo-concorso-di-scrittura-creativa-2025\/#primaryimage\"},\"thumbnailUrl\":\"https:\/\/www.associazioneletteraltura.com\/wp-content\/uploads\/2026\/03\/IMG_20260328_175632.webp\",\"datePublished\":\"2026-03-30T14:30:19+00:00\",\"dateModified\":\"2026-04-14T14:14:02+00:00\",\"description\":\"Sono stati proclamati i vincitori del Piccolo Concorso di Scrittura Creativa, collegato al Festival Lago Maggiore LetterAltura 2025 e caratterizzata dal tema \u201cMutamenti. Le sfide del cambiamento\u201d\",\"breadcrumb\":{\"@id\":\"https:\/\/www.associazioneletteraltura.com\/i-vincitori-del-piccolo-concorso-di-scrittura-creativa-2025\/#breadcrumb\"},\"inLanguage\":\"en-GB\",\"potentialAction\":[{\"@type\":\"ReadAction\",\"target\":[\"https:\/\/www.associazioneletteraltura.com\/i-vincitori-del-piccolo-concorso-di-scrittura-creativa-2025\/\"]}]},{\"@type\":\"ImageObject\",\"inLanguage\":\"en-GB\",\"@id\":\"https:\/\/www.associazioneletteraltura.com\/i-vincitori-del-piccolo-concorso-di-scrittura-creativa-2025\/#primaryimage\",\"url\":\"https:\/\/www.associazioneletteraltura.com\/wp-content\/uploads\/2026\/03\/IMG_20260328_175632.webp\",\"contentUrl\":\"https:\/\/www.associazioneletteraltura.com\/wp-content\/uploads\/2026\/03\/IMG_20260328_175632.webp\",\"width\":1191,\"height\":893},{\"@type\":\"BreadcrumbList\",\"@id\":\"https:\/\/www.associazioneletteraltura.com\/i-vincitori-del-piccolo-concorso-di-scrittura-creativa-2025\/#breadcrumb\",\"itemListElement\":[{\"@type\":\"ListItem\",\"position\":1,\"name\":\"Home\",\"item\":\"https:\/\/www.associazioneletteraltura.com\/\"},{\"@type\":\"ListItem\",\"position\":2,\"name\":\"I vincitori del Piccolo Concorso di Scrittura Creativa 2025\"}]},{\"@type\":\"WebSite\",\"@id\":\"https:\/\/www.associazioneletteraltura.com\/#website\",\"url\":\"https:\/\/www.associazioneletteraltura.com\/\",\"name\":\"Lago Maggiore LetterAltura\",\"description\":\"Festival di letteratura di montagna, viaggio, avventura\",\"publisher\":{\"@id\":\"https:\/\/www.associazioneletteraltura.com\/#organization\"},\"potentialAction\":[{\"@type\":\"SearchAction\",\"target\":{\"@type\":\"EntryPoint\",\"urlTemplate\":\"https:\/\/www.associazioneletteraltura.com\/?s={search_term_string}\"},\"query-input\":{\"@type\":\"PropertyValueSpecification\",\"valueRequired\":true,\"valueName\":\"search_term_string\"}}],\"inLanguage\":\"en-GB\"},{\"@type\":\"Organization\",\"@id\":\"https:\/\/www.associazioneletteraltura.com\/#organization\",\"name\":\"Associazione Letteraltura\",\"url\":\"https:\/\/www.associazioneletteraltura.com\/\",\"logo\":{\"@type\":\"ImageObject\",\"inLanguage\":\"en-GB\",\"@id\":\"https:\/\/www.associazioneletteraltura.com\/#\/schema\/logo\/image\/\",\"url\":\"https:\/\/www.associazioneletteraltura.com\/wp-content\/uploads\/2021\/07\/Logo-Letteraltura.png\",\"contentUrl\":\"https:\/\/www.associazioneletteraltura.com\/wp-content\/uploads\/2021\/07\/Logo-Letteraltura.png\",\"width\":574,\"height\":638,\"caption\":\"Associazione Letteraltura\"},\"image\":{\"@id\":\"https:\/\/www.associazioneletteraltura.com\/#\/schema\/logo\/image\/\"},\"sameAs\":[\"https:\/\/www.facebook.com\/letteraltura\",\"https:\/\/www.instagram.com\/letteraltura\/\",\"https:\/\/www.youtube.com\/channel\/UC5lvGPMQnpDPQ5stsVk2x6w\"]}]}<\/script>\n<!-- \/ Yoast SEO plugin. -->","yoast_head_json":{"title":"I vincitori del Piccolo Concorso di Scrittura Creativa 2025 - Lago Maggiore LetterAltura","description":"Sono stati proclamati i vincitori del Piccolo Concorso di Scrittura Creativa, collegato al Festival Lago Maggiore LetterAltura 2025 e caratterizzata dal tema \u201cMutamenti. Le sfide del cambiamento\u201d","robots":{"index":"index","follow":"follow","max-snippet":"max-snippet:-1","max-image-preview":"max-image-preview:large","max-video-preview":"max-video-preview:-1"},"canonical":"https:\/\/www.associazioneletteraltura.com\/en\/i-vincitori-del-piccolo-concorso-di-scrittura-creativa-2025\/","og_locale":"en_GB","og_type":"article","og_title":"I vincitori del Piccolo Concorso di Scrittura Creativa 2025","og_description":"Sono stati proclamati i vincitori del Piccolo Concorso di Scrittura Creativa, collegato al Festival Lago Maggiore LetterAltura 2025 e caratterizzata dal tema \u201cMutamenti. Le sfide del cambiamento\u201d","og_url":"https:\/\/www.associazioneletteraltura.com\/en\/i-vincitori-del-piccolo-concorso-di-scrittura-creativa-2025\/","og_site_name":"Lago Maggiore LetterAltura","article_publisher":"https:\/\/www.facebook.com\/letteraltura","article_modified_time":"2026-04-14T14:14:02+00:00","og_image":[{"width":1191,"height":893,"url":"https:\/\/www.associazioneletteraltura.com\/wp-content\/uploads\/2026\/03\/IMG_20260328_175632.webp","type":"image\/jpeg"}],"twitter_card":"summary_large_image","twitter_misc":{"Estimated reading time":"2 minutes"},"schema":{"@context":"https:\/\/schema.org","@graph":[{"@type":"WebPage","@id":"https:\/\/www.associazioneletteraltura.com\/i-vincitori-del-piccolo-concorso-di-scrittura-creativa-2025\/","url":"https:\/\/www.associazioneletteraltura.com\/i-vincitori-del-piccolo-concorso-di-scrittura-creativa-2025\/","name":"I vincitori del Piccolo Concorso di Scrittura Creativa 2025 - Lago Maggiore LetterAltura","isPartOf":{"@id":"https:\/\/www.associazioneletteraltura.com\/#website"},"primaryImageOfPage":{"@id":"https:\/\/www.associazioneletteraltura.com\/i-vincitori-del-piccolo-concorso-di-scrittura-creativa-2025\/#primaryimage"},"image":{"@id":"https:\/\/www.associazioneletteraltura.com\/i-vincitori-del-piccolo-concorso-di-scrittura-creativa-2025\/#primaryimage"},"thumbnailUrl":"https:\/\/www.associazioneletteraltura.com\/wp-content\/uploads\/2026\/03\/IMG_20260328_175632.webp","datePublished":"2026-03-30T14:30:19+00:00","dateModified":"2026-04-14T14:14:02+00:00","description":"Sono stati proclamati i vincitori del Piccolo Concorso di Scrittura Creativa, collegato al Festival Lago Maggiore LetterAltura 2025 e caratterizzata dal tema \u201cMutamenti. Le sfide del cambiamento\u201d","breadcrumb":{"@id":"https:\/\/www.associazioneletteraltura.com\/i-vincitori-del-piccolo-concorso-di-scrittura-creativa-2025\/#breadcrumb"},"inLanguage":"en-GB","potentialAction":[{"@type":"ReadAction","target":["https:\/\/www.associazioneletteraltura.com\/i-vincitori-del-piccolo-concorso-di-scrittura-creativa-2025\/"]}]},{"@type":"ImageObject","inLanguage":"en-GB","@id":"https:\/\/www.associazioneletteraltura.com\/i-vincitori-del-piccolo-concorso-di-scrittura-creativa-2025\/#primaryimage","url":"https:\/\/www.associazioneletteraltura.com\/wp-content\/uploads\/2026\/03\/IMG_20260328_175632.webp","contentUrl":"https:\/\/www.associazioneletteraltura.com\/wp-content\/uploads\/2026\/03\/IMG_20260328_175632.webp","width":1191,"height":893},{"@type":"BreadcrumbList","@id":"https:\/\/www.associazioneletteraltura.com\/i-vincitori-del-piccolo-concorso-di-scrittura-creativa-2025\/#breadcrumb","itemListElement":[{"@type":"ListItem","position":1,"name":"Home","item":"https:\/\/www.associazioneletteraltura.com\/"},{"@type":"ListItem","position":2,"name":"I vincitori del Piccolo Concorso di Scrittura Creativa 2025"}]},{"@type":"WebSite","@id":"https:\/\/www.associazioneletteraltura.com\/#website","url":"https:\/\/www.associazioneletteraltura.com\/","name":"Lago Maggiore LetterAltura","description":"Festival di letteratura di montagna, viaggio, avventura","publisher":{"@id":"https:\/\/www.associazioneletteraltura.com\/#organization"},"potentialAction":[{"@type":"SearchAction","target":{"@type":"EntryPoint","urlTemplate":"https:\/\/www.associazioneletteraltura.com\/?s={search_term_string}"},"query-input":{"@type":"PropertyValueSpecification","valueRequired":true,"valueName":"search_term_string"}}],"inLanguage":"en-GB"},{"@type":"Organization","@id":"https:\/\/www.associazioneletteraltura.com\/#organization","name":"Associazione Letteraltura","url":"https:\/\/www.associazioneletteraltura.com\/","logo":{"@type":"ImageObject","inLanguage":"en-GB","@id":"https:\/\/www.associazioneletteraltura.com\/#\/schema\/logo\/image\/","url":"https:\/\/www.associazioneletteraltura.com\/wp-content\/uploads\/2021\/07\/Logo-Letteraltura.png","contentUrl":"https:\/\/www.associazioneletteraltura.com\/wp-content\/uploads\/2021\/07\/Logo-Letteraltura.png","width":574,"height":638,"caption":"Associazione Letteraltura"},"image":{"@id":"https:\/\/www.associazioneletteraltura.com\/#\/schema\/logo\/image\/"},"sameAs":["https:\/\/www.facebook.com\/letteraltura","https:\/\/www.instagram.com\/letteraltura\/","https:\/\/www.youtube.com\/channel\/UC5lvGPMQnpDPQ5stsVk2x6w"]}]}},"jetpack_sharing_enabled":true,"_links":{"self":[{"href":"https:\/\/www.associazioneletteraltura.com\/en\/wp-json\/wp\/v2\/pages\/20070","targetHints":{"allow":["GET"]}}],"collection":[{"href":"https:\/\/www.associazioneletteraltura.com\/en\/wp-json\/wp\/v2\/pages"}],"about":[{"href":"https:\/\/www.associazioneletteraltura.com\/en\/wp-json\/wp\/v2\/types\/page"}],"author":[{"embeddable":true,"href":"https:\/\/www.associazioneletteraltura.com\/en\/wp-json\/wp\/v2\/users\/4"}],"replies":[{"embeddable":true,"href":"https:\/\/www.associazioneletteraltura.com\/en\/wp-json\/wp\/v2\/comments?post=20070"}],"version-history":[{"count":28,"href":"https:\/\/www.associazioneletteraltura.com\/en\/wp-json\/wp\/v2\/pages\/20070\/revisions"}],"predecessor-version":[{"id":20183,"href":"https:\/\/www.associazioneletteraltura.com\/en\/wp-json\/wp\/v2\/pages\/20070\/revisions\/20183"}],"wp:featuredmedia":[{"embeddable":true,"href":"https:\/\/www.associazioneletteraltura.com\/en\/wp-json\/wp\/v2\/media\/20075"}],"wp:attachment":[{"href":"https:\/\/www.associazioneletteraltura.com\/en\/wp-json\/wp\/v2\/media?parent=20070"}],"curies":[{"name":"wp","href":"https:\/\/api.w.org\/{rel}","templated":true}]}}