{"id":11228,"date":"2022-10-11T10:20:36","date_gmt":"2022-10-11T10:20:36","guid":{"rendered":"https:\/\/www.associazioneletteraltura.com\/?page_id=11228"},"modified":"2022-10-22T12:05:58","modified_gmt":"2022-10-22T12:05:58","slug":"festivalpost-2022","status":"publish","type":"page","link":"https:\/\/www.associazioneletteraltura.com\/en\/festivalpost-2022\/","title":{"rendered":"FestivalPOST 2022"},"content":{"rendered":"<div data-elementor-type=\"wp-page\" data-elementor-id=\"11228\" class=\"elementor elementor-11228\" data-elementor-settings=\"[]\">\n\t\t\t\t\t\t\t<div class=\"elementor-section-wrap\">\n\t\t\t\t\t\t\t<section class=\"elementor-section elementor-top-section elementor-element elementor-element-2b94d4e elementor-section-height-full elementor-section-full_width elementor-section-height-default elementor-section-items-middle\" data-id=\"2b94d4e\" data-element_type=\"section\" data-settings=\"{&quot;background_background&quot;:&quot;classic&quot;}\">\n\t\t\t\t\t\t\t<div class=\"elementor-background-overlay\"><\/div>\n\t\t\t\t\t\t\t<div class=\"elementor-container elementor-column-gap-default\">\n\t\t\t\t\t<div class=\"elementor-column elementor-col-33 elementor-top-column elementor-element elementor-element-580e1a5\" data-id=\"580e1a5\" data-element_type=\"column\">\n\t\t\t<div class=\"elementor-widget-wrap\">\n\t\t\t\t\t\t\t\t\t<\/div>\n\t\t<\/div>\n\t\t\t\t<div class=\"elementor-column elementor-col-33 elementor-top-column elementor-element elementor-element-dad0915\" data-id=\"dad0915\" data-element_type=\"column\">\n\t\t\t<div class=\"elementor-widget-wrap elementor-element-populated\">\n\t\t\t\t\t\t\t\t<div class=\"elementor-element elementor-element-6e22c90 elementor-hidden-phone elementor-widget elementor-widget-image\" data-id=\"6e22c90\" data-element_type=\"widget\" data-widget_type=\"image.default\">\n\t\t\t\t<div class=\"elementor-widget-container\">\n\t\t\t\t\t\t\t\t\t\t\t\t\t\t\t<img loading=\"lazy\" decoding=\"async\" width=\"122\" height=\"100\" src=\"https:\/\/www.associazioneletteraltura.com\/wp-content\/uploads\/2019\/02\/logo-1.png\" class=\"attachment-large size-large\" alt=\"\" \/>\t\t\t\t\t\t\t\t\t\t\t\t\t\t\t<\/div>\n\t\t\t\t<\/div>\n\t\t\t\t<div class=\"elementor-element elementor-element-3fc3595 elementor-widget elementor-widget-heading\" data-id=\"3fc3595\" data-element_type=\"widget\" data-widget_type=\"heading.default\">\n\t\t\t\t<div class=\"elementor-widget-container\">\n\t\t\t<h2 class=\"elementor-heading-title elementor-size-default\">FESTIVALPOST 2022<\/h2>\t\t<\/div>\n\t\t\t\t<\/div>\n\t\t\t\t\t<\/div>\n\t\t<\/div>\n\t\t\t\t<div class=\"elementor-column elementor-col-33 elementor-top-column elementor-element elementor-element-c472adb\" data-id=\"c472adb\" data-element_type=\"column\">\n\t\t\t<div class=\"elementor-widget-wrap\">\n\t\t\t\t\t\t\t\t\t<\/div>\n\t\t<\/div>\n\t\t\t\t\t\t\t<\/div>\n\t\t<\/section>\n\t\t\t\t<section class=\"elementor-section elementor-top-section elementor-element elementor-element-53fea2c elementor-section-height-min-height elementor-section-boxed elementor-section-height-default elementor-section-items-middle\" data-id=\"53fea2c\" data-element_type=\"section\">\n\t\t\t\t\t\t<div class=\"elementor-container elementor-column-gap-default\">\n\t\t\t\t\t<div class=\"elementor-column elementor-col-100 elementor-top-column elementor-element elementor-element-30265a5\" data-id=\"30265a5\" data-element_type=\"column\">\n\t\t\t<div class=\"elementor-widget-wrap elementor-element-populated\">\n\t\t\t\t\t\t\t\t<div class=\"elementor-element elementor-element-4527993 elementor-widget elementor-widget-text-editor\" data-id=\"4527993\" data-element_type=\"widget\" data-widget_type=\"text-editor.default\">\n\t\t\t\t<div class=\"elementor-widget-container\">\n\t\t\t\t\t\t\t\t<p>Anche quest&#8217;anno l&#8217;<strong>Associazione\u00a0LetterAltura<\/strong>\u00a0sta lavorando, intensamente e con passione, per preparare l&#8217;<strong>edizione numero 15 del Festival<\/strong>. \u00c8 ormai chiaro che la situazione di pandemia non sar\u00e0 alle spalle a settembre, per cui organizzeremo la rassegna, come gi\u00e0 fatto lo scorso anno, secondo procedure che ci permettano di viverla in condizioni di sicurezza.<\/p>\t\t\t\t\t\t<\/div>\n\t\t\t\t<\/div>\n\t\t\t\t<div class=\"elementor-element elementor-element-f77ee0a elementor-widget elementor-widget-heading\" data-id=\"f77ee0a\" data-element_type=\"widget\" data-widget_type=\"heading.default\">\n\t\t\t\t<div class=\"elementor-widget-container\">\n\t\t\t<h2 class=\"elementor-heading-title elementor-size-default\">LetterAltura torna con FestivalPOST<br>A Verbania incontri, passeggiate letterarie, mostre e film dal 23 ottobre al 19 novembre. Tra gli ospiti pi\u00f9 attesi Franco Michieli, Laura Pariani, Massimo Calvi e Francesco Muzzopappa<\/h2>\t\t<\/div>\n\t\t\t\t<\/div>\n\t\t\t\t<div class=\"elementor-element elementor-element-cc41c4b elementor-widget elementor-widget-text-editor\" data-id=\"cc41c4b\" data-element_type=\"widget\" data-widget_type=\"text-editor.default\">\n\t\t\t\t<div class=\"elementor-widget-container\">\n\t\t\t\t\t\t\t\t<p>Dopo il successo del Festival Lago Maggiore LetterAltura, svoltosi a settembre, Verbania torna ad essere cornice per le attivit\u00e0 culturali dell&#8217;Associazione LetterAltura che propone, dopo l&#8217;ottimo riscontro della prima edizione 2021, <strong>FestivalPOST, l&#8217;appendice pensata per arricchire ulteriormente la stagione di eventi sul Lago Maggiore<\/strong>.<\/p><p>Sar\u00e0 <strong>Villa Simonetta la sede principale che, dal 23 ottobre al 19 novembre, ospiter\u00e0 la riconferma di FestivalPOST, terzo ed ultimo capitolo della lunga stagione organizzata dall&#8217;Associazione LetterAltura, guidata da Amadio Taddei.<\/strong><br \/>Ramificato e ricco il programma di questa sezione finale, sempre <strong>protagonisti gli incontri con prestigiosi autori<\/strong> che presenteranno novit\u00e0 editoriali sui temi che caratterizzano il 2022 di LetterAltura, accompagnati dalla riproposizione dell\u2019interessante <a href=\"https:\/\/www.associazioneletteraltura.com\/en\/mostra-0-a-5000-mt\/\"><strong>mostra fotografica <em>0\u00b0 a 5000 mt<\/em> di Beba Stoppani<\/strong><\/a>, realizzata in collaborazione con il Museo del Paesaggio di Verbania e visitabile dal 26 ottobre al 19 novembre a Villa Simonetta, negli orari di apertura in occasione degli eventi di FestivalPOST.<\/p><p>Verr\u00e0 rilanciato anche il progetto <em><strong>Editoria Estrema<\/strong><\/em>, <strong>ideato da Andrea Dallapina<\/strong>, con la presentazione dei due ultimi manoscritti pervenuti.<br \/><strong>Il tema cammino<\/strong>, dopo le piacevoli esperienze maturate durante il Festival e con la serie \u201cCAImminare con LetterAltura\u201d, <strong>avr\u00e0 un ruolo di primo piano fin dall&#8217;inaugurazione di FestivalPOST,<\/strong> che coincider\u00e0 con la chiusura del convegno promosso dal Museo del Paesaggio a ricordo del suo direttore Gianni Pizzigoni:<strong> domenica 23 ottobre<\/strong> \u00e8 dunque in programma una <a href=\"https:\/\/www.associazioneletteraltura.com\/en\/product\/festivalpost-passeggiata-letteraria-cambiasca-inoca\/\"><strong>camminata con letture<\/strong>, da Cambiasca alla localit\u00e0 Inoca di Cossogno<\/a>.<br \/>FestivalPOST si concluder\u00e0 <strong>sabato 19 novembre<\/strong> con altre <a href=\"https:\/\/www.associazioneletteraltura.com\/en\/product\/festivalpost-camminata-letteraria-leggere-con-il-corpo-la-val-grande\/\"><strong>\u201cletture in cammino\u201d sul Monte Spalavera<\/strong><\/a>, momento conclusivo di un corso formativo di lettura ad alta voce con <strong>Giorgina Cantalini<\/strong>, inserito nel calendario del Parco Letterario Nino Chiovini, promosso dall&#8217;Associazione Casa della Resistenza e dal Parco Nazionale Val Grande.<\/p><p>Nel cuore del programma, <strong>mercoled\u00ec 26 ottobre<\/strong> alle 21 ospite a Villa Simonetta <a href=\"https:\/\/www.associazioneletteraltura.com\/en\/product\/festivalpost-massimo-calvi\/\"><strong>Massimo Calvi<\/strong><\/a>, caporedattore ed editorialista di Avvenire, per presentare il suo ultimo libro <em>L&#8217;uomo che guardava la montagna<\/em> (Edizioni San Paolo). <strong>Venerd\u00ec 28 ottobre<\/strong> alle 21 incontro con uno degli autori per ragazzi pi\u00f9 amati, <a href=\"https:\/\/www.associazioneletteraltura.com\/en\/product\/festivalpost-francesco-muzzopappa\/\"><strong>Francesco Muzzopappa<\/strong><\/a>, e con i suoi libri <em>L\u2019Inferno spiegato male<\/em>\u00a0e <em>L\u2019Europa spiegata male<\/em>, entrambi editi da DeAgostini.<\/p><p><strong>Sabato 5 novembre<\/strong> alle 21 appuntamento organizzato in collaborazione con il Museo del Paesaggio e dedicato all&#8217;ambiente con uno dei massimi esperti del nostro Paese, <a href=\"https:\/\/www.associazioneletteraltura.com\/en\/product\/festivalpost-roberto-mezzalama\/\"><strong>Roberto Mezzalama<\/strong><\/a>, che presenter\u00e0 <em>Il clima che cambia l&#8217;Italia<\/em> (Einaudi). Proiezione cinematografica <strong>mercoled\u00ec 9 novembre<\/strong> alle 21, sempre a Villa Simonetta, con la pellicola <a href=\"https:\/\/www.associazioneletteraltura.com\/en\/product\/festivalpost-into-the-wild\/\"><em><strong>Into the wlid \u2013 Nelle terre selvagge<\/strong><\/em><\/a> firmata da <strong>Sean Penn<\/strong>.<\/p><p><strong>Venerd\u00ec 11 novembre<\/strong> alle 21 protagonista il verde urbano, con la ricercatrice e antropologa <a href=\"https:\/\/www.associazioneletteraltura.com\/en\/product\/festivalpost-lucilla-barchetta\/\"><strong>Lucilla Barchetta<\/strong><\/a>, che sar\u00e0 a Verbania per presentare <em>La rivolta del verde. Natura e rovine a Torino<\/em> (Agenzia X). <strong>Sabato 12 novembre<\/strong> alle 17 ci si trasferisce a Casa Ceretti per incontrare lo scrittore <a href=\"https:\/\/www.associazioneletteraltura.com\/en\/product\/giuliano-basso\/\"><strong>Giuliano Basso<\/strong><\/a> e approfondire il patrimonio vitivinicolo delle Prealpi Trevigiane con il suo <em>A piedi nelle terre del Prosecco Superiore. 31 itinerari escursionistici tra paesaggio, storia, arte ed enogastronomia<\/em> (Ediciclo); seguir\u00e0 una piccola degustazione del Prosecco Millesimato DOCG Fior fiore Coop, in collaborazione con NovaCoop.<\/p><p><a href=\"https:\/\/www.associazioneletteraltura.com\/en\/product\/festivalpost-franco-michieli\/\"><strong>Franco Michieli<\/strong><\/a>, apprezzato geografo, scrittore, esploratore, sar\u00e0 a Villa Simonetta <strong>mercoled\u00ec 16 novembre<\/strong> alle 21 per presentare la sua ultima fatica edita da Ediciclo, <em>Per ritrovarti devi prima perderti. Guida tecnico-filosofica all\u2019orientamento naturale<\/em>. Ultimo incontro con l&#8217;autore, o meglio con le autrici, <strong>venerd\u00ec 18 novembre<\/strong> alle 21: ospiti di FestivalPOST saranno le scrittrici <a href=\"https:\/\/www.associazioneletteraltura.com\/en\/product\/festivalpost-laura-pariani-marta-morazzoni\/\"><strong>Laura Pariani e Marta Morazzoni<\/strong><\/a> per la presentazione dei loro manoscritti, rispettivamente <em>Brujas<\/em> e <em>Casa Necchi<\/em>, nell&#8217;ambito del progetto <em>Editoria Estrema<\/em>. Gran finale <strong>sabato 19 novembre<\/strong> con la <strong>camminata letteraria<\/strong> in partenza dall&#8217;Alpe Colle per raggiungere il panoramico Monte Spalavera. Durante l&#8217;escursione, in programma dalle ore 10, si terranno alcuni momenti di lettura a conclusione del laboratorio <a href=\"https:\/\/www.associazioneletteraltura.com\/en\/product\/festivalpost-camminata-letteraria-leggere-con-il-corpo-la-val-grande\/\"><strong><em>Leggere con il corpo la Val Grande<\/em><\/strong><\/a> tenuto dall&#8217;attrice <strong>Giorgina Cantalini<\/strong>, con il patrocinio del Parco Nazionale Val Grande.<\/p><p>Anche quest&#8217;anno \u00e8 confermato il <a href=\"https:\/\/www.associazioneletteraltura.com\/en\/piccolo-concorso-di-scrittura-creativa-2022\/\"><strong>Piccolo Concorso di Scrittura Creativa<\/strong><\/a>, giunto alla <strong>sesta edizione<\/strong>: il regolamento completo sar\u00e0 disponibile a breve su questo sito e prevede la partecipazione libera, <strong>entro il 30 novembre<\/strong>, con un <strong>breve testo corrispondente al tema 2022 del Festival \u201ccorpo corsa cammino pens\u00efero\u201d<\/strong>. I testi pervenuti parteciperanno al progetto Editoria Estrema e potranno essere di qualsiasi genere, dal racconto alla poesia, dal dialogo alla riflessione. In palio premi in buoni libro, pass per concerti, pubblicazioni e riconoscimenti.<\/p><p>La stagione di LetterAltura \u00e8 realizzata con il contributo di <strong>Regione Piemonte<\/strong>, <strong>Comune di Verbania<\/strong>, <strong>Fondazione CRT<\/strong>, <strong>Fondazione Comunitaria del VCO<\/strong> ed <strong>Ente Giardini Botanici di Villa Taranto<\/strong>.<\/p><p>Aggiornamenti anche sulla <a href=\"http:\/\/www.facebook.com\/letteraltura\" target=\"_blank\" rel=\"noopener\">pagina facebook ufficiale<\/a> e sul <a href=\"http:\/\/www.instagram.com\/letteraltura\/\" target=\"_blank\" rel=\"noopener\">profilo Instagram<\/a> dell&#8217;Associazione.<\/p>\t\t\t\t\t\t<\/div>\n\t\t\t\t<\/div>\n\t\t\t\t<div class=\"elementor-element elementor-element-816dd7d elementor-widget elementor-widget-jet-countdown-timer\" data-id=\"816dd7d\" data-element_type=\"widget\" data-widget_type=\"jet-countdown-timer.default\">\n\t\t\t\t<div class=\"elementor-widget-container\">\n\t\t\t<div class=\"elementor-jet-countdown-timer jet-elements\">\n<div class=\"jet-countdown-timer\" data-type=\"due_date\" data-due-date=\"1666533600\" data-expire-actions=\"[&quot;hide&quot;]\">\n\t<div class=\"jet-countdown-timer__item item-days\">\n\t<div class=\"jet-countdown-timer__item-value\" data-value=\"days\"><span class=\"jet-countdown-timer__digit\">0<\/span><span class=\"jet-countdown-timer__digit\">0<\/span><\/div>\n\t<div class=\"jet-countdown-timer__item-label\">Giorni<\/div><\/div>\n\t<div class=\"jet-countdown-timer__item item-hours\">\n\t<div class=\"jet-countdown-timer__item-value\" data-value=\"hours\"><span class=\"jet-countdown-timer__digit\">0<\/span><span class=\"jet-countdown-timer__digit\">0<\/span><\/div>\n\t<div class=\"jet-countdown-timer__item-label\">Ore<\/div><\/div>\n\t<div class=\"jet-countdown-timer__item item-minutes\">\n\t<div class=\"jet-countdown-timer__item-value\" data-value=\"minutes\"><span class=\"jet-countdown-timer__digit\">0<\/span><span class=\"jet-countdown-timer__digit\">0<\/span><\/div>\n\t<div class=\"jet-countdown-timer__item-label\">Minuti<\/div><\/div>\n\t<div class=\"jet-countdown-timer__item item-seconds\">\n\t<div class=\"jet-countdown-timer__item-value\" data-value=\"seconds\"><span class=\"jet-countdown-timer__digit\">0<\/span><span class=\"jet-countdown-timer__digit\">0<\/span><\/div>\n\t<div class=\"jet-countdown-timer__item-label\">Secondi<\/div><\/div>\n<\/div>\n\n<\/div>\t\t<\/div>\n\t\t\t\t<\/div>\n\t\t\t\t\t<\/div>\n\t\t<\/div>\n\t\t\t\t\t\t\t<\/div>\n\t\t<\/section>\n\t\t\t\t\t\t<\/div>\n\t\t\t\t\t<\/div>","protected":false},"excerpt":{"rendered":"<p>FESTIVALPOST 2022 Anche quest&#8217;anno l&#8217;Associazione\u00a0LetterAltura\u00a0sta lavorando, intensamente e con passione, per preparare l&#8217;edizione numero 15 del Festival. \u00c8 ormai chiaro che la situazione di pandemia non sar\u00e0 alle spalle a settembre, per cui organizzeremo la rassegna, come gi\u00e0 fatto lo scorso anno, secondo procedure che ci permettano di viverla in condizioni di sicurezza. LetterAltura torna [&hellip;]<\/p>","protected":false},"author":8,"featured_media":11225,"parent":0,"menu_order":0,"comment_status":"closed","ping_status":"closed","template":"elementor_header_footer","meta":{"_acf_changed":false,"pgc_meta":"","iawp_total_views":28,"footnotes":""},"class_list":["post-11228","page","type-page","status-publish","has-post-thumbnail","hentry"],"acf":[],"pgc_meta":"","yoast_head":"<!-- This site is optimized with the Yoast SEO plugin v27.2 - https:\/\/yoast.com\/product\/yoast-seo-wordpress\/ -->\n<title>FestivalPOST 2022 - Lago Maggiore LetterAltura<\/title>\n<meta name=\"description\" content=\"FestivalPOST 2022: si chiude il XVI Festival LetterAltura, dal titolo &quot;corpo corsa cammino pens\u00efero&quot;, in programma a Verbania, Lago Maggiore.\" \/>\n<meta name=\"robots\" content=\"index, follow, max-snippet:-1, max-image-preview:large, max-video-preview:-1\" \/>\n<link rel=\"canonical\" href=\"https:\/\/www.associazioneletteraltura.com\/en\/festivalpost-2022\/\" \/>\n<meta property=\"og:locale\" content=\"en_GB\" \/>\n<meta property=\"og:type\" content=\"article\" \/>\n<meta property=\"og:title\" content=\"FestivalPOST 2022 - Lago Maggiore LetterAltura\" \/>\n<meta property=\"og:description\" content=\"FestivalPOST 2022: si chiude il XVI Festival LetterAltura, dal titolo &quot;corpo corsa cammino pens\u00efero&quot;, in programma a Verbania, Lago Maggiore.\" \/>\n<meta property=\"og:url\" content=\"https:\/\/www.associazioneletteraltura.com\/en\/festivalpost-2022\/\" \/>\n<meta property=\"og:site_name\" content=\"Lago Maggiore LetterAltura\" \/>\n<meta property=\"article:publisher\" content=\"https:\/\/www.facebook.com\/letteraltura\" \/>\n<meta property=\"article:modified_time\" content=\"2022-10-22T12:05:58+00:00\" \/>\n<meta property=\"og:image\" content=\"https:\/\/www.associazioneletteraltura.com\/wp-content\/uploads\/2022\/10\/Musica-in-quota-Pian-darla-ph.-Marco-Benedetto-Cerini-3-Copy.jpg\" \/>\n\t<meta property=\"og:image:width\" content=\"1400\" \/>\n\t<meta property=\"og:image:height\" content=\"933\" \/>\n\t<meta property=\"og:image:type\" content=\"image\/jpeg\" \/>\n<meta name=\"twitter:card\" content=\"summary_large_image\" \/>\n<meta name=\"twitter:label1\" content=\"Estimated reading time\" \/>\n\t<meta name=\"twitter:data1\" content=\"5 minutes\" \/>\n<script type=\"application\/ld+json\" class=\"yoast-schema-graph\">{\"@context\":\"https:\/\/schema.org\",\"@graph\":[{\"@type\":\"WebPage\",\"@id\":\"https:\/\/www.associazioneletteraltura.com\/festivalpost-2022\/\",\"url\":\"https:\/\/www.associazioneletteraltura.com\/festivalpost-2022\/\",\"name\":\"FestivalPOST 2022 - Lago Maggiore LetterAltura\",\"isPartOf\":{\"@id\":\"https:\/\/www.associazioneletteraltura.com\/#website\"},\"primaryImageOfPage\":{\"@id\":\"https:\/\/www.associazioneletteraltura.com\/festivalpost-2022\/#primaryimage\"},\"image\":{\"@id\":\"https:\/\/www.associazioneletteraltura.com\/festivalpost-2022\/#primaryimage\"},\"thumbnailUrl\":\"https:\/\/www.associazioneletteraltura.com\/wp-content\/uploads\/2022\/10\/Musica-in-quota-Pian-darla-ph.-Marco-Benedetto-Cerini-3-Copy.jpg\",\"datePublished\":\"2022-10-11T10:20:36+00:00\",\"dateModified\":\"2022-10-22T12:05:58+00:00\",\"description\":\"FestivalPOST 2022: si chiude il XVI Festival LetterAltura, dal titolo \\\"corpo corsa cammino pens\u00efero\\\", in programma a Verbania, Lago Maggiore.\",\"breadcrumb\":{\"@id\":\"https:\/\/www.associazioneletteraltura.com\/festivalpost-2022\/#breadcrumb\"},\"inLanguage\":\"en-GB\",\"potentialAction\":[{\"@type\":\"ReadAction\",\"target\":[\"https:\/\/www.associazioneletteraltura.com\/festivalpost-2022\/\"]}]},{\"@type\":\"ImageObject\",\"inLanguage\":\"en-GB\",\"@id\":\"https:\/\/www.associazioneletteraltura.com\/festivalpost-2022\/#primaryimage\",\"url\":\"https:\/\/www.associazioneletteraltura.com\/wp-content\/uploads\/2022\/10\/Musica-in-quota-Pian-darla-ph.-Marco-Benedetto-Cerini-3-Copy.jpg\",\"contentUrl\":\"https:\/\/www.associazioneletteraltura.com\/wp-content\/uploads\/2022\/10\/Musica-in-quota-Pian-darla-ph.-Marco-Benedetto-Cerini-3-Copy.jpg\",\"width\":1400,\"height\":933},{\"@type\":\"BreadcrumbList\",\"@id\":\"https:\/\/www.associazioneletteraltura.com\/festivalpost-2022\/#breadcrumb\",\"itemListElement\":[{\"@type\":\"ListItem\",\"position\":1,\"name\":\"Home\",\"item\":\"https:\/\/www.associazioneletteraltura.com\/\"},{\"@type\":\"ListItem\",\"position\":2,\"name\":\"FestivalPOST 2022\"}]},{\"@type\":\"WebSite\",\"@id\":\"https:\/\/www.associazioneletteraltura.com\/#website\",\"url\":\"https:\/\/www.associazioneletteraltura.com\/\",\"name\":\"Lago Maggiore LetterAltura\",\"description\":\"Festival di letteratura di montagna, viaggio, avventura\",\"publisher\":{\"@id\":\"https:\/\/www.associazioneletteraltura.com\/#organization\"},\"potentialAction\":[{\"@type\":\"SearchAction\",\"target\":{\"@type\":\"EntryPoint\",\"urlTemplate\":\"https:\/\/www.associazioneletteraltura.com\/?s={search_term_string}\"},\"query-input\":{\"@type\":\"PropertyValueSpecification\",\"valueRequired\":true,\"valueName\":\"search_term_string\"}}],\"inLanguage\":\"en-GB\"},{\"@type\":\"Organization\",\"@id\":\"https:\/\/www.associazioneletteraltura.com\/#organization\",\"name\":\"Associazione Letteraltura\",\"url\":\"https:\/\/www.associazioneletteraltura.com\/\",\"logo\":{\"@type\":\"ImageObject\",\"inLanguage\":\"en-GB\",\"@id\":\"https:\/\/www.associazioneletteraltura.com\/#\/schema\/logo\/image\/\",\"url\":\"https:\/\/www.associazioneletteraltura.com\/wp-content\/uploads\/2021\/07\/Logo-Letteraltura.png\",\"contentUrl\":\"https:\/\/www.associazioneletteraltura.com\/wp-content\/uploads\/2021\/07\/Logo-Letteraltura.png\",\"width\":574,\"height\":638,\"caption\":\"Associazione Letteraltura\"},\"image\":{\"@id\":\"https:\/\/www.associazioneletteraltura.com\/#\/schema\/logo\/image\/\"},\"sameAs\":[\"https:\/\/www.facebook.com\/letteraltura\",\"https:\/\/www.instagram.com\/letteraltura\/\",\"https:\/\/www.youtube.com\/channel\/UC5lvGPMQnpDPQ5stsVk2x6w\"]}]}<\/script>\n<!-- \/ Yoast SEO plugin. -->","yoast_head_json":{"title":"FestivalPOST 2022 - Lago Maggiore LetterAltura","description":"FestivalPOST 2022: si chiude il XVI Festival LetterAltura, dal titolo \"corpo corsa cammino pens\u00efero\", in programma a Verbania, Lago Maggiore.","robots":{"index":"index","follow":"follow","max-snippet":"max-snippet:-1","max-image-preview":"max-image-preview:large","max-video-preview":"max-video-preview:-1"},"canonical":"https:\/\/www.associazioneletteraltura.com\/en\/festivalpost-2022\/","og_locale":"en_GB","og_type":"article","og_title":"FestivalPOST 2022 - Lago Maggiore LetterAltura","og_description":"FestivalPOST 2022: si chiude il XVI Festival LetterAltura, dal titolo \"corpo corsa cammino pens\u00efero\", in programma a Verbania, Lago Maggiore.","og_url":"https:\/\/www.associazioneletteraltura.com\/en\/festivalpost-2022\/","og_site_name":"Lago Maggiore LetterAltura","article_publisher":"https:\/\/www.facebook.com\/letteraltura","article_modified_time":"2022-10-22T12:05:58+00:00","og_image":[{"width":1400,"height":933,"url":"https:\/\/www.associazioneletteraltura.com\/wp-content\/uploads\/2022\/10\/Musica-in-quota-Pian-darla-ph.-Marco-Benedetto-Cerini-3-Copy.jpg","type":"image\/jpeg"}],"twitter_card":"summary_large_image","twitter_misc":{"Estimated reading time":"5 minutes"},"schema":{"@context":"https:\/\/schema.org","@graph":[{"@type":"WebPage","@id":"https:\/\/www.associazioneletteraltura.com\/festivalpost-2022\/","url":"https:\/\/www.associazioneletteraltura.com\/festivalpost-2022\/","name":"FestivalPOST 2022 - Lago Maggiore LetterAltura","isPartOf":{"@id":"https:\/\/www.associazioneletteraltura.com\/#website"},"primaryImageOfPage":{"@id":"https:\/\/www.associazioneletteraltura.com\/festivalpost-2022\/#primaryimage"},"image":{"@id":"https:\/\/www.associazioneletteraltura.com\/festivalpost-2022\/#primaryimage"},"thumbnailUrl":"https:\/\/www.associazioneletteraltura.com\/wp-content\/uploads\/2022\/10\/Musica-in-quota-Pian-darla-ph.-Marco-Benedetto-Cerini-3-Copy.jpg","datePublished":"2022-10-11T10:20:36+00:00","dateModified":"2022-10-22T12:05:58+00:00","description":"FestivalPOST 2022: si chiude il XVI Festival LetterAltura, dal titolo \"corpo corsa cammino pens\u00efero\", in programma a Verbania, Lago Maggiore.","breadcrumb":{"@id":"https:\/\/www.associazioneletteraltura.com\/festivalpost-2022\/#breadcrumb"},"inLanguage":"en-GB","potentialAction":[{"@type":"ReadAction","target":["https:\/\/www.associazioneletteraltura.com\/festivalpost-2022\/"]}]},{"@type":"ImageObject","inLanguage":"en-GB","@id":"https:\/\/www.associazioneletteraltura.com\/festivalpost-2022\/#primaryimage","url":"https:\/\/www.associazioneletteraltura.com\/wp-content\/uploads\/2022\/10\/Musica-in-quota-Pian-darla-ph.-Marco-Benedetto-Cerini-3-Copy.jpg","contentUrl":"https:\/\/www.associazioneletteraltura.com\/wp-content\/uploads\/2022\/10\/Musica-in-quota-Pian-darla-ph.-Marco-Benedetto-Cerini-3-Copy.jpg","width":1400,"height":933},{"@type":"BreadcrumbList","@id":"https:\/\/www.associazioneletteraltura.com\/festivalpost-2022\/#breadcrumb","itemListElement":[{"@type":"ListItem","position":1,"name":"Home","item":"https:\/\/www.associazioneletteraltura.com\/"},{"@type":"ListItem","position":2,"name":"FestivalPOST 2022"}]},{"@type":"WebSite","@id":"https:\/\/www.associazioneletteraltura.com\/#website","url":"https:\/\/www.associazioneletteraltura.com\/","name":"Lago Maggiore LetterAltura","description":"Festival di letteratura di montagna, viaggio, avventura","publisher":{"@id":"https:\/\/www.associazioneletteraltura.com\/#organization"},"potentialAction":[{"@type":"SearchAction","target":{"@type":"EntryPoint","urlTemplate":"https:\/\/www.associazioneletteraltura.com\/?s={search_term_string}"},"query-input":{"@type":"PropertyValueSpecification","valueRequired":true,"valueName":"search_term_string"}}],"inLanguage":"en-GB"},{"@type":"Organization","@id":"https:\/\/www.associazioneletteraltura.com\/#organization","name":"Associazione Letteraltura","url":"https:\/\/www.associazioneletteraltura.com\/","logo":{"@type":"ImageObject","inLanguage":"en-GB","@id":"https:\/\/www.associazioneletteraltura.com\/#\/schema\/logo\/image\/","url":"https:\/\/www.associazioneletteraltura.com\/wp-content\/uploads\/2021\/07\/Logo-Letteraltura.png","contentUrl":"https:\/\/www.associazioneletteraltura.com\/wp-content\/uploads\/2021\/07\/Logo-Letteraltura.png","width":574,"height":638,"caption":"Associazione Letteraltura"},"image":{"@id":"https:\/\/www.associazioneletteraltura.com\/#\/schema\/logo\/image\/"},"sameAs":["https:\/\/www.facebook.com\/letteraltura","https:\/\/www.instagram.com\/letteraltura\/","https:\/\/www.youtube.com\/channel\/UC5lvGPMQnpDPQ5stsVk2x6w"]}]}},"jetpack_sharing_enabled":true,"_links":{"self":[{"href":"https:\/\/www.associazioneletteraltura.com\/en\/wp-json\/wp\/v2\/pages\/11228","targetHints":{"allow":["GET"]}}],"collection":[{"href":"https:\/\/www.associazioneletteraltura.com\/en\/wp-json\/wp\/v2\/pages"}],"about":[{"href":"https:\/\/www.associazioneletteraltura.com\/en\/wp-json\/wp\/v2\/types\/page"}],"author":[{"embeddable":true,"href":"https:\/\/www.associazioneletteraltura.com\/en\/wp-json\/wp\/v2\/users\/8"}],"replies":[{"embeddable":true,"href":"https:\/\/www.associazioneletteraltura.com\/en\/wp-json\/wp\/v2\/comments?post=11228"}],"version-history":[{"count":19,"href":"https:\/\/www.associazioneletteraltura.com\/en\/wp-json\/wp\/v2\/pages\/11228\/revisions"}],"predecessor-version":[{"id":11293,"href":"https:\/\/www.associazioneletteraltura.com\/en\/wp-json\/wp\/v2\/pages\/11228\/revisions\/11293"}],"wp:featuredmedia":[{"embeddable":true,"href":"https:\/\/www.associazioneletteraltura.com\/en\/wp-json\/wp\/v2\/media\/11225"}],"wp:attachment":[{"href":"https:\/\/www.associazioneletteraltura.com\/en\/wp-json\/wp\/v2\/media?parent=11228"}],"curies":[{"name":"wp","href":"https:\/\/api.w.org\/{rel}","templated":true}]}}