{"id":11045,"date":"2022-09-12T15:02:14","date_gmt":"2022-09-12T15:02:14","guid":{"rendered":"https:\/\/www.associazioneletteraltura.com\/?page_id=11045"},"modified":"2022-12-05T17:00:08","modified_gmt":"2022-12-05T17:00:08","slug":"piccolo-concorso-di-scrittura-creativa-2022","status":"publish","type":"page","link":"https:\/\/www.associazioneletteraltura.com\/en\/piccolo-concorso-di-scrittura-creativa-2022\/","title":{"rendered":"Piccolo Concorso di Scrittura Creativa 2022"},"content":{"rendered":"<div data-elementor-type=\"wp-page\" data-elementor-id=\"11045\" class=\"elementor elementor-11045\" data-elementor-settings=\"[]\">\n\t\t\t\t\t\t\t<div class=\"elementor-section-wrap\">\n\t\t\t\t\t\t\t<section class=\"elementor-section elementor-top-section elementor-element elementor-element-2b94d4e elementor-section-height-full elementor-section-full_width elementor-section-height-default elementor-section-items-middle\" data-id=\"2b94d4e\" data-element_type=\"section\" data-settings=\"{&quot;background_background&quot;:&quot;classic&quot;}\">\n\t\t\t\t\t\t\t<div class=\"elementor-background-overlay\"><\/div>\n\t\t\t\t\t\t\t<div class=\"elementor-container elementor-column-gap-default\">\n\t\t\t\t\t<div class=\"elementor-column elementor-col-33 elementor-top-column elementor-element elementor-element-580e1a5\" data-id=\"580e1a5\" data-element_type=\"column\">\n\t\t\t<div class=\"elementor-widget-wrap\">\n\t\t\t\t\t\t\t\t\t<\/div>\n\t\t<\/div>\n\t\t\t\t<div class=\"elementor-column elementor-col-33 elementor-top-column elementor-element elementor-element-dad0915\" data-id=\"dad0915\" data-element_type=\"column\">\n\t\t\t<div class=\"elementor-widget-wrap elementor-element-populated\">\n\t\t\t\t\t\t\t\t<div class=\"elementor-element elementor-element-6e22c90 elementor-hidden-phone elementor-widget elementor-widget-image\" data-id=\"6e22c90\" data-element_type=\"widget\" data-widget_type=\"image.default\">\n\t\t\t\t<div class=\"elementor-widget-container\">\n\t\t\t\t\t\t\t\t\t\t\t\t\t\t\t<img loading=\"lazy\" decoding=\"async\" width=\"122\" height=\"100\" src=\"https:\/\/www.associazioneletteraltura.com\/wp-content\/uploads\/2019\/02\/logo-1.png\" class=\"attachment-large size-large\" alt=\"\" \/>\t\t\t\t\t\t\t\t\t\t\t\t\t\t\t<\/div>\n\t\t\t\t<\/div>\n\t\t\t\t<div class=\"elementor-element elementor-element-3fc3595 elementor-widget elementor-widget-heading\" data-id=\"3fc3595\" data-element_type=\"widget\" data-widget_type=\"heading.default\">\n\t\t\t\t<div class=\"elementor-widget-container\">\n\t\t\t<h2 class=\"elementor-heading-title elementor-size-default\">PICCOLO CONCORSO DI SCRITTURA CREATIVA 2022<\/h2>\t\t<\/div>\n\t\t\t\t<\/div>\n\t\t\t\t\t<\/div>\n\t\t<\/div>\n\t\t\t\t<div class=\"elementor-column elementor-col-33 elementor-top-column elementor-element elementor-element-c472adb\" data-id=\"c472adb\" data-element_type=\"column\">\n\t\t\t<div class=\"elementor-widget-wrap\">\n\t\t\t\t\t\t\t\t\t<\/div>\n\t\t<\/div>\n\t\t\t\t\t\t\t<\/div>\n\t\t<\/section>\n\t\t\t\t<section class=\"elementor-section elementor-top-section elementor-element elementor-element-53fea2c elementor-section-height-min-height elementor-section-boxed elementor-section-height-default elementor-section-items-middle\" data-id=\"53fea2c\" data-element_type=\"section\">\n\t\t\t\t\t\t<div class=\"elementor-container elementor-column-gap-default\">\n\t\t\t\t\t<div class=\"elementor-column elementor-col-100 elementor-top-column elementor-element elementor-element-30265a5\" data-id=\"30265a5\" data-element_type=\"column\">\n\t\t\t<div class=\"elementor-widget-wrap elementor-element-populated\">\n\t\t\t\t\t\t\t\t<div class=\"elementor-element elementor-element-4527993 elementor-widget elementor-widget-text-editor\" data-id=\"4527993\" data-element_type=\"widget\" data-widget_type=\"text-editor.default\">\n\t\t\t\t<div class=\"elementor-widget-container\">\n\t\t\t\t\t\t\t\t<p>Anche quest&#8217;anno l&#8217;<strong>Associazione\u00a0LetterAltura<\/strong>\u00a0sta lavorando, intensamente e con passione, per preparare l&#8217;<strong>edizione numero 15 del Festival<\/strong>. \u00c8 ormai chiaro che la situazione di pandemia non sar\u00e0 alle spalle a settembre, per cui organizzeremo la rassegna, come gi\u00e0 fatto lo scorso anno, secondo procedure che ci permettano di viverla in condizioni di sicurezza.<\/p>\t\t\t\t\t\t<\/div>\n\t\t\t\t<\/div>\n\t\t\t\t<div class=\"elementor-element elementor-element-f77ee0a elementor-widget elementor-widget-heading\" data-id=\"f77ee0a\" data-element_type=\"widget\" data-widget_type=\"heading.default\">\n\t\t\t\t<div class=\"elementor-widget-container\">\n\t\t\t<h2 class=\"elementor-heading-title elementor-size-default\">Sesta edizione del Piccolo Concorso di Scrittura Creativa, con il tema <em>CORPO CORSA CAMMINO PENS\u00cfERO<\/em>\n<\/h2>\t\t<\/div>\n\t\t\t\t<\/div>\n\t\t\t\t\t<\/div>\n\t\t<\/div>\n\t\t\t\t\t\t\t<\/div>\n\t\t<\/section>\n\t\t\t\t<section class=\"elementor-section elementor-top-section elementor-element elementor-element-14205a6 elementor-section-boxed elementor-section-height-default elementor-section-height-default\" data-id=\"14205a6\" data-element_type=\"section\">\n\t\t\t\t\t\t<div class=\"elementor-container elementor-column-gap-default\">\n\t\t\t\t\t<div class=\"elementor-column elementor-col-100 elementor-top-column elementor-element elementor-element-b987966\" data-id=\"b987966\" data-element_type=\"column\">\n\t\t\t<div class=\"elementor-widget-wrap elementor-element-populated\">\n\t\t\t\t\t\t\t\t<div class=\"elementor-element elementor-element-feb5d17 elementor-widget elementor-widget-text-editor\" data-id=\"feb5d17\" data-element_type=\"widget\" data-widget_type=\"text-editor.default\">\n\t\t\t\t<div class=\"elementor-widget-container\">\n\t\t\t\t\t\t\t\t<p>Collegato al Festival 2022 \u00e8 il <strong>Piccolo Concorso di Scrittura Creativa<\/strong>, arrivato alla sua sesta edizione. Come negli anni precedenti, sar\u00e0 possibile partecipare con un <strong>breve testo ispirato al tema-titolo del Festival: CORPO CORSA CAMMINO PENS\u00cfERO<\/strong>.<br \/>Il testo, con un titolo scelto dall\u2019autore, pu\u00f2 essere di qualsiasi genere e forma di scrittura: racconto, poesia, dialogo, riflessione\u2026. <br \/>La lunghezza non deve superare i 2.000 caratteri, spazi inclusi. Ogni autore pu\u00f2 partecipare con un solo testo, originale e inedito, da inviare alla Segreteria di LetterAltura <strong>a partire dal 1\u00b0 ottobre ed entro il 30 novembre 2022<\/strong>. Una giuria valuter\u00e0 i testi pervenuti, assegnando i premi e decidendo la loro pubblicazione.<\/p><p>Gli autori dei <strong>10 testi giudicati migliori<\/strong> avranno premi in <strong>buoni libro<\/strong> presso le <strong>Librerie Libraccio<\/strong> e premi offerti da <strong>Verbania Musica<\/strong><br \/>I <strong>5 testi ritenuti migliori in assoluto<\/strong> saranno inoltre <strong>pubblicati nell\u2019edizione verbanese de <em>l<\/em><\/strong><strong><em>a Stampa<\/em>.<\/strong><br \/>L\u2019autore del <strong>testo giudicato migliore in assoluto<\/strong> ricever\u00e0 un <strong>riconoscimento<\/strong> da parte del <strong>Lions Club Verbania<\/strong>.<\/p><p>Il <strong>Regolamento<\/strong> completo del Piccolo Concorso di Scrittura Creativa \u00e8 pubblicato su questo sito oltre che diffuso con volantini nelle biblioteche, nelle librerie e nelle scuole.<\/p><p>Per il secondo anno i testi del Piccolo Concorso partecipano al <strong>progetto di Editoria Estrema di Andrea Dallapina<\/strong>,\u00a0promosso da LetterAltura e volto alla riscoperta e valorizzazione della scrittura a mano: oltre all\u2019invio del testo scritto al computer, i partecipanti riceveranno un libretto in carta pregiata sul quale trascrivere a mano il loro testo; il libretto dovr\u00e0 essere fatto pervenire alla Segreteria di LetterAltura <strong>entro il 15 gennaio 2023<\/strong>. Oltre ai testi del Concorso, il progetto di Editoria Estrema continua a raccogliere <strong>brevi e inediti testi d\u2019autore<\/strong>, scritti anch\u2019essi a mano e arricchiti da copertine artistiche. \u00c8 un modo per coinvolgere gli autori ospiti del Festival e arrivare alla <strong>creazione di opere uniche<\/strong>, che fanno riscoprire sia il fascino del racconto che il gesto e il segno della scrittura. Nell\u2019ambito del <a href=\"https:\/\/www.associazioneletteraltura.com\/en\/festivalpost-2022\/\"><strong>FestivalPost<\/strong><\/a>, tra ottobre e novembre, ci saranno diversi momenti di presentazione di queste opere.<\/p>\t\t\t\t\t\t<\/div>\n\t\t\t\t<\/div>\n\t\t\t\t\t<\/div>\n\t\t<\/div>\n\t\t\t\t\t\t\t<\/div>\n\t\t<\/section>\n\t\t\t\t<section class=\"elementor-section elementor-top-section elementor-element elementor-element-8ad4532 elementor-section-boxed elementor-section-height-default elementor-section-height-default\" data-id=\"8ad4532\" data-element_type=\"section\">\n\t\t\t\t\t\t<div class=\"elementor-container elementor-column-gap-default\">\n\t\t\t\t\t<div class=\"elementor-column elementor-col-100 elementor-top-column elementor-element elementor-element-894345e\" data-id=\"894345e\" data-element_type=\"column\">\n\t\t\t<div class=\"elementor-widget-wrap elementor-element-populated\">\n\t\t\t\t\t\t\t\t<div class=\"elementor-element elementor-element-c16826f elementor-button-warning elementor-align-center elementor-widget elementor-widget-button\" data-id=\"c16826f\" data-element_type=\"widget\" data-widget_type=\"button.default\">\n\t\t\t\t<div class=\"elementor-widget-container\">\n\t\t\t\t\t<div class=\"elementor-button-wrapper\">\n\t\t\t<a href=\"https:\/\/www.associazioneletteraltura.com\/en\/regolamento-concorso-di-scrittura\/\" class=\"elementor-button-link elementor-button elementor-size-lg\" role=\"button\">\n\t\t\t\t\t\t<span class=\"elementor-button-content-wrapper\">\n\t\t\t\t\t\t<span class=\"elementor-button-text\">LEGGI QUI IL REGOLAMENTO DEL CONCORSO<\/span>\n\t\t<\/span>\n\t\t\t\t\t<\/a>\n\t\t<\/div>\n\t\t\t\t<\/div>\n\t\t\t\t<\/div>\n\t\t\t\t\t<\/div>\n\t\t<\/div>\n\t\t\t\t\t\t\t<\/div>\n\t\t<\/section>\n\t\t\t\t\t\t<\/div>\n\t\t\t\t\t<\/div>","protected":false},"excerpt":{"rendered":"<p>PICCOLO CONCORSO DI SCRITTURA CREATIVA 2022 Anche quest&#8217;anno l&#8217;Associazione\u00a0LetterAltura\u00a0sta lavorando, intensamente e con passione, per preparare l&#8217;edizione numero 15 del Festival. \u00c8 ormai chiaro che la situazione di pandemia non sar\u00e0 alle spalle a settembre, per cui organizzeremo la rassegna, come gi\u00e0 fatto lo scorso anno, secondo procedure che ci permettano di viverla in condizioni [&hellip;]<\/p>","protected":false},"author":8,"featured_media":10295,"parent":0,"menu_order":0,"comment_status":"closed","ping_status":"closed","template":"elementor_header_footer","meta":{"_acf_changed":false,"pgc_meta":"","iawp_total_views":46,"footnotes":""},"class_list":["post-11045","page","type-page","status-publish","has-post-thumbnail","hentry"],"acf":[],"pgc_meta":"","yoast_head":"<!-- This site is optimized with the Yoast SEO plugin v27.2 - https:\/\/yoast.com\/product\/yoast-seo-wordpress\/ -->\n<title>Piccolo Concorso di Scrittura Creativa 2022 - Lago Maggiore LetterAltura<\/title>\n<meta name=\"description\" content=\"L&#039;Associazione LetterAltura lancia la sesta edizione del Piccolo Concorso di Scrittura Creativa con tema del Festival 2022: \u201cCORPO CORSA CAMMINO PENS\u00cfERO\u201d.\" \/>\n<meta name=\"robots\" content=\"index, follow, max-snippet:-1, max-image-preview:large, max-video-preview:-1\" \/>\n<link rel=\"canonical\" href=\"https:\/\/www.associazioneletteraltura.com\/en\/piccolo-concorso-di-scrittura-creativa-2022\/\" \/>\n<meta property=\"og:locale\" content=\"en_GB\" \/>\n<meta property=\"og:type\" content=\"article\" \/>\n<meta property=\"og:title\" content=\"Piccolo Concorso di Scrittura Creativa 2022 - Lago Maggiore LetterAltura\" \/>\n<meta property=\"og:description\" content=\"L&#039;Associazione LetterAltura lancia la sesta edizione del Piccolo Concorso di Scrittura Creativa con tema del Festival 2022: \u201cCORPO CORSA CAMMINO PENS\u00cfERO\u201d.\" \/>\n<meta property=\"og:url\" content=\"https:\/\/www.associazioneletteraltura.com\/en\/piccolo-concorso-di-scrittura-creativa-2022\/\" \/>\n<meta property=\"og:site_name\" content=\"Lago Maggiore LetterAltura\" \/>\n<meta property=\"article:publisher\" content=\"https:\/\/www.facebook.com\/letteraltura\" \/>\n<meta property=\"article:modified_time\" content=\"2022-12-05T17:00:08+00:00\" \/>\n<meta property=\"og:image\" content=\"https:\/\/www.associazioneletteraltura.com\/wp-content\/uploads\/2021\/07\/35-LetterAltura-2020_lungolago_Pallanza_6621_LR.jpg\" \/>\n\t<meta property=\"og:image:width\" content=\"1444\" \/>\n\t<meta property=\"og:image:height\" content=\"964\" \/>\n\t<meta property=\"og:image:type\" content=\"image\/jpeg\" \/>\n<meta name=\"twitter:card\" content=\"summary_large_image\" \/>\n<meta name=\"twitter:label1\" content=\"Estimated reading time\" \/>\n\t<meta name=\"twitter:data1\" content=\"3 minutes\" \/>\n<script type=\"application\/ld+json\" class=\"yoast-schema-graph\">{\"@context\":\"https:\/\/schema.org\",\"@graph\":[{\"@type\":\"WebPage\",\"@id\":\"https:\/\/www.associazioneletteraltura.com\/piccolo-concorso-di-scrittura-creativa-2022\/\",\"url\":\"https:\/\/www.associazioneletteraltura.com\/piccolo-concorso-di-scrittura-creativa-2022\/\",\"name\":\"Piccolo Concorso di Scrittura Creativa 2022 - Lago Maggiore LetterAltura\",\"isPartOf\":{\"@id\":\"https:\/\/www.associazioneletteraltura.com\/#website\"},\"primaryImageOfPage\":{\"@id\":\"https:\/\/www.associazioneletteraltura.com\/piccolo-concorso-di-scrittura-creativa-2022\/#primaryimage\"},\"image\":{\"@id\":\"https:\/\/www.associazioneletteraltura.com\/piccolo-concorso-di-scrittura-creativa-2022\/#primaryimage\"},\"thumbnailUrl\":\"https:\/\/www.associazioneletteraltura.com\/wp-content\/uploads\/2022\/03\/Festval-LetterAltura-2022.jpg\",\"datePublished\":\"2022-09-12T15:02:14+00:00\",\"dateModified\":\"2022-12-05T17:00:08+00:00\",\"description\":\"L'Associazione LetterAltura lancia la sesta edizione del Piccolo Concorso di Scrittura Creativa con tema del Festival 2022: \u201cCORPO CORSA CAMMINO PENS\u00cfERO\u201d.\",\"breadcrumb\":{\"@id\":\"https:\/\/www.associazioneletteraltura.com\/piccolo-concorso-di-scrittura-creativa-2022\/#breadcrumb\"},\"inLanguage\":\"en-GB\",\"potentialAction\":[{\"@type\":\"ReadAction\",\"target\":[\"https:\/\/www.associazioneletteraltura.com\/piccolo-concorso-di-scrittura-creativa-2022\/\"]}]},{\"@type\":\"ImageObject\",\"inLanguage\":\"en-GB\",\"@id\":\"https:\/\/www.associazioneletteraltura.com\/piccolo-concorso-di-scrittura-creativa-2022\/#primaryimage\",\"url\":\"https:\/\/www.associazioneletteraltura.com\/wp-content\/uploads\/2022\/03\/Festval-LetterAltura-2022.jpg\",\"contentUrl\":\"https:\/\/www.associazioneletteraltura.com\/wp-content\/uploads\/2022\/03\/Festval-LetterAltura-2022.jpg\",\"width\":1600,\"height\":1156},{\"@type\":\"BreadcrumbList\",\"@id\":\"https:\/\/www.associazioneletteraltura.com\/piccolo-concorso-di-scrittura-creativa-2022\/#breadcrumb\",\"itemListElement\":[{\"@type\":\"ListItem\",\"position\":1,\"name\":\"Home\",\"item\":\"https:\/\/www.associazioneletteraltura.com\/\"},{\"@type\":\"ListItem\",\"position\":2,\"name\":\"Piccolo Concorso di Scrittura Creativa 2022\"}]},{\"@type\":\"WebSite\",\"@id\":\"https:\/\/www.associazioneletteraltura.com\/#website\",\"url\":\"https:\/\/www.associazioneletteraltura.com\/\",\"name\":\"Lago Maggiore LetterAltura\",\"description\":\"Festival di letteratura di montagna, viaggio, avventura\",\"publisher\":{\"@id\":\"https:\/\/www.associazioneletteraltura.com\/#organization\"},\"potentialAction\":[{\"@type\":\"SearchAction\",\"target\":{\"@type\":\"EntryPoint\",\"urlTemplate\":\"https:\/\/www.associazioneletteraltura.com\/?s={search_term_string}\"},\"query-input\":{\"@type\":\"PropertyValueSpecification\",\"valueRequired\":true,\"valueName\":\"search_term_string\"}}],\"inLanguage\":\"en-GB\"},{\"@type\":\"Organization\",\"@id\":\"https:\/\/www.associazioneletteraltura.com\/#organization\",\"name\":\"Associazione Letteraltura\",\"url\":\"https:\/\/www.associazioneletteraltura.com\/\",\"logo\":{\"@type\":\"ImageObject\",\"inLanguage\":\"en-GB\",\"@id\":\"https:\/\/www.associazioneletteraltura.com\/#\/schema\/logo\/image\/\",\"url\":\"https:\/\/www.associazioneletteraltura.com\/wp-content\/uploads\/2021\/07\/Logo-Letteraltura.png\",\"contentUrl\":\"https:\/\/www.associazioneletteraltura.com\/wp-content\/uploads\/2021\/07\/Logo-Letteraltura.png\",\"width\":574,\"height\":638,\"caption\":\"Associazione Letteraltura\"},\"image\":{\"@id\":\"https:\/\/www.associazioneletteraltura.com\/#\/schema\/logo\/image\/\"},\"sameAs\":[\"https:\/\/www.facebook.com\/letteraltura\",\"https:\/\/www.instagram.com\/letteraltura\/\",\"https:\/\/www.youtube.com\/channel\/UC5lvGPMQnpDPQ5stsVk2x6w\"]}]}<\/script>\n<!-- \/ Yoast SEO plugin. -->","yoast_head_json":{"title":"Piccolo Concorso di Scrittura Creativa 2022 - Lago Maggiore LetterAltura","description":"L'Associazione LetterAltura lancia la sesta edizione del Piccolo Concorso di Scrittura Creativa con tema del Festival 2022: \u201cCORPO CORSA CAMMINO PENS\u00cfERO\u201d.","robots":{"index":"index","follow":"follow","max-snippet":"max-snippet:-1","max-image-preview":"max-image-preview:large","max-video-preview":"max-video-preview:-1"},"canonical":"https:\/\/www.associazioneletteraltura.com\/en\/piccolo-concorso-di-scrittura-creativa-2022\/","og_locale":"en_GB","og_type":"article","og_title":"Piccolo Concorso di Scrittura Creativa 2022 - Lago Maggiore LetterAltura","og_description":"L'Associazione LetterAltura lancia la sesta edizione del Piccolo Concorso di Scrittura Creativa con tema del Festival 2022: \u201cCORPO CORSA CAMMINO PENS\u00cfERO\u201d.","og_url":"https:\/\/www.associazioneletteraltura.com\/en\/piccolo-concorso-di-scrittura-creativa-2022\/","og_site_name":"Lago Maggiore LetterAltura","article_publisher":"https:\/\/www.facebook.com\/letteraltura","article_modified_time":"2022-12-05T17:00:08+00:00","og_image":[{"width":1444,"height":964,"url":"https:\/\/www.associazioneletteraltura.com\/wp-content\/uploads\/2021\/07\/35-LetterAltura-2020_lungolago_Pallanza_6621_LR.jpg","type":"image\/jpeg"}],"twitter_card":"summary_large_image","twitter_misc":{"Estimated reading time":"3 minutes"},"schema":{"@context":"https:\/\/schema.org","@graph":[{"@type":"WebPage","@id":"https:\/\/www.associazioneletteraltura.com\/piccolo-concorso-di-scrittura-creativa-2022\/","url":"https:\/\/www.associazioneletteraltura.com\/piccolo-concorso-di-scrittura-creativa-2022\/","name":"Piccolo Concorso di Scrittura Creativa 2022 - Lago Maggiore LetterAltura","isPartOf":{"@id":"https:\/\/www.associazioneletteraltura.com\/#website"},"primaryImageOfPage":{"@id":"https:\/\/www.associazioneletteraltura.com\/piccolo-concorso-di-scrittura-creativa-2022\/#primaryimage"},"image":{"@id":"https:\/\/www.associazioneletteraltura.com\/piccolo-concorso-di-scrittura-creativa-2022\/#primaryimage"},"thumbnailUrl":"https:\/\/www.associazioneletteraltura.com\/wp-content\/uploads\/2022\/03\/Festval-LetterAltura-2022.jpg","datePublished":"2022-09-12T15:02:14+00:00","dateModified":"2022-12-05T17:00:08+00:00","description":"L'Associazione LetterAltura lancia la sesta edizione del Piccolo Concorso di Scrittura Creativa con tema del Festival 2022: \u201cCORPO CORSA CAMMINO PENS\u00cfERO\u201d.","breadcrumb":{"@id":"https:\/\/www.associazioneletteraltura.com\/piccolo-concorso-di-scrittura-creativa-2022\/#breadcrumb"},"inLanguage":"en-GB","potentialAction":[{"@type":"ReadAction","target":["https:\/\/www.associazioneletteraltura.com\/piccolo-concorso-di-scrittura-creativa-2022\/"]}]},{"@type":"ImageObject","inLanguage":"en-GB","@id":"https:\/\/www.associazioneletteraltura.com\/piccolo-concorso-di-scrittura-creativa-2022\/#primaryimage","url":"https:\/\/www.associazioneletteraltura.com\/wp-content\/uploads\/2022\/03\/Festval-LetterAltura-2022.jpg","contentUrl":"https:\/\/www.associazioneletteraltura.com\/wp-content\/uploads\/2022\/03\/Festval-LetterAltura-2022.jpg","width":1600,"height":1156},{"@type":"BreadcrumbList","@id":"https:\/\/www.associazioneletteraltura.com\/piccolo-concorso-di-scrittura-creativa-2022\/#breadcrumb","itemListElement":[{"@type":"ListItem","position":1,"name":"Home","item":"https:\/\/www.associazioneletteraltura.com\/"},{"@type":"ListItem","position":2,"name":"Piccolo Concorso di Scrittura Creativa 2022"}]},{"@type":"WebSite","@id":"https:\/\/www.associazioneletteraltura.com\/#website","url":"https:\/\/www.associazioneletteraltura.com\/","name":"Lago Maggiore LetterAltura","description":"Festival di letteratura di montagna, viaggio, avventura","publisher":{"@id":"https:\/\/www.associazioneletteraltura.com\/#organization"},"potentialAction":[{"@type":"SearchAction","target":{"@type":"EntryPoint","urlTemplate":"https:\/\/www.associazioneletteraltura.com\/?s={search_term_string}"},"query-input":{"@type":"PropertyValueSpecification","valueRequired":true,"valueName":"search_term_string"}}],"inLanguage":"en-GB"},{"@type":"Organization","@id":"https:\/\/www.associazioneletteraltura.com\/#organization","name":"Associazione Letteraltura","url":"https:\/\/www.associazioneletteraltura.com\/","logo":{"@type":"ImageObject","inLanguage":"en-GB","@id":"https:\/\/www.associazioneletteraltura.com\/#\/schema\/logo\/image\/","url":"https:\/\/www.associazioneletteraltura.com\/wp-content\/uploads\/2021\/07\/Logo-Letteraltura.png","contentUrl":"https:\/\/www.associazioneletteraltura.com\/wp-content\/uploads\/2021\/07\/Logo-Letteraltura.png","width":574,"height":638,"caption":"Associazione Letteraltura"},"image":{"@id":"https:\/\/www.associazioneletteraltura.com\/#\/schema\/logo\/image\/"},"sameAs":["https:\/\/www.facebook.com\/letteraltura","https:\/\/www.instagram.com\/letteraltura\/","https:\/\/www.youtube.com\/channel\/UC5lvGPMQnpDPQ5stsVk2x6w"]}]}},"jetpack_sharing_enabled":true,"_links":{"self":[{"href":"https:\/\/www.associazioneletteraltura.com\/en\/wp-json\/wp\/v2\/pages\/11045","targetHints":{"allow":["GET"]}}],"collection":[{"href":"https:\/\/www.associazioneletteraltura.com\/en\/wp-json\/wp\/v2\/pages"}],"about":[{"href":"https:\/\/www.associazioneletteraltura.com\/en\/wp-json\/wp\/v2\/types\/page"}],"author":[{"embeddable":true,"href":"https:\/\/www.associazioneletteraltura.com\/en\/wp-json\/wp\/v2\/users\/8"}],"replies":[{"embeddable":true,"href":"https:\/\/www.associazioneletteraltura.com\/en\/wp-json\/wp\/v2\/comments?post=11045"}],"version-history":[{"count":23,"href":"https:\/\/www.associazioneletteraltura.com\/en\/wp-json\/wp\/v2\/pages\/11045\/revisions"}],"predecessor-version":[{"id":11363,"href":"https:\/\/www.associazioneletteraltura.com\/en\/wp-json\/wp\/v2\/pages\/11045\/revisions\/11363"}],"wp:featuredmedia":[{"embeddable":true,"href":"https:\/\/www.associazioneletteraltura.com\/en\/wp-json\/wp\/v2\/media\/10295"}],"wp:attachment":[{"href":"https:\/\/www.associazioneletteraltura.com\/en\/wp-json\/wp\/v2\/media?parent=11045"}],"curies":[{"name":"wp","href":"https:\/\/api.w.org\/{rel}","templated":true}]}}