{"id":10909,"date":"2022-09-08T15:19:16","date_gmt":"2022-09-08T15:19:16","guid":{"rendered":"https:\/\/www.associazioneletteraltura.com\/?page_id=10909"},"modified":"2022-10-21T14:02:42","modified_gmt":"2022-10-21T14:02:42","slug":"mostra-0-a-5000-mt","status":"publish","type":"page","link":"https:\/\/www.associazioneletteraltura.com\/en\/mostra-0-a-5000-mt\/","title":{"rendered":"Mostra &#8220;0\u00b0 a 5000 mt&#8221;"},"content":{"rendered":"<div data-elementor-type=\"wp-page\" data-elementor-id=\"10909\" class=\"elementor elementor-10909\" data-elementor-settings=\"[]\">\n\t\t\t\t\t\t\t<div class=\"elementor-section-wrap\">\n\t\t\t\t\t\t\t<section class=\"elementor-section elementor-top-section elementor-element elementor-element-2b94d4e elementor-section-height-full elementor-section-full_width elementor-section-height-default elementor-section-items-middle\" data-id=\"2b94d4e\" data-element_type=\"section\" data-settings=\"{&quot;background_background&quot;:&quot;classic&quot;}\">\n\t\t\t\t\t\t\t<div class=\"elementor-background-overlay\"><\/div>\n\t\t\t\t\t\t\t<div class=\"elementor-container elementor-column-gap-default\">\n\t\t\t\t\t<div class=\"elementor-column elementor-col-33 elementor-top-column elementor-element elementor-element-580e1a5\" data-id=\"580e1a5\" data-element_type=\"column\">\n\t\t\t<div class=\"elementor-widget-wrap\">\n\t\t\t\t\t\t\t\t\t<\/div>\n\t\t<\/div>\n\t\t\t\t<div class=\"elementor-column elementor-col-33 elementor-top-column elementor-element elementor-element-dad0915\" data-id=\"dad0915\" data-element_type=\"column\">\n\t\t\t<div class=\"elementor-widget-wrap elementor-element-populated\">\n\t\t\t\t\t\t\t\t<div class=\"elementor-element elementor-element-6e22c90 elementor-hidden-phone elementor-widget elementor-widget-image\" data-id=\"6e22c90\" data-element_type=\"widget\" data-widget_type=\"image.default\">\n\t\t\t\t<div class=\"elementor-widget-container\">\n\t\t\t\t\t\t\t\t\t\t\t\t\t\t\t<img loading=\"lazy\" decoding=\"async\" width=\"122\" height=\"100\" src=\"https:\/\/www.associazioneletteraltura.com\/wp-content\/uploads\/2019\/02\/logo-1.png\" class=\"attachment-large size-large\" alt=\"\" \/>\t\t\t\t\t\t\t\t\t\t\t\t\t\t\t<\/div>\n\t\t\t\t<\/div>\n\t\t\t\t<div class=\"elementor-element elementor-element-3fc3595 elementor-widget elementor-widget-heading\" data-id=\"3fc3595\" data-element_type=\"widget\" data-widget_type=\"heading.default\">\n\t\t\t\t<div class=\"elementor-widget-container\">\n\t\t\t<h2 class=\"elementor-heading-title elementor-size-default\">0\u00b0 a 5000 mt <\/h2>\t\t<\/div>\n\t\t\t\t<\/div>\n\t\t\t\t\t<\/div>\n\t\t<\/div>\n\t\t\t\t<div class=\"elementor-column elementor-col-33 elementor-top-column elementor-element elementor-element-c472adb\" data-id=\"c472adb\" data-element_type=\"column\">\n\t\t\t<div class=\"elementor-widget-wrap\">\n\t\t\t\t\t\t\t\t\t<\/div>\n\t\t<\/div>\n\t\t\t\t\t\t\t<\/div>\n\t\t<\/section>\n\t\t\t\t<section class=\"elementor-section elementor-top-section elementor-element elementor-element-53fea2c elementor-section-height-min-height elementor-section-boxed elementor-section-height-default elementor-section-items-middle\" data-id=\"53fea2c\" data-element_type=\"section\">\n\t\t\t\t\t\t<div class=\"elementor-container elementor-column-gap-default\">\n\t\t\t\t\t<div class=\"elementor-column elementor-col-100 elementor-top-column elementor-element elementor-element-30265a5\" data-id=\"30265a5\" data-element_type=\"column\">\n\t\t\t<div class=\"elementor-widget-wrap elementor-element-populated\">\n\t\t\t\t\t\t\t\t<div class=\"elementor-element elementor-element-4527993 elementor-widget elementor-widget-text-editor\" data-id=\"4527993\" data-element_type=\"widget\" data-widget_type=\"text-editor.default\">\n\t\t\t\t<div class=\"elementor-widget-container\">\n\t\t\t\t\t\t\t\t<p>Anche quest&#8217;anno l&#8217;<strong>Associazione\u00a0LetterAltura<\/strong>\u00a0sta lavorando, intensamente e con passione, per preparare l&#8217;<strong>edizione numero 15 del Festival<\/strong>. \u00c8 ormai chiaro che la situazione di pandemia non sar\u00e0 alle spalle a settembre, per cui organizzeremo la rassegna, come gi\u00e0 fatto lo scorso anno, secondo procedure che ci permettano di viverla in condizioni di sicurezza.<\/p>\t\t\t\t\t\t<\/div>\n\t\t\t\t<\/div>\n\t\t\t\t<div class=\"elementor-element elementor-element-f8798b4 elementor-widget elementor-widget-spacer\" data-id=\"f8798b4\" data-element_type=\"widget\" data-widget_type=\"spacer.default\">\n\t\t\t\t<div class=\"elementor-widget-container\">\n\t\t\t\t\t<div class=\"elementor-spacer\">\n\t\t\t<div class=\"elementor-spacer-inner\"><\/div>\n\t\t<\/div>\n\t\t\t\t<\/div>\n\t\t\t\t<\/div>\n\t\t\t\t<div class=\"elementor-element elementor-element-b91f6b1 elementor-widget elementor-widget-text-editor\" data-id=\"b91f6b1\" data-element_type=\"widget\" data-widget_type=\"text-editor.default\">\n\t\t\t\t<div class=\"elementor-widget-container\">\n\t\t\t\t\t\t\t\t<p>Il Festival Lago Maggiore LetterAltura 2022 presenta, con la collaborazione di MIA Fair, Fiere di Parma e Museo del Paesaggio di Verbania, una mostra personale di Beba Stoppani. La mostra intende portare all\u2019attenzione del pubblico la problematica del cambiamento climatico e in particolare dello scioglimento dei ghiacciai attraverso il lavoro fotografico di Beba Stoppani: iniziato nel 2015 e proseguito fino allo scorso luglio, ha permesso di documentare il fenomeno allarmante di stravolgimento avanzato del paesaggio naturale montano. La mostra e il progetto si intitolano \u201c<strong><em>0\u00b0 a 5000 mt.<\/em><\/strong>\u201d, un dato inquietante, confermato in questa estate bollente, che testimonia la reale gravit\u00e0 di una situazione critica in un\u2019Europa flagellata da incendi, ondate di calore, citt\u00e0 che superano i 40\u00b0 e rischi per la salute pubblica e l\u2019ecosistema.<br \/>La mostra presenta una selezione di fotografie tratte dal progetto \u201c0\u00b0a 5000 mt\u201d, esposto precedentemente a MIA Fair, fiera internazionale d\u2019arte dedicata alla fotografia che si svolge ogni anno a Milano.<\/p><p><strong>Beba Stoppani<\/strong>, nata a Milano ma in viaggio costante, \u00e8 discendente del geologo \/ naturista \/ scrittore Antonio Stoppani, autore de\u00a0<em>Il Bel Paese \u2013 Conversazioni sulle bellezze naturali, la geologia e la geografia fisica d\u2019Italia<\/em>\u00a0(prima edizione 1876). L\u2019osservazione e l\u2019amore per le montagne vissute con afflato e compassione verso la natura sono quindi un elemento forte nella memoria familiare dell\u2019artista, che ha compiuto numerose visite ai ghiacciai alpini, raccontandone i repentini cambiamenti in senso involutivo.<\/p><p>in collaborazione con <strong>MIA Fair, Fiere di Parma<\/strong> e<strong>\u00a0Museo del Paesaggio<\/strong><\/p>\t\t\t\t\t\t<\/div>\n\t\t\t\t<\/div>\n\t\t\t\t\t<\/div>\n\t\t<\/div>\n\t\t\t\t\t\t\t<\/div>\n\t\t<\/section>\n\t\t\t\t<section class=\"elementor-section elementor-top-section elementor-element elementor-element-0c2a927 elementor-section-boxed elementor-section-height-default elementor-section-height-default\" data-id=\"0c2a927\" data-element_type=\"section\">\n\t\t\t\t\t\t<div class=\"elementor-container elementor-column-gap-default\">\n\t\t\t\t\t<div class=\"elementor-column elementor-col-100 elementor-top-column elementor-element elementor-element-3a2ccfb\" data-id=\"3a2ccfb\" data-element_type=\"column\">\n\t\t\t<div class=\"elementor-widget-wrap elementor-element-populated\">\n\t\t\t\t\t\t\t\t<div class=\"elementor-element elementor-element-e9e29bd elementor-widget elementor-widget-text-editor\" data-id=\"e9e29bd\" data-element_type=\"widget\" data-widget_type=\"text-editor.default\">\n\t\t\t\t<div class=\"elementor-widget-container\">\n\t\t\t\t\t\t\t\t<h4>La mostra \u00e8 visitabile a Villa Giulia dalle 10 alle 12 e dalle 14 alle 20. <br \/><strong>La mostra sar\u00e0 poi allestita di nuovo a Villa Simonetta nel periodo del FestivalPost e sar\u00e0 visitabile da mercoled\u00ec 26 ottobre, solo in occasione delle presentazioni di LetterAltura.<\/strong><\/h4>\t\t\t\t\t\t<\/div>\n\t\t\t\t<\/div>\n\t\t\t\t\t<\/div>\n\t\t<\/div>\n\t\t\t\t\t\t\t<\/div>\n\t\t<\/section>\n\t\t\t\t\t\t<\/div>\n\t\t\t\t\t<\/div>","protected":false},"excerpt":{"rendered":"<p>0\u00b0 a 5000 mt Anche quest&#8217;anno l&#8217;Associazione\u00a0LetterAltura\u00a0sta lavorando, intensamente e con passione, per preparare l&#8217;edizione numero 15 del Festival. \u00c8 ormai chiaro che la situazione di pandemia non sar\u00e0 alle spalle a settembre, per cui organizzeremo la rassegna, come gi\u00e0 fatto lo scorso anno, secondo procedure che ci permettano di viverla in condizioni di sicurezza. [&hellip;]<\/p>","protected":false},"author":8,"featured_media":10744,"parent":0,"menu_order":0,"comment_status":"closed","ping_status":"closed","template":"elementor_header_footer","meta":{"_acf_changed":false,"pgc_meta":"","iawp_total_views":8,"footnotes":""},"class_list":["post-10909","page","type-page","status-publish","has-post-thumbnail","hentry"],"acf":[],"pgc_meta":"","yoast_head":"<!-- This site is optimized with the Yoast SEO plugin v27.2 - https:\/\/yoast.com\/product\/yoast-seo-wordpress\/ -->\n<title>Mostra &quot;0\u00b0 a 5000 mt&quot;<\/title>\n<meta name=\"description\" content=\"Le mostre organizzate per il Festival LetterAltura 2022: &quot;0\u00b0 a 5000 mt&quot;, con le fotografie di Beba Stoppani.\" \/>\n<meta name=\"robots\" content=\"index, follow, max-snippet:-1, max-image-preview:large, max-video-preview:-1\" \/>\n<link rel=\"canonical\" href=\"https:\/\/www.associazioneletteraltura.com\/en\/mostra-0-a-5000-mt\/\" \/>\n<meta property=\"og:locale\" content=\"en_GB\" \/>\n<meta property=\"og:type\" content=\"article\" \/>\n<meta property=\"og:title\" content=\"Mostra &quot;0\u00b0 a 5000 mt&quot;\" \/>\n<meta property=\"og:description\" content=\"Le mostre organizzate per il Festival LetterAltura 2022: &quot;0\u00b0 a 5000 mt&quot;, con le fotografie di Beba Stoppani.\" \/>\n<meta property=\"og:url\" content=\"https:\/\/www.associazioneletteraltura.com\/en\/mostra-0-a-5000-mt\/\" \/>\n<meta property=\"og:site_name\" content=\"Lago Maggiore LetterAltura\" \/>\n<meta property=\"article:publisher\" content=\"https:\/\/www.facebook.com\/letteraltura\" \/>\n<meta property=\"article:modified_time\" content=\"2022-10-21T14:02:42+00:00\" \/>\n<meta property=\"og:image\" content=\"https:\/\/www.associazioneletteraltura.com\/wp-content\/uploads\/2021\/07\/328-Letteraltura_2020_1153_LR.jpg\" \/>\n\t<meta property=\"og:image:width\" content=\"1444\" \/>\n\t<meta property=\"og:image:height\" content=\"964\" \/>\n\t<meta property=\"og:image:type\" content=\"image\/jpeg\" \/>\n<meta name=\"twitter:card\" content=\"summary_large_image\" \/>\n<meta name=\"twitter:label1\" content=\"Estimated reading time\" \/>\n\t<meta name=\"twitter:data1\" content=\"3 minutes\" \/>\n<script type=\"application\/ld+json\" class=\"yoast-schema-graph\">{\"@context\":\"https:\/\/schema.org\",\"@graph\":[{\"@type\":\"WebPage\",\"@id\":\"https:\/\/www.associazioneletteraltura.com\/mostra-0-a-5000-mt\/\",\"url\":\"https:\/\/www.associazioneletteraltura.com\/mostra-0-a-5000-mt\/\",\"name\":\"Mostra \\\"0\u00b0 a 5000 mt\\\"\",\"isPartOf\":{\"@id\":\"https:\/\/www.associazioneletteraltura.com\/#website\"},\"primaryImageOfPage\":{\"@id\":\"https:\/\/www.associazioneletteraltura.com\/mostra-0-a-5000-mt\/#primaryimage\"},\"image\":{\"@id\":\"https:\/\/www.associazioneletteraltura.com\/mostra-0-a-5000-mt\/#primaryimage\"},\"thumbnailUrl\":\"https:\/\/www.associazioneletteraltura.com\/wp-content\/uploads\/2022\/09\/1-Beba-stoppani_Pietas-1-2015-Pigmented-True-Black-Fine-Art-Giclee-Dbond-woodcm-90x120-1-scaled.jpg\",\"datePublished\":\"2022-09-08T15:19:16+00:00\",\"dateModified\":\"2022-10-21T14:02:42+00:00\",\"description\":\"Le mostre organizzate per il Festival LetterAltura 2022: \\\"0\u00b0 a 5000 mt\\\", con le fotografie di Beba Stoppani.\",\"breadcrumb\":{\"@id\":\"https:\/\/www.associazioneletteraltura.com\/mostra-0-a-5000-mt\/#breadcrumb\"},\"inLanguage\":\"en-GB\",\"potentialAction\":[{\"@type\":\"ReadAction\",\"target\":[\"https:\/\/www.associazioneletteraltura.com\/mostra-0-a-5000-mt\/\"]}]},{\"@type\":\"ImageObject\",\"inLanguage\":\"en-GB\",\"@id\":\"https:\/\/www.associazioneletteraltura.com\/mostra-0-a-5000-mt\/#primaryimage\",\"url\":\"https:\/\/www.associazioneletteraltura.com\/wp-content\/uploads\/2022\/09\/1-Beba-stoppani_Pietas-1-2015-Pigmented-True-Black-Fine-Art-Giclee-Dbond-woodcm-90x120-1-scaled.jpg\",\"contentUrl\":\"https:\/\/www.associazioneletteraltura.com\/wp-content\/uploads\/2022\/09\/1-Beba-stoppani_Pietas-1-2015-Pigmented-True-Black-Fine-Art-Giclee-Dbond-woodcm-90x120-1-scaled.jpg\",\"width\":1600,\"height\":1199},{\"@type\":\"BreadcrumbList\",\"@id\":\"https:\/\/www.associazioneletteraltura.com\/mostra-0-a-5000-mt\/#breadcrumb\",\"itemListElement\":[{\"@type\":\"ListItem\",\"position\":1,\"name\":\"Home\",\"item\":\"https:\/\/www.associazioneletteraltura.com\/\"},{\"@type\":\"ListItem\",\"position\":2,\"name\":\"Mostra &#8220;0\u00b0 a 5000 mt&#8221;\"}]},{\"@type\":\"WebSite\",\"@id\":\"https:\/\/www.associazioneletteraltura.com\/#website\",\"url\":\"https:\/\/www.associazioneletteraltura.com\/\",\"name\":\"Lago Maggiore LetterAltura\",\"description\":\"Festival di letteratura di montagna, viaggio, avventura\",\"publisher\":{\"@id\":\"https:\/\/www.associazioneletteraltura.com\/#organization\"},\"potentialAction\":[{\"@type\":\"SearchAction\",\"target\":{\"@type\":\"EntryPoint\",\"urlTemplate\":\"https:\/\/www.associazioneletteraltura.com\/?s={search_term_string}\"},\"query-input\":{\"@type\":\"PropertyValueSpecification\",\"valueRequired\":true,\"valueName\":\"search_term_string\"}}],\"inLanguage\":\"en-GB\"},{\"@type\":\"Organization\",\"@id\":\"https:\/\/www.associazioneletteraltura.com\/#organization\",\"name\":\"Associazione Letteraltura\",\"url\":\"https:\/\/www.associazioneletteraltura.com\/\",\"logo\":{\"@type\":\"ImageObject\",\"inLanguage\":\"en-GB\",\"@id\":\"https:\/\/www.associazioneletteraltura.com\/#\/schema\/logo\/image\/\",\"url\":\"https:\/\/www.associazioneletteraltura.com\/wp-content\/uploads\/2021\/07\/Logo-Letteraltura.png\",\"contentUrl\":\"https:\/\/www.associazioneletteraltura.com\/wp-content\/uploads\/2021\/07\/Logo-Letteraltura.png\",\"width\":574,\"height\":638,\"caption\":\"Associazione Letteraltura\"},\"image\":{\"@id\":\"https:\/\/www.associazioneletteraltura.com\/#\/schema\/logo\/image\/\"},\"sameAs\":[\"https:\/\/www.facebook.com\/letteraltura\",\"https:\/\/www.instagram.com\/letteraltura\/\",\"https:\/\/www.youtube.com\/channel\/UC5lvGPMQnpDPQ5stsVk2x6w\"]}]}<\/script>\n<!-- \/ Yoast SEO plugin. -->","yoast_head_json":{"title":"Mostra \"0\u00b0 a 5000 mt\"","description":"Le mostre organizzate per il Festival LetterAltura 2022: \"0\u00b0 a 5000 mt\", con le fotografie di Beba Stoppani.","robots":{"index":"index","follow":"follow","max-snippet":"max-snippet:-1","max-image-preview":"max-image-preview:large","max-video-preview":"max-video-preview:-1"},"canonical":"https:\/\/www.associazioneletteraltura.com\/en\/mostra-0-a-5000-mt\/","og_locale":"en_GB","og_type":"article","og_title":"Mostra \"0\u00b0 a 5000 mt\"","og_description":"Le mostre organizzate per il Festival LetterAltura 2022: \"0\u00b0 a 5000 mt\", con le fotografie di Beba Stoppani.","og_url":"https:\/\/www.associazioneletteraltura.com\/en\/mostra-0-a-5000-mt\/","og_site_name":"Lago Maggiore LetterAltura","article_publisher":"https:\/\/www.facebook.com\/letteraltura","article_modified_time":"2022-10-21T14:02:42+00:00","og_image":[{"width":1444,"height":964,"url":"https:\/\/www.associazioneletteraltura.com\/wp-content\/uploads\/2021\/07\/328-Letteraltura_2020_1153_LR.jpg","type":"image\/jpeg"}],"twitter_card":"summary_large_image","twitter_misc":{"Estimated reading time":"3 minutes"},"schema":{"@context":"https:\/\/schema.org","@graph":[{"@type":"WebPage","@id":"https:\/\/www.associazioneletteraltura.com\/mostra-0-a-5000-mt\/","url":"https:\/\/www.associazioneletteraltura.com\/mostra-0-a-5000-mt\/","name":"Mostra \"0\u00b0 a 5000 mt\"","isPartOf":{"@id":"https:\/\/www.associazioneletteraltura.com\/#website"},"primaryImageOfPage":{"@id":"https:\/\/www.associazioneletteraltura.com\/mostra-0-a-5000-mt\/#primaryimage"},"image":{"@id":"https:\/\/www.associazioneletteraltura.com\/mostra-0-a-5000-mt\/#primaryimage"},"thumbnailUrl":"https:\/\/www.associazioneletteraltura.com\/wp-content\/uploads\/2022\/09\/1-Beba-stoppani_Pietas-1-2015-Pigmented-True-Black-Fine-Art-Giclee-Dbond-woodcm-90x120-1-scaled.jpg","datePublished":"2022-09-08T15:19:16+00:00","dateModified":"2022-10-21T14:02:42+00:00","description":"Le mostre organizzate per il Festival LetterAltura 2022: \"0\u00b0 a 5000 mt\", con le fotografie di Beba Stoppani.","breadcrumb":{"@id":"https:\/\/www.associazioneletteraltura.com\/mostra-0-a-5000-mt\/#breadcrumb"},"inLanguage":"en-GB","potentialAction":[{"@type":"ReadAction","target":["https:\/\/www.associazioneletteraltura.com\/mostra-0-a-5000-mt\/"]}]},{"@type":"ImageObject","inLanguage":"en-GB","@id":"https:\/\/www.associazioneletteraltura.com\/mostra-0-a-5000-mt\/#primaryimage","url":"https:\/\/www.associazioneletteraltura.com\/wp-content\/uploads\/2022\/09\/1-Beba-stoppani_Pietas-1-2015-Pigmented-True-Black-Fine-Art-Giclee-Dbond-woodcm-90x120-1-scaled.jpg","contentUrl":"https:\/\/www.associazioneletteraltura.com\/wp-content\/uploads\/2022\/09\/1-Beba-stoppani_Pietas-1-2015-Pigmented-True-Black-Fine-Art-Giclee-Dbond-woodcm-90x120-1-scaled.jpg","width":1600,"height":1199},{"@type":"BreadcrumbList","@id":"https:\/\/www.associazioneletteraltura.com\/mostra-0-a-5000-mt\/#breadcrumb","itemListElement":[{"@type":"ListItem","position":1,"name":"Home","item":"https:\/\/www.associazioneletteraltura.com\/"},{"@type":"ListItem","position":2,"name":"Mostra &#8220;0\u00b0 a 5000 mt&#8221;"}]},{"@type":"WebSite","@id":"https:\/\/www.associazioneletteraltura.com\/#website","url":"https:\/\/www.associazioneletteraltura.com\/","name":"Lago Maggiore LetterAltura","description":"Festival di letteratura di montagna, viaggio, avventura","publisher":{"@id":"https:\/\/www.associazioneletteraltura.com\/#organization"},"potentialAction":[{"@type":"SearchAction","target":{"@type":"EntryPoint","urlTemplate":"https:\/\/www.associazioneletteraltura.com\/?s={search_term_string}"},"query-input":{"@type":"PropertyValueSpecification","valueRequired":true,"valueName":"search_term_string"}}],"inLanguage":"en-GB"},{"@type":"Organization","@id":"https:\/\/www.associazioneletteraltura.com\/#organization","name":"Associazione Letteraltura","url":"https:\/\/www.associazioneletteraltura.com\/","logo":{"@type":"ImageObject","inLanguage":"en-GB","@id":"https:\/\/www.associazioneletteraltura.com\/#\/schema\/logo\/image\/","url":"https:\/\/www.associazioneletteraltura.com\/wp-content\/uploads\/2021\/07\/Logo-Letteraltura.png","contentUrl":"https:\/\/www.associazioneletteraltura.com\/wp-content\/uploads\/2021\/07\/Logo-Letteraltura.png","width":574,"height":638,"caption":"Associazione Letteraltura"},"image":{"@id":"https:\/\/www.associazioneletteraltura.com\/#\/schema\/logo\/image\/"},"sameAs":["https:\/\/www.facebook.com\/letteraltura","https:\/\/www.instagram.com\/letteraltura\/","https:\/\/www.youtube.com\/channel\/UC5lvGPMQnpDPQ5stsVk2x6w"]}]}},"jetpack_sharing_enabled":true,"_links":{"self":[{"href":"https:\/\/www.associazioneletteraltura.com\/en\/wp-json\/wp\/v2\/pages\/10909","targetHints":{"allow":["GET"]}}],"collection":[{"href":"https:\/\/www.associazioneletteraltura.com\/en\/wp-json\/wp\/v2\/pages"}],"about":[{"href":"https:\/\/www.associazioneletteraltura.com\/en\/wp-json\/wp\/v2\/types\/page"}],"author":[{"embeddable":true,"href":"https:\/\/www.associazioneletteraltura.com\/en\/wp-json\/wp\/v2\/users\/8"}],"replies":[{"embeddable":true,"href":"https:\/\/www.associazioneletteraltura.com\/en\/wp-json\/wp\/v2\/comments?post=10909"}],"version-history":[{"count":13,"href":"https:\/\/www.associazioneletteraltura.com\/en\/wp-json\/wp\/v2\/pages\/10909\/revisions"}],"predecessor-version":[{"id":11290,"href":"https:\/\/www.associazioneletteraltura.com\/en\/wp-json\/wp\/v2\/pages\/10909\/revisions\/11290"}],"wp:featuredmedia":[{"embeddable":true,"href":"https:\/\/www.associazioneletteraltura.com\/en\/wp-json\/wp\/v2\/media\/10744"}],"wp:attachment":[{"href":"https:\/\/www.associazioneletteraltura.com\/en\/wp-json\/wp\/v2\/media?parent=10909"}],"curies":[{"name":"wp","href":"https:\/\/api.w.org\/{rel}","templated":true}]}}